{"id":7551,"date":"2025-02-18T11:44:26","date_gmt":"2025-02-18T10:44:26","guid":{"rendered":"https:\/\/wiejskieprzysmaki.estima.site\/produkt\/barszcz-czerwony-bezglutenowy-koncentrat-280-ml-krokus\/"},"modified":"2025-02-18T11:44:34","modified_gmt":"2025-02-18T10:44:34","slug":"barszcz-czerwony-bezglutenowy-koncentrat-280-ml-krokus","status":"publish","type":"product","link":"https:\/\/wiejskieprzysmaki.estima.site\/en\/product\/barszcz-czerwony-bezglutenowy-koncentrat-280-ml-krokus\/","title":{"rendered":"BARSZCZ CZERWONY BEZGLUTENOWY KONCENTRAT 280 ml &#8211; KROKUS"},"content":{"rendered":"<p>SK\u0141ADNIKI<br \/>Sok z burak\u00f3w \u0107wik\u0142owych NFC (56 %), zag\u0119szczony sok z burak\u00f3w \u0107wik\u0142owych 65 % (41%), cebula, kwas mlekowy -regulator kwasowo\u015bci, czosnek, li\u015b\u0107 laurowy, ziele angielskie.<\/p>\n<p>WARTO\u015a\u0106 OD\u017bYWCZA W 100 g <br \/>Warto\u015b\u0107 energetyczna: 597 kJ \/ 140 kcal;  <br \/>T\u0142uszcz: 0 g;  <br \/>w tym kwasy t\u0142uszczowe nasycone: 0 g;  <br \/>W\u0119glowodany: 33 g;  <br \/>w tym cukry: 29 g;  <br \/>Bia\u0142ko: 2,1 g;  <br \/>S\u00f3l: 1,4 g;<\/p>\n<p>ZALECANE WARUNKI PRZECHOWYWANIA  <br \/>Przechowywa\u0107 w temperaturze  od 0 \u00b0C do 30 \u00b0C.<\/p>","protected":false},"excerpt":{"rendered":"<p>SK\u0141ADNIKISok z burak\u00f3w \u0107wik\u0142owych NFC (56 %), zag\u0119szczony sok z burak\u00f3w \u0107wik\u0142owych 65 % (41%), cebula, kwas mlekowy -regulator kwasowo\u015bci, czosnek, li\u015b\u0107 laurowy, ziele angielskie. WARTO\u015a\u0106 OD\u017bYWCZA W 100 g Warto\u015b\u0107 energetyczna: 597 kJ \/ 140 kcal; T\u0142uszcz: 0 g; w tym kwasy t\u0142uszczowe nasycone: 0 g; W\u0119glowodany: 33 g; w tym cukry: 29 g; [&hellip;]<\/p>","protected":false},"featured_media":7552,"comment_status":"closed","ping_status":"open","template":"","meta":{"_acf_changed":false},"product_brand":[],"product_cat":[1139],"product_tag":[],"class_list":{"0":"post-7551","1":"product","2":"type-product","3":"status-publish","4":"has-post-thumbnail","6":"product_cat-dania-gotowe","7":"pa_ean-matka-5913","8":"pa_gwarancja-przydatnosci-522","9":"pa_ilosc-w-opakowaniu-298","10":"pa_jednostka-podstawowa-szt","11":"pa_kod-cn-2104-10-00","12":"pa_kraj-pochodzenia-skladnikow-polska","13":"pa_objetosc-brutto-906","14":"pa_objetosc-netto-1198","15":"pa_producent-krokus-przetwory-owocowe-i-warzywne","16":"pa_producent-nazwa-adres-krokus-przetwornia-owocow-i-warzyw-czeslaw-caryk-sp-j-pajakow-25-b-26-704-przylek","17":"pa_tagi-bez-cukru-w-skladnikach","18":"pa_tagi-bez-glutenu-deklaracja","19":"pa_tagi-bez-glutenu-w-skladnikach","20":"pa_tagi-weganski","21":"pa_tagi-wegetarianski","23":"first","24":"instock","25":"taxable","26":"shipping-taxable","27":"purchasable","28":"product-type-simple"},"acf":[],"_links":{"self":[{"href":"https:\/\/wiejskieprzysmaki.estima.site\/en\/wp-json\/wp\/v2\/product\/7551","targetHints":{"allow":["GET"]}}],"collection":[{"href":"https:\/\/wiejskieprzysmaki.estima.site\/en\/wp-json\/wp\/v2\/product"}],"about":[{"href":"https:\/\/wiejskieprzysmaki.estima.site\/en\/wp-json\/wp\/v2\/types\/product"}],"replies":[{"embeddable":true,"href":"https:\/\/wiejskieprzysmaki.estima.site\/en\/wp-json\/wp\/v2\/comments?post=7551"}],"wp:featuredmedia":[{"embeddable":true,"href":"https:\/\/wiejskieprzysmaki.estima.site\/en\/wp-json\/wp\/v2\/media\/7552"}],"wp:attachment":[{"href":"https:\/\/wiejskieprzysmaki.estima.site\/en\/wp-json\/wp\/v2\/media?parent=7551"}],"wp:term":[{"taxonomy":"product_brand","embeddable":true,"href":"https:\/\/wiejskieprzysmaki.estima.site\/en\/wp-json\/wp\/v2\/product_brand?post=7551"},{"taxonomy":"product_cat","embeddable":true,"href":"https:\/\/wiejskieprzysmaki.estima.site\/en\/wp-json\/wp\/v2\/product_cat?post=7551"},{"taxonomy":"product_tag","embeddable":true,"href":"https:\/\/wiejskieprzysmaki.estima.site\/en\/wp-json\/wp\/v2\/product_tag?post=7551"}],"curies":[{"name":"wp","href":"https:\/\/api.w.org\/{rel}","templated":true}]}}