{"id":7574,"date":"2025-02-18T11:45:06","date_gmt":"2025-02-18T10:45:06","guid":{"rendered":"https:\/\/wiejskieprzysmaki.estima.site\/produkt\/chipsy-warzywne-solone-bezglutenowe-bio-90-g-bio-zentrale\/"},"modified":"2025-02-18T11:45:07","modified_gmt":"2025-02-18T10:45:07","slug":"chipsy-warzywne-solone-bezglutenowe-bio-90-g-bio-zentrale","status":"publish","type":"product","link":"https:\/\/wiejskieprzysmaki.estima.site\/en\/product\/chipsy-warzywne-solone-bezglutenowe-bio-90-g-bio-zentrale\/","title":{"rendered":"CHIPSY WARZYWNE SOLONE BEZGLUTENOWE BIO 90 g &#8211; BIO ZENTRALE"},"content":{"rendered":"<p>SK\u0141ADNIKI<br \/>warzywa* 62 % (pasternak*, burak*, marchew*, s\u0142odki ziemniak*, w zmiennych proporcjach), olej s\u0142onecznikowy*, s\u00f3l morska 1 %. (*certyfikowany sk\u0142adnik ekologiczny) <\/p>\n<p>OPIS<br \/>Pakowano w atmosferze ochronnej.<\/p>\n<p>WARTO\u015a\u0106 OD\u017bYWCZA W 100 g <br \/>Warto\u015b\u0107 energetyczna: 2124 kJ\/512 kcal <br \/>T\u0142uszcz: 37 g <br \/>w tym kwasy t\u0142uszczowe nasycone: 3,2 g<br \/>W\u0119glowodany: 32 g <br \/>w tym cukry: 20 g <br \/>B\u0142onnik: 13 g<br \/>Bia\u0142ko: 5,1 g <br \/>S\u00f3l: 1,24 g <\/p>\n<p>ZALECANE WARUNKI PRZECHOWYWANIA<br \/>Przechowywa\u0107 z dala od ciep\u0142a i wilgotno\u015bci.<\/p>","protected":false},"excerpt":{"rendered":"<p>SK\u0141ADNIKIwarzywa* 62 % (pasternak*, burak*, marchew*, s\u0142odki ziemniak*, w zmiennych proporcjach), olej s\u0142onecznikowy*, s\u00f3l morska 1 %. (*certyfikowany sk\u0142adnik ekologiczny) OPISPakowano w atmosferze ochronnej. WARTO\u015a\u0106 OD\u017bYWCZA W 100 g Warto\u015b\u0107 energetyczna: 2124 kJ\/512 kcal T\u0142uszcz: 37 g w tym kwasy t\u0142uszczowe nasycone: 3,2 gW\u0119glowodany: 32 g w tym cukry: 20 g B\u0142onnik: 13 gBia\u0142ko: 5,1 [&hellip;]<\/p>","protected":false},"featured_media":7575,"comment_status":"closed","ping_status":"open","template":"","meta":{"_acf_changed":false},"product_brand":[],"product_cat":[422,139],"product_tag":[],"class_list":{"0":"post-7574","1":"product","2":"type-product","3":"status-publish","4":"has-post-thumbnail","6":"product_cat-chipsy-chrupki-popcorn","7":"product_cat-slodycze-i-przekaski","8":"pa_ean-matka-5934","9":"pa_gwarancja-przydatnosci-535","10":"pa_ilosc-w-opakowaniu-298","11":"pa_jednostka-podstawowa-szt","12":"pa_kod-cn-2005-99-50","13":"pa_masa-netto-2520","14":"pa_objetosc-brutto-5933","15":"pa_producent-bio-zentrale-produkty-spozywcze","16":"pa_producent-nazwa-adres-bio-zentrale-naturprodukte-gmbh-holzmuhlenweg-4-d-84384-wittibreut-ulbering","17":"pa_tagi-bez-cukru-w-skladnikach","18":"pa_tagi-bez-glutenu-deklaracja","19":"pa_tagi-bez-glutenu-w-skladnikach","20":"pa_tagi-certyfikat-bio","21":"pa_tagi-weganski","22":"pa_tagi-wegetarianski","24":"first","25":"instock","26":"taxable","27":"shipping-taxable","28":"purchasable","29":"product-type-simple"},"acf":[],"_links":{"self":[{"href":"https:\/\/wiejskieprzysmaki.estima.site\/en\/wp-json\/wp\/v2\/product\/7574","targetHints":{"allow":["GET"]}}],"collection":[{"href":"https:\/\/wiejskieprzysmaki.estima.site\/en\/wp-json\/wp\/v2\/product"}],"about":[{"href":"https:\/\/wiejskieprzysmaki.estima.site\/en\/wp-json\/wp\/v2\/types\/product"}],"replies":[{"embeddable":true,"href":"https:\/\/wiejskieprzysmaki.estima.site\/en\/wp-json\/wp\/v2\/comments?post=7574"}],"wp:featuredmedia":[{"embeddable":true,"href":"https:\/\/wiejskieprzysmaki.estima.site\/en\/wp-json\/wp\/v2\/media\/7575"}],"wp:attachment":[{"href":"https:\/\/wiejskieprzysmaki.estima.site\/en\/wp-json\/wp\/v2\/media?parent=7574"}],"wp:term":[{"taxonomy":"product_brand","embeddable":true,"href":"https:\/\/wiejskieprzysmaki.estima.site\/en\/wp-json\/wp\/v2\/product_brand?post=7574"},{"taxonomy":"product_cat","embeddable":true,"href":"https:\/\/wiejskieprzysmaki.estima.site\/en\/wp-json\/wp\/v2\/product_cat?post=7574"},{"taxonomy":"product_tag","embeddable":true,"href":"https:\/\/wiejskieprzysmaki.estima.site\/en\/wp-json\/wp\/v2\/product_tag?post=7574"}],"curies":[{"name":"wp","href":"https:\/\/api.w.org\/{rel}","templated":true}]}}