{"id":7576,"date":"2025-02-18T11:45:06","date_gmt":"2025-02-18T10:45:06","guid":{"rendered":"https:\/\/wiejskieprzysmaki.estima.site\/produkt\/ketchup-dla-dzieci-bezglutenowy-bio-500-ml-bio-zentrale-biokids\/"},"modified":"2025-02-18T11:45:10","modified_gmt":"2025-02-18T10:45:10","slug":"ketchup-dla-dzieci-bezglutenowy-bio-500-ml-bio-zentrale-biokids","status":"publish","type":"product","link":"https:\/\/wiejskieprzysmaki.estima.site\/en\/product\/ketchup-dla-dzieci-bezglutenowy-bio-500-ml-bio-zentrale-biokids\/","title":{"rendered":"KETCHUP DLA DZIECI BEZGLUTENOWY BIO 500 ml &#8211; BIO ZENTRALE (BIOKIDS)"},"content":{"rendered":"<p>SK\u0141ADNIKI <br \/>koncentrat pomidorowy* 75 %, syrop z agawy* 15 %, ocet spirytusowy*, s\u00f3l kamienna, skrobia kukurydziana*, przyprawy*. (* certyfikowany sk\u0142adnik ekologiczny) <\/p>\n<p>OPIS<br \/>Przed otwarciem wstrz\u0105sn\u0105\u0107.<\/p>\n<p>WARTO\u015a\u0106 OD\u017bYWCZA W 100 ml <br \/>Warto\u015b\u0107 energetyczna: 388 kJ\/91 kcal <br \/>T\u0142uszcz: <0,5 g <br \/>w tym kwasy t\u0142uszczowe nasycone: <0,1 g<br \/>W\u0119glowodany: 19 g <br \/>w tym cukry: 17 g<br \/>Bia\u0142ko: 1,8 g <br \/>S\u00f3l: 2,3 g <\/p>\n<p>ZALECANE WARUNKI PRZECHOWYWANIA<br \/>Po otwarciu przechowywa\u0107 w lod\u00f3wce i spo\u017cy\u0107 w ci\u0105gu 6 tygodni.<\/p>","protected":false},"excerpt":{"rendered":"<p>SK\u0141ADNIKI koncentrat pomidorowy* 75 %, syrop z agawy* 15 %, ocet spirytusowy*, s\u00f3l kamienna, skrobia kukurydziana*, przyprawy*. (* certyfikowany sk\u0142adnik ekologiczny) OPISPrzed otwarciem wstrz\u0105sn\u0105\u0107. WARTO\u015a\u0106 OD\u017bYWCZA W 100 ml Warto\u015b\u0107 energetyczna: 388 kJ\/91 kcal T\u0142uszcz:<\/p>","protected":false},"featured_media":7577,"comment_status":"closed","ping_status":"open","template":"","meta":{"_acf_changed":false},"product_brand":[],"product_cat":[95,94],"product_tag":[],"class_list":{"0":"post-7576","1":"product","2":"type-product","3":"status-publish","4":"has-post-thumbnail","6":"product_cat-ketchupy-koncentraty-sosy-pomidorowe","7":"product_cat-sosy","8":"pa_ean-matka-5936","9":"pa_gwarancja-przydatnosci-535","10":"pa_ilosc-w-opakowaniu-374","11":"pa_jednostka-podstawowa-szt","12":"pa_kod-cn-2103-20-00","13":"pa_objetosc-brutto-5935","14":"pa_objetosc-netto-376","15":"pa_producent-bio-zentrale-produkty-spozywcze","16":"pa_producent-nazwa-adres-bio-zentrale-naturprodukte-gmbh-holzmuhlenweg-4-d-84384-wittibreut-ulbering","17":"pa_tagi-bez-glutenu-deklaracja","18":"pa_tagi-bez-glutenu-w-skladnikach","19":"pa_tagi-certyfikat-bio","20":"pa_tagi-weganski","21":"pa_tagi-wegetarianski","23":"first","24":"instock","25":"taxable","26":"shipping-taxable","27":"purchasable","28":"product-type-simple"},"acf":[],"_links":{"self":[{"href":"https:\/\/wiejskieprzysmaki.estima.site\/en\/wp-json\/wp\/v2\/product\/7576","targetHints":{"allow":["GET"]}}],"collection":[{"href":"https:\/\/wiejskieprzysmaki.estima.site\/en\/wp-json\/wp\/v2\/product"}],"about":[{"href":"https:\/\/wiejskieprzysmaki.estima.site\/en\/wp-json\/wp\/v2\/types\/product"}],"replies":[{"embeddable":true,"href":"https:\/\/wiejskieprzysmaki.estima.site\/en\/wp-json\/wp\/v2\/comments?post=7576"}],"wp:featuredmedia":[{"embeddable":true,"href":"https:\/\/wiejskieprzysmaki.estima.site\/en\/wp-json\/wp\/v2\/media\/7577"}],"wp:attachment":[{"href":"https:\/\/wiejskieprzysmaki.estima.site\/en\/wp-json\/wp\/v2\/media?parent=7576"}],"wp:term":[{"taxonomy":"product_brand","embeddable":true,"href":"https:\/\/wiejskieprzysmaki.estima.site\/en\/wp-json\/wp\/v2\/product_brand?post=7576"},{"taxonomy":"product_cat","embeddable":true,"href":"https:\/\/wiejskieprzysmaki.estima.site\/en\/wp-json\/wp\/v2\/product_cat?post=7576"},{"taxonomy":"product_tag","embeddable":true,"href":"https:\/\/wiejskieprzysmaki.estima.site\/en\/wp-json\/wp\/v2\/product_tag?post=7576"}],"curies":[{"name":"wp","href":"https:\/\/api.w.org\/{rel}","templated":true}]}}