{"id":7580,"date":"2025-02-18T11:45:06","date_gmt":"2025-02-18T10:45:06","guid":{"rendered":"https:\/\/wiejskieprzysmaki.estima.site\/produkt\/kawa-mielona-arabica-100-selection-bio-250-g-destination\/"},"modified":"2025-02-20T15:23:53","modified_gmt":"2025-02-20T14:23:53","slug":"kawa-mielona-arabica-100-selection-bio-250-g-destination","status":"publish","type":"product","link":"https:\/\/wiejskieprzysmaki.estima.site\/en\/product\/kawa-mielona-arabica-100-selection-bio-250-g-destination\/","title":{"rendered":"KAWA MIELONA ARABICA 100 % SELECTION BIO 250 g &#8211; DESTINATION"},"content":{"rendered":"<p>SK\u0141ADNIKI<br \/>ekologiczna kawa arabica 100 % <\/p>\n<p>OPIS<br \/>Wyselekcjonowana mieszanka czystej, ekologicznej mielonej kawy Arabica.<br \/>Sk\u0142ada si\u0119 wy\u0142\u0105cznie ze 100 % organicznej kawy Arabica bez \u017cadnych dodatk\u00f3w. Palona bardzo powoli, by uwolni\u0107 maksymalnie aromatyczny smak. Drzewka, z kt\u00f3rych zebrane zostaj\u0105 nasiona kawy rosn\u0105 wysoko na wulkanicznych glebach. To pozwala uwolni\u0107 im bogactwo aromat\u00f3w.<br \/>Pochodzenie: Ameryka Po\u0142udniowa i \u015arodkowa. Uprawiana na zboczach And\u00f3w.<br \/>Intensywno\u015b\u0107: 7\/10<\/p>\n<p>SPOS\u00d3B PRZYGOTOWANIA<br \/>Do fili\u017canki wsypa\u0107 7-10 g kawy i zala\u0107 wrz\u0105c\u0105 wod\u0105.<\/p>\n<p>ZALECANE WARUNKI PRZECHOWYWANIA<br \/>Przechowywa\u0107 w suchym i ch\u0142odnym miejscu. Po otwarciu najlepiej przechowywa\u0107 kaw\u0119 szczelnie zamkni\u0119t\u0105 w dolnej cz\u0119\u015bci lod\u00f3wki.<\/p>","protected":false},"excerpt":{"rendered":"<p>SK\u0141ADNIKIekologiczna kawa arabica 100 % OPISWyselekcjonowana mieszanka czystej, ekologicznej mielonej kawy Arabica.Sk\u0142ada si\u0119 wy\u0142\u0105cznie ze 100 % organicznej kawy Arabica bez \u017cadnych dodatk\u00f3w. Palona bardzo powoli, by uwolni\u0107 maksymalnie aromatyczny smak. Drzewka, z kt\u00f3rych zebrane zostaj\u0105 nasiona kawy rosn\u0105 wysoko na wulkanicznych glebach. To pozwala uwolni\u0107 im bogactwo aromat\u00f3w.Pochodzenie: Ameryka Po\u0142udniowa i \u015arodkowa. Uprawiana na [&hellip;]<\/p>","protected":false},"featured_media":7581,"comment_status":"closed","ping_status":"open","template":"","meta":{"_acf_changed":false},"product_brand":[],"product_cat":[897],"product_tag":[],"class_list":{"0":"post-7580","1":"product","2":"type-product","3":"status-publish","4":"has-post-thumbnail","6":"product_cat-kawa-i-kakao","7":"pa_ean-matka-5940","8":"pa_gwarancja-przydatnosci-522","9":"pa_ilosc-w-opakowaniu-374","10":"pa_jednostka-podstawowa-szt","11":"pa_kod-cn-0901-21-00","12":"pa_masa-netto-480","13":"pa_objetosc-brutto-368","14":"pa_producent-destination-kawy","15":"pa_producent-nazwa-adres-destination-5-11-rue-yves-glotin-33083-bordeaux-francja","16":"pa_tagi-bez-cukru-w-skladnikach","17":"pa_tagi-bez-glutenu-w-skladnikach","18":"pa_tagi-certyfikat-bio","19":"pa_tagi-weganski","20":"pa_tagi-wegetarianski","22":"first","23":"instock","24":"taxable","25":"shipping-taxable","26":"purchasable","27":"product-type-simple"},"acf":[],"_links":{"self":[{"href":"https:\/\/wiejskieprzysmaki.estima.site\/en\/wp-json\/wp\/v2\/product\/7580","targetHints":{"allow":["GET"]}}],"collection":[{"href":"https:\/\/wiejskieprzysmaki.estima.site\/en\/wp-json\/wp\/v2\/product"}],"about":[{"href":"https:\/\/wiejskieprzysmaki.estima.site\/en\/wp-json\/wp\/v2\/types\/product"}],"replies":[{"embeddable":true,"href":"https:\/\/wiejskieprzysmaki.estima.site\/en\/wp-json\/wp\/v2\/comments?post=7580"}],"wp:featuredmedia":[{"embeddable":true,"href":"https:\/\/wiejskieprzysmaki.estima.site\/en\/wp-json\/wp\/v2\/media\/7581"}],"wp:attachment":[{"href":"https:\/\/wiejskieprzysmaki.estima.site\/en\/wp-json\/wp\/v2\/media?parent=7580"}],"wp:term":[{"taxonomy":"product_brand","embeddable":true,"href":"https:\/\/wiejskieprzysmaki.estima.site\/en\/wp-json\/wp\/v2\/product_brand?post=7580"},{"taxonomy":"product_cat","embeddable":true,"href":"https:\/\/wiejskieprzysmaki.estima.site\/en\/wp-json\/wp\/v2\/product_cat?post=7580"},{"taxonomy":"product_tag","embeddable":true,"href":"https:\/\/wiejskieprzysmaki.estima.site\/en\/wp-json\/wp\/v2\/product_tag?post=7580"}],"curies":[{"name":"wp","href":"https:\/\/api.w.org\/{rel}","templated":true}]}}