{"id":760,"date":"2025-02-18T10:31:39","date_gmt":"2025-02-18T09:31:39","guid":{"rendered":"https:\/\/wiejskieprzysmaki.estima.site\/produkt\/bulion-kostki-warzywne-bez-dodatku-cukrow-i-drozdzy-bio-8-x-105-g-84-g-natur-compagnie\/"},"modified":"2025-02-18T10:31:46","modified_gmt":"2025-02-18T09:31:46","slug":"bulion-kostki-warzywne-bez-dodatku-cukrow-i-drozdzy-bio-8-x-105-g-84-g-natur-compagnie","status":"publish","type":"product","link":"https:\/\/wiejskieprzysmaki.estima.site\/en\/product\/bulion-kostki-warzywne-bez-dodatku-cukrow-i-drozdzy-bio-8-x-105-g-84-g-natur-compagnie\/","title":{"rendered":"BULION &#8211; KOSTKI WARZYWNE BEZ DODATKU CUKR\u00d3W I DRO\u017bD\u017bY BIO (8 x 10,5 g) 84 g &#8211; NATUR COMPAGNIE"},"content":{"rendered":"<p>SK\u0141ADNIKI  <br \/>s\u00f3l morska, t\u0142uszcz shea*, warzywa* (16,2 %) (marchew* (4,8 %), cebula* (3,2 %), pasternak*, por*, pomidory*, dynia*), skrobia kukurydziana*, skoncentrowany sok warzywny* (marchew*, cebula*), olej s\u0142onecznikowy*, zio\u0142a* (li\u015b\u0107 lubczyku*, li\u015b\u0107 laurowy*), przyprawy* (pieprz*, kurkuma*, korze\u0144 lubczyku*, ga\u0142ka muszkato\u0142owa*, nasiona kopru w\u0142oskiego*), czosnek*. (*certyfikowany sk\u0142adnik ekologiczny)<\/p>\n<p>SPOS\u00d3B PRZYGOTOWANIA  <br \/>Rozpu\u015bci\u0107 kostk\u0119 w 1\/2 litra wrz\u0105cej wody lub doda\u0107 w trakcie gotowania.  <\/p>\n<p>WARTO\u015a\u0106 OD\u017bYWCZA W 100 g przygotowanego bulionu<br \/>Warto\u015b\u0107 energetyczna: 25 kJ\/6 kcal  <br \/>T\u0142uszcz: 0,5 g  <br \/>w tym kwasy t\u0142uszczowe nasycone: 0,2 g  <br \/>W\u0119glowodany: 0,3 g  <br \/>w tym cukry: 0,1 g  <br \/>Bia\u0142ko: 0,1 g  <br \/>S\u00f3l: 1,0 g<\/p>\n<p>INFORMACJA ALERGENNA  <br \/>Mo\u017ce zawiera\u0107 MLEKO (\u0142\u0105cznie z LAKTOZ\u0104), ZBO\u017bA ZAWIERAJ\u0104CE GLUTEN, SOJ\u0118, GORCZYC\u0118, SELER, JAJA<\/p>\n<p>ZALECANE WARUNKI PRZECHOWYWANIA  <br \/>Przechowywa\u0107 w suchym miejscu.<\/p>","protected":false},"excerpt":{"rendered":"<p>SK\u0141ADNIKI s\u00f3l morska, t\u0142uszcz shea*, warzywa* (16,2 %) (marchew* (4,8 %), cebula* (3,2 %), pasternak*, por*, pomidory*, dynia*), skrobia kukurydziana*, skoncentrowany sok warzywny* (marchew*, cebula*), olej s\u0142onecznikowy*, zio\u0142a* (li\u015b\u0107 lubczyku*, li\u015b\u0107 laurowy*), przyprawy* (pieprz*, kurkuma*, korze\u0144 lubczyku*, ga\u0142ka muszkato\u0142owa*, nasiona kopru w\u0142oskiego*), czosnek*. (*certyfikowany sk\u0142adnik ekologiczny) SPOS\u00d3B PRZYGOTOWANIA Rozpu\u015bci\u0107 kostk\u0119 w 1\/2 litra wrz\u0105cej wody [&hellip;]<\/p>","protected":false},"featured_media":761,"comment_status":"closed","ping_status":"open","template":"","meta":{"_acf_changed":false},"product_brand":[],"product_cat":[229],"product_tag":[],"class_list":{"0":"post-760","1":"product","2":"type-product","3":"status-publish","4":"has-post-thumbnail","6":"product_cat-przyprawy-i-ziola","7":"pa_ean-matka-705","8":"pa_gwarancja-przydatnosci-311","9":"pa_ilosc-w-opakowaniu-374","10":"pa_jednostka-podstawowa-szt","11":"pa_kod-cn-2104-10-00","12":"pa_masa-netto-224","13":"pa_objetosc-brutto-703","14":"pa_producent-natur-compagnie-buliony-kostki-rosolowe","15":"pa_producent-nazwa-adres-heirler-cenovis-gmbh-schutzenstrasse-24-78315-radolfzell","16":"pa_tagi-bez-cukru-w-skladnikach","17":"pa_tagi-bez-glutenu-w-skladnikach","18":"pa_tagi-certyfikat-bio","19":"pa_tagi-weganski","20":"pa_tagi-wegetarianski","22":"first","23":"instock","24":"taxable","25":"shipping-taxable","26":"purchasable","27":"product-type-simple"},"acf":[],"_links":{"self":[{"href":"https:\/\/wiejskieprzysmaki.estima.site\/en\/wp-json\/wp\/v2\/product\/760","targetHints":{"allow":["GET"]}}],"collection":[{"href":"https:\/\/wiejskieprzysmaki.estima.site\/en\/wp-json\/wp\/v2\/product"}],"about":[{"href":"https:\/\/wiejskieprzysmaki.estima.site\/en\/wp-json\/wp\/v2\/types\/product"}],"replies":[{"embeddable":true,"href":"https:\/\/wiejskieprzysmaki.estima.site\/en\/wp-json\/wp\/v2\/comments?post=760"}],"wp:featuredmedia":[{"embeddable":true,"href":"https:\/\/wiejskieprzysmaki.estima.site\/en\/wp-json\/wp\/v2\/media\/761"}],"wp:attachment":[{"href":"https:\/\/wiejskieprzysmaki.estima.site\/en\/wp-json\/wp\/v2\/media?parent=760"}],"wp:term":[{"taxonomy":"product_brand","embeddable":true,"href":"https:\/\/wiejskieprzysmaki.estima.site\/en\/wp-json\/wp\/v2\/product_brand?post=760"},{"taxonomy":"product_cat","embeddable":true,"href":"https:\/\/wiejskieprzysmaki.estima.site\/en\/wp-json\/wp\/v2\/product_cat?post=760"},{"taxonomy":"product_tag","embeddable":true,"href":"https:\/\/wiejskieprzysmaki.estima.site\/en\/wp-json\/wp\/v2\/product_tag?post=760"}],"curies":[{"name":"wp","href":"https:\/\/api.w.org\/{rel}","templated":true}]}}