{"id":7658,"date":"2025-02-18T11:46:03","date_gmt":"2025-02-18T10:46:03","guid":{"rendered":"https:\/\/wiejskieprzysmaki.estima.site\/produkt\/kwas-chlebowy-litewski-330-ml-gubernija\/"},"modified":"2025-02-18T11:46:05","modified_gmt":"2025-02-18T10:46:05","slug":"kwas-chlebowy-litewski-330-ml-gubernija","status":"publish","type":"product","link":"https:\/\/wiejskieprzysmaki.estima.site\/en\/product\/kwas-chlebowy-litewski-330-ml-gubernija\/","title":{"rendered":"KWAS CHLEBOWY LITEWSKI 330 ml &#8211; GUBERNIJA"},"content":{"rendered":"<p>SK\u0141ADNIKI<br \/>woda, cukier, suchary chlebowe 2,4 % (pra\u017cony s\u0142\u00f3d \u017bYTNI, m\u0105ka \u017bYTNIA, woda), dwutlenek w\u0119gla, regulator kwasowo\u015bci: kwas cytrynowy.<\/p>\n<p>OPIS<br \/>Kwas chlebowy naturalny bez konserwant\u00f3w. Nap\u00f3j bezalkoholowy. Pi\u0107 sch\u0142odzony.<br \/>Produkt pasteryzowany.<\/p>\n<p>WARTO\u015a\u0106 OD\u017bYWCZA W 100 ml<br \/>Warto\u015b\u0107 energetyczna: 160 kJ\/38 kcal<br \/>T\u0142uszcz: 0 g<br \/>w tym kwasy t\u0142uszczowe nasycone: 0 g<br \/>W\u0119glowodany: 9,2 g<br \/>w tym cukry: 8,4 g<br \/>Bia\u0142ko: 0 g<br \/>S\u00f3l: 0,01 g<\/p>\n<p>Zawarto\u015b\u0107 soli wynika wy\u0142\u0105cznie z obecno\u015bci naturalnie wyst\u0119puj\u0105cego sodu.<\/p>\n<p>UWAGA<br \/>Na dnie mo\u017ce osi\u0105\u015b\u0107 naturalny osad pochodz\u0105cy z suchar\u00f3w chlebowych.<\/p>\n<p>ZALECANE WARUNKI PRZECHOWYWANIA<br \/>Przechowywa\u0107 w suchym i ch\u0142odnym miejscu.<\/p>","protected":false},"excerpt":{"rendered":"<p>SK\u0141ADNIKIwoda, cukier, suchary chlebowe 2,4 % (pra\u017cony s\u0142\u00f3d \u017bYTNI, m\u0105ka \u017bYTNIA, woda), dwutlenek w\u0119gla, regulator kwasowo\u015bci: kwas cytrynowy. OPISKwas chlebowy naturalny bez konserwant\u00f3w. Nap\u00f3j bezalkoholowy. Pi\u0107 sch\u0142odzony.Produkt pasteryzowany. WARTO\u015a\u0106 OD\u017bYWCZA W 100 mlWarto\u015b\u0107 energetyczna: 160 kJ\/38 kcalT\u0142uszcz: 0 gw tym kwasy t\u0142uszczowe nasycone: 0 gW\u0119glowodany: 9,2 gw tym cukry: 8,4 gBia\u0142ko: 0 gS\u00f3l: 0,01 g [&hellip;]<\/p>","protected":false},"featured_media":7659,"comment_status":"closed","ping_status":"open","template":"","meta":{"_acf_changed":false},"product_brand":[],"product_cat":[384,134],"product_tag":[],"class_list":{"0":"post-7658","1":"product","2":"type-product","3":"status-publish","4":"has-post-thumbnail","6":"product_cat-inne-napoje","7":"product_cat-napoje","8":"pa_ean-matka-6015","9":"pa_gwarancja-przydatnosci-324","10":"pa_ilosc-w-opakowaniu-327","11":"pa_jednostka-podstawowa-szt","12":"pa_kod-cn-2206-00-59","13":"pa_kraj-pochodzenia-skladnikow-litwa","14":"pa_objetosc-brutto-4832","15":"pa_objetosc-netto-1012","16":"pa_producent-gubernija-kwasy-chlebowe","17":"pa_producent-nazwa-adres-mv-group-production-ab","18":"pa_tagi-weganski","19":"pa_tagi-wegetarianski","21":"first","22":"instock","23":"taxable","24":"shipping-taxable","25":"purchasable","26":"product-type-simple"},"acf":[],"_links":{"self":[{"href":"https:\/\/wiejskieprzysmaki.estima.site\/en\/wp-json\/wp\/v2\/product\/7658","targetHints":{"allow":["GET"]}}],"collection":[{"href":"https:\/\/wiejskieprzysmaki.estima.site\/en\/wp-json\/wp\/v2\/product"}],"about":[{"href":"https:\/\/wiejskieprzysmaki.estima.site\/en\/wp-json\/wp\/v2\/types\/product"}],"replies":[{"embeddable":true,"href":"https:\/\/wiejskieprzysmaki.estima.site\/en\/wp-json\/wp\/v2\/comments?post=7658"}],"wp:featuredmedia":[{"embeddable":true,"href":"https:\/\/wiejskieprzysmaki.estima.site\/en\/wp-json\/wp\/v2\/media\/7659"}],"wp:attachment":[{"href":"https:\/\/wiejskieprzysmaki.estima.site\/en\/wp-json\/wp\/v2\/media?parent=7658"}],"wp:term":[{"taxonomy":"product_brand","embeddable":true,"href":"https:\/\/wiejskieprzysmaki.estima.site\/en\/wp-json\/wp\/v2\/product_brand?post=7658"},{"taxonomy":"product_cat","embeddable":true,"href":"https:\/\/wiejskieprzysmaki.estima.site\/en\/wp-json\/wp\/v2\/product_cat?post=7658"},{"taxonomy":"product_tag","embeddable":true,"href":"https:\/\/wiejskieprzysmaki.estima.site\/en\/wp-json\/wp\/v2\/product_tag?post=7658"}],"curies":[{"name":"wp","href":"https:\/\/api.w.org\/{rel}","templated":true}]}}