{"id":766,"date":"2025-02-18T10:31:49","date_gmt":"2025-02-18T09:31:49","guid":{"rendered":"https:\/\/wiejskieprzysmaki.estima.site\/produkt\/wanilia-bourbon-mielona-bezglutenowa-bio-5-g-biovegan\/"},"modified":"2025-02-18T10:31:49","modified_gmt":"2025-02-18T09:31:49","slug":"wanilia-bourbon-mielona-bezglutenowa-bio-5-g-biovegan","status":"publish","type":"product","link":"https:\/\/wiejskieprzysmaki.estima.site\/en\/product\/wanilia-bourbon-mielona-bezglutenowa-bio-5-g-biovegan\/","title":{"rendered":"WANILIA BOURBON MIELONA BEZGLUTENOWA BIO 5 g &#8211; BIOVEGAN"},"content":{"rendered":"<p>SK\u0141ADNIKI<br \/>ekologiczna mielona wanilia Bourbon<\/p>\n<p>WARTO\u015a\u0106 OD\u017bYWCZA W 100 g<br \/>Waro\u015b\u0107 energetyczna: 1359 kJ\/324 kcal<br \/>T\u0142uszcz: 3,3 g<br \/>w tym kwasy t\u0142uszczowe nasycone: 0,9 g<br \/>W\u0119glowodany: 57 g<br \/>w tym cukry: 8,0 g<br \/>B\u0142onnik: 26 g<br \/>Bia\u0142ko: 4,0 g<br \/>S\u00f3l: <0,01 g\n\nINFORMACJA ALERGENNA<br \/>Mo\u017ce zawiera\u0107 ORZECHY, GORCZYC\u0118 i seler.<\/p>\n<p>ZALECANE WARUNKI PRZECHOWYWANIA<br \/>Przechowywa\u0107 w suchym i ch\u0142odnym miejscu.<\/p>","protected":false},"excerpt":{"rendered":"<p>SK\u0141ADNIKIekologiczna mielona wanilia Bourbon WARTO\u015a\u0106 OD\u017bYWCZA W 100 gWaro\u015b\u0107 energetyczna: 1359 kJ\/324 kcalT\u0142uszcz: 3,3 gw tym kwasy t\u0142uszczowe nasycone: 0,9 gW\u0119glowodany: 57 gw tym cukry: 8,0 gB\u0142onnik: 26 gBia\u0142ko: 4,0 gS\u00f3l:<\/p>","protected":false},"featured_media":767,"comment_status":"closed","ping_status":"open","template":"","meta":{"_acf_changed":false},"product_brand":[],"product_cat":[36],"product_tag":[],"class_list":{"0":"post-766","1":"product","2":"type-product","3":"status-publish","4":"has-post-thumbnail","6":"product_cat-dodatki-do-wypiekow-i-deserow","7":"pa_ean-matka-716","8":"pa_gwarancja-przydatnosci-522","9":"pa_ilosc-w-opakowaniu-327","10":"pa_jednostka-podstawowa-szt","11":"pa_kod-cn-0905-20-00","12":"pa_kraj-pochodzenia-skladnikow-madagaskar","13":"pa_masa-netto-714","14":"pa_objetosc-brutto-709","15":"pa_producent-biovegan-dodatki-do-wypiekow-drozdze","16":"pa_producent-nazwa-adres-biovegan-gmbh-biovegan-allee-1-56579-bonefeld","17":"pa_tagi-bez-cukru-w-skladnikach","18":"pa_tagi-bez-glutenu-deklaracja","19":"pa_tagi-bez-glutenu-w-skladnikach","20":"pa_tagi-certyfikat-bio","21":"pa_tagi-weganski","22":"pa_tagi-wegetarianski","24":"first","25":"instock","26":"taxable","27":"shipping-taxable","28":"purchasable","29":"product-type-simple"},"acf":[],"_links":{"self":[{"href":"https:\/\/wiejskieprzysmaki.estima.site\/en\/wp-json\/wp\/v2\/product\/766","targetHints":{"allow":["GET"]}}],"collection":[{"href":"https:\/\/wiejskieprzysmaki.estima.site\/en\/wp-json\/wp\/v2\/product"}],"about":[{"href":"https:\/\/wiejskieprzysmaki.estima.site\/en\/wp-json\/wp\/v2\/types\/product"}],"replies":[{"embeddable":true,"href":"https:\/\/wiejskieprzysmaki.estima.site\/en\/wp-json\/wp\/v2\/comments?post=766"}],"wp:featuredmedia":[{"embeddable":true,"href":"https:\/\/wiejskieprzysmaki.estima.site\/en\/wp-json\/wp\/v2\/media\/767"}],"wp:attachment":[{"href":"https:\/\/wiejskieprzysmaki.estima.site\/en\/wp-json\/wp\/v2\/media?parent=766"}],"wp:term":[{"taxonomy":"product_brand","embeddable":true,"href":"https:\/\/wiejskieprzysmaki.estima.site\/en\/wp-json\/wp\/v2\/product_brand?post=766"},{"taxonomy":"product_cat","embeddable":true,"href":"https:\/\/wiejskieprzysmaki.estima.site\/en\/wp-json\/wp\/v2\/product_cat?post=766"},{"taxonomy":"product_tag","embeddable":true,"href":"https:\/\/wiejskieprzysmaki.estima.site\/en\/wp-json\/wp\/v2\/product_tag?post=766"}],"curies":[{"name":"wp","href":"https:\/\/api.w.org\/{rel}","templated":true}]}}