{"id":7681,"date":"2025-02-18T11:46:49","date_gmt":"2025-02-18T10:46:49","guid":{"rendered":"https:\/\/wiejskieprzysmaki.estima.site\/produkt\/chrzan-extra-wielunski-230-g-luniak\/"},"modified":"2025-02-18T11:46:54","modified_gmt":"2025-02-18T10:46:54","slug":"chrzan-extra-wielunski-230-g-luniak","status":"publish","type":"product","link":"https:\/\/wiejskieprzysmaki.estima.site\/en\/product\/chrzan-extra-wielunski-230-g-luniak\/","title":{"rendered":"CHRZAN EXTRA WIELU\u0143SKI 230 g &#8211; LUNIAK"},"content":{"rendered":"<p>SK\u0141ADNIKI<br \/>korze\u0144 chrzanu 75 %, woda, cytryna, cukier, olej rzepakowy, s\u00f3l, regulator kwasowo\u015bci: kwas cytrynowy, przeciwutleniacz: pirosiarczyn sodu. <\/p>\n<p>WARTO\u015a\u0106 OD\u017bYWCZA W 100 g<br \/>Warto\u015b\u0107 energetyczna: 526 kJ\/126 kcal<br \/>T\u0142uszcz: 3,8 g <br \/>w tym kwasy t\u0142uszczowe nasycone: 0,4 g<br \/>W\u0119glowodany: 18 g<br \/>w tym cukry: 11,5 g<br \/>B\u0142onnik: 5,2 g<br \/>Bia\u0142ko: 1,6 g <br \/>S\u00f3l: 1,3 g<\/p>\n<p>ZALECANE WARUNKI PRZECHOWYWANIA<br \/>Przechowywa\u0107 w suchym, ch\u0142odnym i zacienionym miejscu. Po otwarciu przechowywa\u0107 w lod\u00f3wce i spo\u017cy\u0107 w ci\u0105gu 72 godzin. <\/p>","protected":false},"excerpt":{"rendered":"<p>SK\u0141ADNIKIkorze\u0144 chrzanu 75 %, woda, cytryna, cukier, olej rzepakowy, s\u00f3l, regulator kwasowo\u015bci: kwas cytrynowy, przeciwutleniacz: pirosiarczyn sodu. WARTO\u015a\u0106 OD\u017bYWCZA W 100 gWarto\u015b\u0107 energetyczna: 526 kJ\/126 kcalT\u0142uszcz: 3,8 g w tym kwasy t\u0142uszczowe nasycone: 0,4 gW\u0119glowodany: 18 gw tym cukry: 11,5 gB\u0142onnik: 5,2 gBia\u0142ko: 1,6 g S\u00f3l: 1,3 g ZALECANE WARUNKI PRZECHOWYWANIAPrzechowywa\u0107 w suchym, ch\u0142odnym i [&hellip;]<\/p>","protected":false},"featured_media":7682,"comment_status":"closed","ping_status":"open","template":"","meta":{"_acf_changed":false},"product_brand":[],"product_cat":[1061,180],"product_tag":[],"class_list":{"0":"post-7681","1":"product","2":"type-product","3":"status-publish","4":"has-post-thumbnail","6":"product_cat-marynowane-kiszone","7":"product_cat-warzywa-i-grzyby-przetworzone","8":"pa_ean-matka-6030","9":"pa_gwarancja-przydatnosci-324","10":"pa_ilosc-w-opakowaniu-298","11":"pa_jednostka-podstawowa-szt","12":"pa_kod-cn-2005-99-80","13":"pa_kraj-pochodzenia-skladnikow-polska","14":"pa_masa-netto-3034","15":"pa_objetosc-brutto-5929","16":"pa_producent-luniak-przetwory-warzywne-owocowe","17":"pa_producent-nazwa-adres-p-o-w-la-vita-alina-luniak-gabrielow-11-98-320-osjakow","18":"pa_tagi-bez-glutenu-w-skladnikach","19":"pa_tagi-weganski","20":"pa_tagi-wegetarianski","22":"first","23":"instock","24":"taxable","25":"shipping-taxable","26":"purchasable","27":"product-type-simple"},"acf":[],"_links":{"self":[{"href":"https:\/\/wiejskieprzysmaki.estima.site\/en\/wp-json\/wp\/v2\/product\/7681","targetHints":{"allow":["GET"]}}],"collection":[{"href":"https:\/\/wiejskieprzysmaki.estima.site\/en\/wp-json\/wp\/v2\/product"}],"about":[{"href":"https:\/\/wiejskieprzysmaki.estima.site\/en\/wp-json\/wp\/v2\/types\/product"}],"replies":[{"embeddable":true,"href":"https:\/\/wiejskieprzysmaki.estima.site\/en\/wp-json\/wp\/v2\/comments?post=7681"}],"wp:featuredmedia":[{"embeddable":true,"href":"https:\/\/wiejskieprzysmaki.estima.site\/en\/wp-json\/wp\/v2\/media\/7682"}],"wp:attachment":[{"href":"https:\/\/wiejskieprzysmaki.estima.site\/en\/wp-json\/wp\/v2\/media?parent=7681"}],"wp:term":[{"taxonomy":"product_brand","embeddable":true,"href":"https:\/\/wiejskieprzysmaki.estima.site\/en\/wp-json\/wp\/v2\/product_brand?post=7681"},{"taxonomy":"product_cat","embeddable":true,"href":"https:\/\/wiejskieprzysmaki.estima.site\/en\/wp-json\/wp\/v2\/product_cat?post=7681"},{"taxonomy":"product_tag","embeddable":true,"href":"https:\/\/wiejskieprzysmaki.estima.site\/en\/wp-json\/wp\/v2\/product_tag?post=7681"}],"curies":[{"name":"wp","href":"https:\/\/api.w.org\/{rel}","templated":true}]}}