{"id":7683,"date":"2025-02-18T11:46:35","date_gmt":"2025-02-18T10:46:35","guid":{"rendered":"https:\/\/wiejskieprzysmaki.estima.site\/produkt\/zur-polski-230-g-luniak\/"},"modified":"2025-02-18T11:46:55","modified_gmt":"2025-02-18T10:46:55","slug":"zur-polski-230-g-luniak","status":"publish","type":"product","link":"https:\/\/wiejskieprzysmaki.estima.site\/en\/product\/zur-polski-230-g-luniak\/","title":{"rendered":"\u017bUR POLSKI 230 g &#8211; LUNIAK"},"content":{"rendered":"<p>SK\u0141ADNIKI<br \/>m\u0105ka \u017bYTNIA razowa, woda, naturalny zakwas chlebowy, s\u00f3l, cebula, czosnek, majeranek, przyprawy smakowe. <\/p>\n<p>WARTO\u015a\u0106 OD\u017bYWCZA W 100 g<br \/>Warto\u015b\u0107 energetyczna: 184 kJ\/44 kcal<br \/>T\u0142uszcz: 0 g<br \/>w tym kwasy t\u0142uszczowe nasycone: 0 g<br \/>W\u0119glowodany: 7,0 g<br \/>w tym cukry: 0 g<br \/>B\u0142onnik: 3,1 g<br \/>Bia\u0142ko: 1,4 g<br \/>S\u00f3l: 2,3 g<\/p>\n<p>ZALECANE WARUNKI PRZECHOWYWANIA<br \/>Przechowywa\u0107 w suchym, ch\u0142odnym i zacienionym miejscu. Po otwarciu przechowywa\u0107 w lod\u00f3wce i spo\u017cy\u0107 w ci\u0105gu 72 godzin. <\/p>","protected":false},"excerpt":{"rendered":"<p>SK\u0141ADNIKIm\u0105ka \u017bYTNIA razowa, woda, naturalny zakwas chlebowy, s\u00f3l, cebula, czosnek, majeranek, przyprawy smakowe. WARTO\u015a\u0106 OD\u017bYWCZA W 100 gWarto\u015b\u0107 energetyczna: 184 kJ\/44 kcalT\u0142uszcz: 0 gw tym kwasy t\u0142uszczowe nasycone: 0 gW\u0119glowodany: 7,0 gw tym cukry: 0 gB\u0142onnik: 3,1 gBia\u0142ko: 1,4 gS\u00f3l: 2,3 g ZALECANE WARUNKI PRZECHOWYWANIAPrzechowywa\u0107 w suchym, ch\u0142odnym i zacienionym miejscu. Po otwarciu przechowywa\u0107 w [&hellip;]<\/p>","protected":false},"featured_media":7684,"comment_status":"closed","ping_status":"open","template":"","meta":{"_acf_changed":false},"product_brand":[],"product_cat":[1139],"product_tag":[],"class_list":{"0":"post-7683","1":"product","2":"type-product","3":"status-publish","4":"has-post-thumbnail","6":"product_cat-dania-gotowe","7":"pa_ean-matka-6032","8":"pa_gwarancja-przydatnosci-324","9":"pa_ilosc-w-opakowaniu-331","10":"pa_jednostka-podstawowa-szt","11":"pa_kod-cn-2104-10-00","12":"pa_kraj-pochodzenia-skladnikow-polska","13":"pa_masa-netto-3034","14":"pa_objetosc-brutto-3753","15":"pa_producent-luniak-przetwory-warzywne-owocowe","16":"pa_producent-nazwa-adres-la-vita-bis-szymon-luniak-gabrielow-11-98-320-osjakow","17":"pa_tagi-bez-cukru-w-skladnikach","18":"pa_tagi-weganski","19":"pa_tagi-wegetarianski","21":"first","22":"instock","23":"taxable","24":"shipping-taxable","25":"purchasable","26":"product-type-simple"},"acf":[],"_links":{"self":[{"href":"https:\/\/wiejskieprzysmaki.estima.site\/en\/wp-json\/wp\/v2\/product\/7683","targetHints":{"allow":["GET"]}}],"collection":[{"href":"https:\/\/wiejskieprzysmaki.estima.site\/en\/wp-json\/wp\/v2\/product"}],"about":[{"href":"https:\/\/wiejskieprzysmaki.estima.site\/en\/wp-json\/wp\/v2\/types\/product"}],"replies":[{"embeddable":true,"href":"https:\/\/wiejskieprzysmaki.estima.site\/en\/wp-json\/wp\/v2\/comments?post=7683"}],"wp:featuredmedia":[{"embeddable":true,"href":"https:\/\/wiejskieprzysmaki.estima.site\/en\/wp-json\/wp\/v2\/media\/7684"}],"wp:attachment":[{"href":"https:\/\/wiejskieprzysmaki.estima.site\/en\/wp-json\/wp\/v2\/media?parent=7683"}],"wp:term":[{"taxonomy":"product_brand","embeddable":true,"href":"https:\/\/wiejskieprzysmaki.estima.site\/en\/wp-json\/wp\/v2\/product_brand?post=7683"},{"taxonomy":"product_cat","embeddable":true,"href":"https:\/\/wiejskieprzysmaki.estima.site\/en\/wp-json\/wp\/v2\/product_cat?post=7683"},{"taxonomy":"product_tag","embeddable":true,"href":"https:\/\/wiejskieprzysmaki.estima.site\/en\/wp-json\/wp\/v2\/product_tag?post=7683"}],"curies":[{"name":"wp","href":"https:\/\/api.w.org\/{rel}","templated":true}]}}