{"id":772,"date":"2025-02-18T10:31:49","date_gmt":"2025-02-18T09:31:49","guid":{"rendered":"https:\/\/wiejskieprzysmaki.estima.site\/produkt\/krem-orzechowo-czekoladowy-fair-trade-bio-180-g-alce-nero\/"},"modified":"2025-02-18T10:31:51","modified_gmt":"2025-02-18T09:31:51","slug":"krem-orzechowo-czekoladowy-fair-trade-bio-180-g-alce-nero","status":"publish","type":"product","link":"https:\/\/wiejskieprzysmaki.estima.site\/en\/product\/krem-orzechowo-czekoladowy-fair-trade-bio-180-g-alce-nero\/","title":{"rendered":"KREM ORZECHOWO &#8211; CZEKOLADOWY FAIR TRADE BIO 180 g &#8211; ALCE NERO"},"content":{"rendered":"<p>SK\u0141ADNIKI<br \/>cukier trzcinowy*, ORZECHY LASKOWE* (16 %), olej s\u0142onecznikowy*, kakao w proszku o obni\u017conej zawarto\u015bci t\u0142uszczu* (9 %), odt\u0142uszczone MLEKO w proszku*, t\u0142uszcz kakaowy*, emulgator: lecytyny (ze s\u0142onecznika*), s\u00f3l. (*certyfikowany sk\u0142adnik ekologiczny)<\/p>\n<p>OPIS<br \/>Sk\u0142adniki z certyfikatem Fairtrade pochodz\u0105ce od producent\u00f3w Fairtrade: kakao, cukier. Og\u00f3\u0142em: 63 %.<\/p>\n<p>WARTO\u015a\u0106 OD\u017bYWCZA W 100 g<br \/>Warto\u015b\u0107 energetyczna &#8211; 2150 kJ\/512 kcal  <br \/>T\u0142uszcz &#8211; 27 g  <br \/>w tym kwasy t\u0142uszczowe nasycone &#8211; 4,4 g  <br \/>W\u0119glowodany &#8211; 59 g  <br \/>w tym cukry &#8211; 55 g  <br \/>B\u0142onnik &#8211; 4,0 g  <br \/>Bia\u0142ko &#8211; 6,3 g  <br \/>S\u00f3l &#8211; 0,1 g<\/p>\n<p>INFORMACJA ALERGENNA<br \/>Produkt mo\u017ce zawiera\u0107 inne ORZECHY oraz SOJ\u0118.<\/p>\n<p>UWAGA<br \/>Ewentualna obecno\u015b\u0107 bia\u0142ych plam i\/lub &#8220;wykwit\u00f3w&#8221; t\u0142uszczowych wynika z naturalnej krystalizacji t\u0142uszczu kakaowego i nie wp\u0142ywa na jako\u015b\u0107 produktu. <\/p>\n<p>ZALECANE WARUNKI PRZECHOWYWANIA<br \/>Przechowywa\u0107 w temperaturze 16 &#8211; 18 stopni Celsjusza.<\/p>","protected":false},"excerpt":{"rendered":"<p>SK\u0141ADNIKIcukier trzcinowy*, ORZECHY LASKOWE* (16 %), olej s\u0142onecznikowy*, kakao w proszku o obni\u017conej zawarto\u015bci t\u0142uszczu* (9 %), odt\u0142uszczone MLEKO w proszku*, t\u0142uszcz kakaowy*, emulgator: lecytyny (ze s\u0142onecznika*), s\u00f3l. (*certyfikowany sk\u0142adnik ekologiczny) OPISSk\u0142adniki z certyfikatem Fairtrade pochodz\u0105ce od producent\u00f3w Fairtrade: kakao, cukier. Og\u00f3\u0142em: 63 %. WARTO\u015a\u0106 OD\u017bYWCZA W 100 gWarto\u015b\u0107 energetyczna &#8211; 2150 kJ\/512 kcal T\u0142uszcz [&hellip;]<\/p>","protected":false},"featured_media":773,"comment_status":"closed","ping_status":"open","template":"","meta":{"_acf_changed":false},"product_brand":[],"product_cat":[734],"product_tag":[],"class_list":{"0":"post-772","1":"product","2":"type-product","3":"status-publish","4":"has-post-thumbnail","6":"product_cat-kremy-orzechowe-czekoladowe-tahini","7":"pa_ean-matka-733","8":"pa_gwarancja-przydatnosci-320","9":"pa_ilosc-w-opakowaniu-374","10":"pa_jednostka-podstawowa-szt","11":"pa_kod-cn-1806-90-60","12":"pa_kraj-pochodzenia-skladnikow-turcja","13":"pa_masa-netto-432","14":"pa_objetosc-brutto-731","15":"pa_producent-alce-nero-wloskie-produkty","16":"pa_producent-nazwa-adres-alce-nero-s-p-a-via-palazzetti-5c-40068-san-lazzaro-di-savena-bo","17":"pa_tagi-bez-glutenu-w-skladnikach","18":"pa_tagi-certyfikat-bio","19":"pa_tagi-wegetarianski","21":"first","22":"instock","23":"taxable","24":"shipping-taxable","25":"purchasable","26":"product-type-simple"},"acf":[],"_links":{"self":[{"href":"https:\/\/wiejskieprzysmaki.estima.site\/en\/wp-json\/wp\/v2\/product\/772","targetHints":{"allow":["GET"]}}],"collection":[{"href":"https:\/\/wiejskieprzysmaki.estima.site\/en\/wp-json\/wp\/v2\/product"}],"about":[{"href":"https:\/\/wiejskieprzysmaki.estima.site\/en\/wp-json\/wp\/v2\/types\/product"}],"replies":[{"embeddable":true,"href":"https:\/\/wiejskieprzysmaki.estima.site\/en\/wp-json\/wp\/v2\/comments?post=772"}],"wp:featuredmedia":[{"embeddable":true,"href":"https:\/\/wiejskieprzysmaki.estima.site\/en\/wp-json\/wp\/v2\/media\/773"}],"wp:attachment":[{"href":"https:\/\/wiejskieprzysmaki.estima.site\/en\/wp-json\/wp\/v2\/media?parent=772"}],"wp:term":[{"taxonomy":"product_brand","embeddable":true,"href":"https:\/\/wiejskieprzysmaki.estima.site\/en\/wp-json\/wp\/v2\/product_brand?post=772"},{"taxonomy":"product_cat","embeddable":true,"href":"https:\/\/wiejskieprzysmaki.estima.site\/en\/wp-json\/wp\/v2\/product_cat?post=772"},{"taxonomy":"product_tag","embeddable":true,"href":"https:\/\/wiejskieprzysmaki.estima.site\/en\/wp-json\/wp\/v2\/product_tag?post=772"}],"curies":[{"name":"wp","href":"https:\/\/api.w.org\/{rel}","templated":true}]}}