{"id":7743,"date":"2025-02-18T11:48:06","date_gmt":"2025-02-18T10:48:06","guid":{"rendered":"https:\/\/wiejskieprzysmaki.estima.site\/produkt\/krem-kokosowy-do-gotowania-bez-dodatku-cukrow-bezglutenowy-bio-200-ml-the-bridge\/"},"modified":"2025-02-18T11:48:12","modified_gmt":"2025-02-18T10:48:12","slug":"krem-kokosowy-do-gotowania-bez-dodatku-cukrow-bezglutenowy-bio-200-ml-the-bridge","status":"publish","type":"product","link":"https:\/\/wiejskieprzysmaki.estima.site\/en\/product\/krem-kokosowy-do-gotowania-bez-dodatku-cukrow-bezglutenowy-bio-200-ml-the-bridge\/","title":{"rendered":"KREM KOKOSOWY DO GOTOWANIA BEZ DODATKU CUKR\u00d3W BEZGLUTENOWY BIO 200 ml &#8211; THE BRIDGE"},"content":{"rendered":"<p>SK\u0141ADNIKI<br \/>woda, mi\u0105\u017csz z kokosa* (10 %), skrobia z tapioki*, substancje zag\u0119szczaj\u0105ce: m\u0105czka chleba \u015bwi\u0119toja\u0144skiego*, pektyny, s\u00f3l morska. (*certyfikowany sk\u0142adnik ekologiczny)<\/p>\n<p>OPIS<br \/>Produkt odpowiedni dla wegan. Bez dodatku cukru, zawiera naturalnie wyst\u0119puj\u0105ce cukry. Wstrz\u0105sn\u0105\u0107 przed u\u017cyciem.<br \/>Produkt UHT.<\/p>\n<p>WARTO\u015a\u0106 OD\u017bYWCZA W 100 ml<br \/>Warto\u015b\u0107 energetyczna: 325 kJ\/79 kcal<br \/>T\u0142uszcz: 6,5 g<br \/>w tym kwasy nasycone: 5,8 g<br \/>W\u0119glowodany: 3,5 g<br \/>w tym cukry: 0,9 g<br \/>Bia\u0142ko: 0,6 g<br \/>S\u00f3l: 0,13 g<\/p>\n<p>ZALECANE WARUNKI PRZECHOWYWANIA<br \/>Przechowywa\u0107 w ch\u0142odnym i suchym miejscu. Po otwarciu przechowywa\u0107 w lod\u00f3wce i spo\u017cy\u0107 w ci\u0105gu 3 &#8211; 4 dni.<\/p>","protected":false},"excerpt":{"rendered":"<p>SK\u0141ADNIKIwoda, mi\u0105\u017csz z kokosa* (10 %), skrobia z tapioki*, substancje zag\u0119szczaj\u0105ce: m\u0105czka chleba \u015bwi\u0119toja\u0144skiego*, pektyny, s\u00f3l morska. (*certyfikowany sk\u0142adnik ekologiczny) OPISProdukt odpowiedni dla wegan. Bez dodatku cukru, zawiera naturalnie wyst\u0119puj\u0105ce cukry. Wstrz\u0105sn\u0105\u0107 przed u\u017cyciem.Produkt UHT. WARTO\u015a\u0106 OD\u017bYWCZA W 100 mlWarto\u015b\u0107 energetyczna: 325 kJ\/79 kcalT\u0142uszcz: 6,5 gw tym kwasy nasycone: 5,8 gW\u0119glowodany: 3,5 gw tym cukry: [&hellip;]<\/p>","protected":false},"featured_media":7744,"comment_status":"closed","ping_status":"open","template":"","meta":{"_acf_changed":false},"product_brand":[],"product_cat":[134,1008],"product_tag":[],"class_list":{"0":"post-7743","1":"product","2":"type-product","3":"status-publish","4":"has-post-thumbnail","6":"product_cat-napoje","7":"product_cat-roslinne-alternatywy-mleka-i-smietany","8":"pa_ean-matka-6067","9":"pa_gwarancja-przydatnosci-311","10":"pa_ilosc-w-opakowaniu-350","11":"pa_jednostka-podstawowa-szt","12":"pa_kod-cn-2106-90-98","13":"pa_objetosc-brutto-5208","14":"pa_objetosc-netto-436","15":"pa_producent-the-bridge-napoje-i-desery-roslinne","16":"pa_producent-nazwa-adres-the-bridge-srl-via-marcigaglia-20-36070-san-pietro-mussolino-vi-italy","17":"pa_tagi-bez-cukru-w-skladnikach","18":"pa_tagi-bez-glutenu-deklaracja","19":"pa_tagi-bez-glutenu-w-skladnikach","20":"pa_tagi-certyfikat-bio","21":"pa_tagi-weganski","22":"pa_tagi-wegetarianski","24":"first","25":"instock","26":"taxable","27":"shipping-taxable","28":"purchasable","29":"product-type-simple"},"acf":[],"_links":{"self":[{"href":"https:\/\/wiejskieprzysmaki.estima.site\/en\/wp-json\/wp\/v2\/product\/7743","targetHints":{"allow":["GET"]}}],"collection":[{"href":"https:\/\/wiejskieprzysmaki.estima.site\/en\/wp-json\/wp\/v2\/product"}],"about":[{"href":"https:\/\/wiejskieprzysmaki.estima.site\/en\/wp-json\/wp\/v2\/types\/product"}],"replies":[{"embeddable":true,"href":"https:\/\/wiejskieprzysmaki.estima.site\/en\/wp-json\/wp\/v2\/comments?post=7743"}],"wp:featuredmedia":[{"embeddable":true,"href":"https:\/\/wiejskieprzysmaki.estima.site\/en\/wp-json\/wp\/v2\/media\/7744"}],"wp:attachment":[{"href":"https:\/\/wiejskieprzysmaki.estima.site\/en\/wp-json\/wp\/v2\/media?parent=7743"}],"wp:term":[{"taxonomy":"product_brand","embeddable":true,"href":"https:\/\/wiejskieprzysmaki.estima.site\/en\/wp-json\/wp\/v2\/product_brand?post=7743"},{"taxonomy":"product_cat","embeddable":true,"href":"https:\/\/wiejskieprzysmaki.estima.site\/en\/wp-json\/wp\/v2\/product_cat?post=7743"},{"taxonomy":"product_tag","embeddable":true,"href":"https:\/\/wiejskieprzysmaki.estima.site\/en\/wp-json\/wp\/v2\/product_tag?post=7743"}],"curies":[{"name":"wp","href":"https:\/\/api.w.org\/{rel}","templated":true}]}}