{"id":7761,"date":"2025-02-18T11:48:22","date_gmt":"2025-02-18T10:48:22","guid":{"rendered":"https:\/\/wiejskieprzysmaki.estima.site\/produkt\/deser-owsiany-o-smaku-waniliowym-bio-2-x-130-g-260-g-the-bridge\/"},"modified":"2025-02-18T11:48:25","modified_gmt":"2025-02-18T10:48:25","slug":"deser-owsiany-o-smaku-waniliowym-bio-2-x-130-g-260-g-the-bridge","status":"publish","type":"product","link":"https:\/\/wiejskieprzysmaki.estima.site\/en\/product\/deser-owsiany-o-smaku-waniliowym-bio-2-x-130-g-260-g-the-bridge\/","title":{"rendered":"DESER OWSIANY O SMAKU WANILIOWYM BIO (2 x 130 g) 260 g &#8211; THE BRIDGE"},"content":{"rendered":"<p>SK\u0141ADNIKI<br \/>woda, OWIES* (12,4 %), cukier trzcinowy*, skrobia z tapioki*, naturalny aromat waniliowy*, koncentrat z marchwi*, olej s\u0142onecznikowy*, olej szafranowy*, s\u00f3l morska, substancje zag\u0119szczaj\u0105ce: m\u0105czka chleba \u015bwi\u0119toja\u0144skiego*, guma gellan*.  (*certyfikowany sk\u0142adnik ekologiczny)<\/p>\n<p>OPIS<br \/>Produkt odpowiedni dla wegan. Produkt UHT.<\/p>\n<p>WARTO\u015a\u0106 OD\u017bYWCZA W 100 ml<br \/>Warto\u015b\u0107 energetyczna: 437 kJ\/104 kcal<br \/>T\u0142uszcz: 2,8 g<br \/>w tym kwasy nasycone: 0,3 g<br \/>W\u0119glowodany: 19 g<br \/>w tym cukry: 9,1 g<br \/>Bia\u0142ko: <0,5 g<br \/>S\u00f3l: 0,07 g<\/p>\n<p>INFORMACJA ALERGENNA<br \/>Mo\u017ce zawiera\u0107 ORZECHY i soj\u0119<\/p>\n<p>ZALECANE WARUNKI PRZECHOWYWANIA<br \/>Przechowywa\u0107 w ch\u0142odnym i suchym miejscu. Po otwarciu przechowywa\u0107 w lod\u00f3wce i spo\u017cy\u0107 w ci\u0105gu 1 dnia.<\/p>","protected":false},"excerpt":{"rendered":"<p>SK\u0141ADNIKIwoda, OWIES* (12,4 %), cukier trzcinowy*, skrobia z tapioki*, naturalny aromat waniliowy*, koncentrat z marchwi*, olej s\u0142onecznikowy*, olej szafranowy*, s\u00f3l morska, substancje zag\u0119szczaj\u0105ce: m\u0105czka chleba \u015bwi\u0119toja\u0144skiego*, guma gellan*. (*certyfikowany sk\u0142adnik ekologiczny) OPISProdukt odpowiedni dla wegan. Produkt UHT. WARTO\u015a\u0106 OD\u017bYWCZA W 100 mlWarto\u015b\u0107 energetyczna: 437 kJ\/104 kcalT\u0142uszcz: 2,8 gw tym kwasy nasycone: 0,3 gW\u0119glowodany: 19 gw [&hellip;]<\/p>","protected":false},"featured_media":7762,"comment_status":"closed","ping_status":"open","template":"","meta":{"_acf_changed":false},"product_brand":[],"product_cat":[396],"product_tag":[],"class_list":{"0":"post-7761","1":"product","2":"type-product","3":"status-publish","4":"has-post-thumbnail","6":"product_cat-budynie-galaretki-kisiele","7":"pa_ean-matka-6079","8":"pa_gwarancja-przydatnosci-324","9":"pa_ilosc-w-opakowaniu-298","10":"pa_jednostka-podstawowa-szt","11":"pa_kod-cn-2106-90-98","12":"pa_masa-netto-756","13":"pa_objetosc-brutto-6078","14":"pa_producent-the-bridge-napoje-i-desery-roslinne","15":"pa_producent-nazwa-adres-the-bridge-srl-via-marcigaglia-20-36070-san-pietro-mussolino-vi-italy","16":"pa_tagi-certyfikat-bio","17":"pa_tagi-weganski","18":"pa_tagi-wegetarianski","20":"first","21":"instock","22":"taxable","23":"shipping-taxable","24":"purchasable","25":"product-type-simple"},"acf":[],"_links":{"self":[{"href":"https:\/\/wiejskieprzysmaki.estima.site\/en\/wp-json\/wp\/v2\/product\/7761","targetHints":{"allow":["GET"]}}],"collection":[{"href":"https:\/\/wiejskieprzysmaki.estima.site\/en\/wp-json\/wp\/v2\/product"}],"about":[{"href":"https:\/\/wiejskieprzysmaki.estima.site\/en\/wp-json\/wp\/v2\/types\/product"}],"replies":[{"embeddable":true,"href":"https:\/\/wiejskieprzysmaki.estima.site\/en\/wp-json\/wp\/v2\/comments?post=7761"}],"wp:featuredmedia":[{"embeddable":true,"href":"https:\/\/wiejskieprzysmaki.estima.site\/en\/wp-json\/wp\/v2\/media\/7762"}],"wp:attachment":[{"href":"https:\/\/wiejskieprzysmaki.estima.site\/en\/wp-json\/wp\/v2\/media?parent=7761"}],"wp:term":[{"taxonomy":"product_brand","embeddable":true,"href":"https:\/\/wiejskieprzysmaki.estima.site\/en\/wp-json\/wp\/v2\/product_brand?post=7761"},{"taxonomy":"product_cat","embeddable":true,"href":"https:\/\/wiejskieprzysmaki.estima.site\/en\/wp-json\/wp\/v2\/product_cat?post=7761"},{"taxonomy":"product_tag","embeddable":true,"href":"https:\/\/wiejskieprzysmaki.estima.site\/en\/wp-json\/wp\/v2\/product_tag?post=7761"}],"curies":[{"name":"wp","href":"https:\/\/api.w.org\/{rel}","templated":true}]}}