{"id":7777,"date":"2025-02-18T11:48:50","date_gmt":"2025-02-18T10:48:50","guid":{"rendered":"https:\/\/wiejskieprzysmaki.estima.site\/produkt\/crunchy-z-owocami-lesnymi-bio-375-g-verival\/"},"modified":"2025-02-18T11:48:51","modified_gmt":"2025-02-18T10:48:51","slug":"crunchy-z-owocami-lesnymi-bio-375-g-verival","status":"publish","type":"product","link":"https:\/\/wiejskieprzysmaki.estima.site\/en\/product\/crunchy-z-owocami-lesnymi-bio-375-g-verival\/","title":{"rendered":"CRUNCHY Z OWOCAMI LE\u015aNYMI BIO 375 g &#8211; VERIVAL"},"content":{"rendered":"<p>SK\u0141ADNIKI<br \/>crunchy* 97,5 % (pe\u0142noziarniste p\u0142atki OWSIANE*, cukier trzcinowy*, wysokooleinowy olej s\u0142onecznikowy*, wi\u00f3rki kokosowe*, pe\u0142noziarniste chrupki ry\u017cowe*, s\u00f3l), owoce jagodowe liofilizowane* 1,5 % (truskawki*, maliny*, je\u017cyny*), je\u017cyny w proszku* 1 %. (*certyfikowany sk\u0142adnik ekologiczny)<\/p>\n<p>OPIS<br \/>Pakowane w atmosferze ochronnej.<\/p>\n<p>SPOS\u00d3B PRZYGOTOWANIA<br \/>Najlepiej smakuje ze \u015bwie\u017cymi owocami, mlekiem, jogurtem lub twarogiem. <\/p>\n<p>WARTO\u015a\u0106 OD\u017bYWCZA w 100 g<br \/>Warto\u015b\u0107 energetyczna: 1838 kJ\/438 kcal  <br \/>T\u0142uszcz: 17 g  <br \/>w tym kwasy t\u0142uszczowe nasycone: 4,3 g  <br \/>W\u0119glowodany: 58 g  <br \/>w tym cukry: 17 g<br \/>B\u0142onnik: 7,7 g  <br \/>Bia\u0142ko: 9,5 g  <br \/>S\u00f3l: 0,19 g  <\/p>\n<p>INFORMACJA ALERGENNA<br \/>Mo\u017ce zawiera\u0107 NASIONA SEZAMU, SOJ\u0118 i orzechy. <\/p>\n<p>UWAGA<br \/>Mimo do\u0142o\u017cenia wszelkich stara\u0144 produkt mo\u017ce zawiera\u0107 fragmenty pestek owoc\u00f3w. <\/p>\n<p>ZALECANE WARUNKI PRZECHOWYWANIA<br \/>Przechowywa\u0107 w ch\u0142odnym i suchym miejscu.<\/p>","protected":false},"excerpt":{"rendered":"<p>SK\u0141ADNIKIcrunchy* 97,5 % (pe\u0142noziarniste p\u0142atki OWSIANE*, cukier trzcinowy*, wysokooleinowy olej s\u0142onecznikowy*, wi\u00f3rki kokosowe*, pe\u0142noziarniste chrupki ry\u017cowe*, s\u00f3l), owoce jagodowe liofilizowane* 1,5 % (truskawki*, maliny*, je\u017cyny*), je\u017cyny w proszku* 1 %. (*certyfikowany sk\u0142adnik ekologiczny) OPISPakowane w atmosferze ochronnej. SPOS\u00d3B PRZYGOTOWANIANajlepiej smakuje ze \u015bwie\u017cymi owocami, mlekiem, jogurtem lub twarogiem. WARTO\u015a\u0106 OD\u017bYWCZA w 100 gWarto\u015b\u0107 energetyczna: 1838 kJ\/438 [&hellip;]<\/p>","protected":false},"featured_media":452,"comment_status":"closed","ping_status":"open","template":"","meta":{"_acf_changed":false},"product_brand":[],"product_cat":[404,265],"product_tag":[],"class_list":{"0":"post-7777","1":"product","2":"type-product","3":"status-publish","4":"has-post-thumbnail","6":"product_cat-musli-crunchy-granole","7":"product_cat-sniadaniowe","8":"pa_ean-matka-6089","9":"pa_gwarancja-przydatnosci-324","10":"pa_ilosc-w-opakowaniu-298","11":"pa_jednostka-podstawowa-szt","12":"pa_kod-cn-1904-10-90","13":"pa_masa-netto-416","14":"pa_objetosc-brutto-418","15":"pa_producent-verival-produkty-sniadaniowe","16":"pa_producent-nazwa-adres-verival-bio-gmbh-sportplatzweg-7-6336-langkampfen","17":"pa_tagi-certyfikat-bio","18":"pa_tagi-weganski","19":"pa_tagi-wegetarianski","21":"first","22":"instock","23":"taxable","24":"shipping-taxable","25":"purchasable","26":"product-type-simple"},"acf":[],"_links":{"self":[{"href":"https:\/\/wiejskieprzysmaki.estima.site\/en\/wp-json\/wp\/v2\/product\/7777","targetHints":{"allow":["GET"]}}],"collection":[{"href":"https:\/\/wiejskieprzysmaki.estima.site\/en\/wp-json\/wp\/v2\/product"}],"about":[{"href":"https:\/\/wiejskieprzysmaki.estima.site\/en\/wp-json\/wp\/v2\/types\/product"}],"replies":[{"embeddable":true,"href":"https:\/\/wiejskieprzysmaki.estima.site\/en\/wp-json\/wp\/v2\/comments?post=7777"}],"wp:featuredmedia":[{"embeddable":true,"href":"https:\/\/wiejskieprzysmaki.estima.site\/en\/wp-json\/wp\/v2\/media\/452"}],"wp:attachment":[{"href":"https:\/\/wiejskieprzysmaki.estima.site\/en\/wp-json\/wp\/v2\/media?parent=7777"}],"wp:term":[{"taxonomy":"product_brand","embeddable":true,"href":"https:\/\/wiejskieprzysmaki.estima.site\/en\/wp-json\/wp\/v2\/product_brand?post=7777"},{"taxonomy":"product_cat","embeddable":true,"href":"https:\/\/wiejskieprzysmaki.estima.site\/en\/wp-json\/wp\/v2\/product_cat?post=7777"},{"taxonomy":"product_tag","embeddable":true,"href":"https:\/\/wiejskieprzysmaki.estima.site\/en\/wp-json\/wp\/v2\/product_tag?post=7777"}],"curies":[{"name":"wp","href":"https:\/\/api.w.org\/{rel}","templated":true}]}}