{"id":778,"date":"2025-02-18T10:31:49","date_gmt":"2025-02-18T09:31:49","guid":{"rendered":"https:\/\/wiejskieprzysmaki.estima.site\/produkt\/syrop-z-pigwowca-bio-270-ml-dary-natury\/"},"modified":"2025-02-18T10:31:54","modified_gmt":"2025-02-18T09:31:54","slug":"syrop-z-pigwowca-bio-270-ml-dary-natury","status":"publish","type":"product","link":"https:\/\/wiejskieprzysmaki.estima.site\/en\/product\/syrop-z-pigwowca-bio-270-ml-dary-natury\/","title":{"rendered":"SYROP Z PIGWOWCA BIO 270 ml &#8211; DARY NATURY"},"content":{"rendered":"<p>SK\u0141ADNIKI<br \/>woda, owoce pigwowca* (16,7 %), cukier trzcinowy*. (*certyfikowany sk\u0142adnik ekologiczny)<\/p>\n<p>OPIS<br \/>Syrop jest przyjemn\u0105 alternatyw\u0105 dla cukru jako dodatek do herbat, innych napoj\u00f3w czy deser\u00f3w.<\/p>\n<p>WARTO\u015a\u0106 OD\u017bYWCZA W 100 g  <br \/>Warto\u015b\u0107 energetyczna &#8211; 932 kJ\/219 kcal  <br \/>T\u0142uszcz &#8211; 0 g  <br \/>w tym kwasy t\u0142uszczowe nasycone &#8211; 0 g  <br \/>W\u0119glowodany &#8211; 55 g  <br \/>w tym cukry &#8211; 53 g  <br \/>Bia\u0142ko &#8211; 0,1 g  <br \/>S\u00f3l &#8211; 0,1 g<\/p>\n<p>ZALECANE WARUNKI PRZECHOWYWANIA<br \/>Przechowywa\u0107 w suchym i ch\u0142odnym miejscu, a po otwarciu przechowywa\u0107 w lod\u00f3wce.<\/p>","protected":false},"excerpt":{"rendered":"<p>SK\u0141ADNIKIwoda, owoce pigwowca* (16,7 %), cukier trzcinowy*. (*certyfikowany sk\u0142adnik ekologiczny) OPISSyrop jest przyjemn\u0105 alternatyw\u0105 dla cukru jako dodatek do herbat, innych napoj\u00f3w czy deser\u00f3w. WARTO\u015a\u0106 OD\u017bYWCZA W 100 g Warto\u015b\u0107 energetyczna &#8211; 932 kJ\/219 kcal T\u0142uszcz &#8211; 0 g w tym kwasy t\u0142uszczowe nasycone &#8211; 0 g W\u0119glowodany &#8211; 55 g w tym cukry &#8211; [&hellip;]<\/p>","protected":false},"featured_media":779,"comment_status":"closed","ping_status":"open","template":"","meta":{"_acf_changed":false},"product_brand":[],"product_cat":[134,744],"product_tag":[],"class_list":{"0":"post-778","1":"product","2":"type-product","3":"status-publish","4":"has-post-thumbnail","6":"product_cat-napoje","7":"product_cat-syropy-owocowe-i-inne","8":"pa_ean-matka-743","9":"pa_gwarancja-przydatnosci-324","10":"pa_ilosc-w-opakowaniu-350","11":"pa_jednostka-podstawowa-szt","12":"pa_kod-cn-2009-89-79","13":"pa_objetosc-brutto-742","14":"pa_objetosc-netto-740","15":"pa_producent-dary-natury-inne","16":"pa_producent-nazwa-adres-miroslaw-angielczyk-dary-natury-koryciny-73-17-315-grodzisk","17":"pa_tagi-bez-glutenu-w-skladnikach","18":"pa_tagi-certyfikat-bio","19":"pa_tagi-weganski","20":"pa_tagi-wegetarianski","22":"first","23":"instock","24":"taxable","25":"shipping-taxable","26":"purchasable","27":"product-type-simple"},"acf":[],"_links":{"self":[{"href":"https:\/\/wiejskieprzysmaki.estima.site\/en\/wp-json\/wp\/v2\/product\/778","targetHints":{"allow":["GET"]}}],"collection":[{"href":"https:\/\/wiejskieprzysmaki.estima.site\/en\/wp-json\/wp\/v2\/product"}],"about":[{"href":"https:\/\/wiejskieprzysmaki.estima.site\/en\/wp-json\/wp\/v2\/types\/product"}],"replies":[{"embeddable":true,"href":"https:\/\/wiejskieprzysmaki.estima.site\/en\/wp-json\/wp\/v2\/comments?post=778"}],"wp:featuredmedia":[{"embeddable":true,"href":"https:\/\/wiejskieprzysmaki.estima.site\/en\/wp-json\/wp\/v2\/media\/779"}],"wp:attachment":[{"href":"https:\/\/wiejskieprzysmaki.estima.site\/en\/wp-json\/wp\/v2\/media?parent=778"}],"wp:term":[{"taxonomy":"product_brand","embeddable":true,"href":"https:\/\/wiejskieprzysmaki.estima.site\/en\/wp-json\/wp\/v2\/product_brand?post=778"},{"taxonomy":"product_cat","embeddable":true,"href":"https:\/\/wiejskieprzysmaki.estima.site\/en\/wp-json\/wp\/v2\/product_cat?post=778"},{"taxonomy":"product_tag","embeddable":true,"href":"https:\/\/wiejskieprzysmaki.estima.site\/en\/wp-json\/wp\/v2\/product_tag?post=778"}],"curies":[{"name":"wp","href":"https:\/\/api.w.org\/{rel}","templated":true}]}}