{"id":7816,"date":"2025-02-18T11:49:21","date_gmt":"2025-02-18T10:49:21","guid":{"rendered":"https:\/\/wiejskieprzysmaki.estima.site\/produkt\/bulka-tarta-bezglutenowa-500-g-balviten\/"},"modified":"2025-02-18T11:49:21","modified_gmt":"2025-02-18T10:49:21","slug":"bulka-tarta-bezglutenowa-500-g-balviten","status":"publish","type":"product","link":"https:\/\/wiejskieprzysmaki.estima.site\/en\/product\/bulka-tarta-bezglutenowa-500-g-balviten\/","title":{"rendered":"BU\u0141KA TARTA BEZGLUTENOWA 500 g &#8211; BALVITEN"},"content":{"rendered":"<p>SK\u0141ADNIKI<br \/>skrobia kukurydziana, olej rzepakowy, cukier, glukoza, dro\u017cd\u017ce, s\u00f3l, substancja zag\u0119szczaj\u0105ca: guma guar; b\u0142onnik ziemniaczany, woda, substancja spulchniaj\u0105ca: w\u0119glany sodu. <\/p>\n<p>OPIS<br \/>Bu\u0142ka tarta najcz\u0119\u015bciej stosowana jest jako sk\u0142adnik panierek, farszy lub zapiekanek. Doskonale nadaje si\u0119 do obtaczania kotlet\u00f3w lub do zasma\u017cek.<br \/>U\u017cywana jest r\u00f3wnie\u017c do posypywania form do ciasta, co zapobiega jego przywieraniu.<br \/>Poza tym jest naturalnym zag\u0119szczaczem r\u00f3\u017cnego rodzaju potraw, np. kotlet\u00f3w mielonych czy sos\u00f3w.<\/p>\n<p>WARTO\u015a\u0106 OD\u017bYWCZA W 100 g<br \/>Warto\u015b\u0107 energetyczna &#8211; 1792 kJ\/424 kcal<br \/>T\u0142uszcz &#8211; 7,7 g<br \/>w tym kwasy t\u0142uszczowe nasycone &#8211; 0,5 g<br \/>W\u0119glowodany &#8211; 85 g<br \/>w tym cukry &#8211; 6,7 g<br \/>B\u0142onnik &#8211; 4,3 g<br \/>Bia\u0142ko &#8211; 1,5 g<br \/>S\u00f3l &#8211; 1,7 g<\/p>\n<p>INFORMACJA ALERGENNA<br \/>Mo\u017ce zawiera\u0107: MLEKO, SOJ\u0118, JAJA, nasiona sezamu.<\/p>\n<p>ZALECANE WARUNKI PRZECHOWYWANIA<br \/>Przechowywa\u0107 w suchym i ch\u0142odnym miejscu.<\/p>","protected":false},"excerpt":{"rendered":"<p>SK\u0141ADNIKIskrobia kukurydziana, olej rzepakowy, cukier, glukoza, dro\u017cd\u017ce, s\u00f3l, substancja zag\u0119szczaj\u0105ca: guma guar; b\u0142onnik ziemniaczany, woda, substancja spulchniaj\u0105ca: w\u0119glany sodu. OPISBu\u0142ka tarta najcz\u0119\u015bciej stosowana jest jako sk\u0142adnik panierek, farszy lub zapiekanek. Doskonale nadaje si\u0119 do obtaczania kotlet\u00f3w lub do zasma\u017cek.U\u017cywana jest r\u00f3wnie\u017c do posypywania form do ciasta, co zapobiega jego przywieraniu.Poza tym jest naturalnym zag\u0119szczaczem r\u00f3\u017cnego [&hellip;]<\/p>","protected":false},"featured_media":7817,"comment_status":"closed","ping_status":"open","template":"","meta":{"_acf_changed":false},"product_brand":[],"product_cat":[537,64],"product_tag":[],"class_list":{"0":"post-7816","1":"product","2":"type-product","3":"status-publish","4":"has-post-thumbnail","6":"product_cat-bulka-tarta-panierki","7":"product_cat-pieczywo","8":"pa_ean-matka-6125","9":"pa_gwarancja-przydatnosci-324","10":"pa_ilosc-w-opakowaniu-694","11":"pa_jednostka-podstawowa-szt","12":"pa_kod-cn-1905-90-30","13":"pa_masa-netto-347","14":"pa_objetosc-brutto-6124","15":"pa_producent-balviten-chleby-mieszanki-do-wypieku","16":"pa_producent-nazwa-adres-balviten-aleja-wojciecha-korfantego-191-40-153-katowice","17":"pa_tagi-bez-glutenu-deklaracja","18":"pa_tagi-bez-glutenu-w-skladnikach","19":"pa_tagi-weganski","20":"pa_tagi-wegetarianski","22":"first","23":"instock","24":"taxable","25":"shipping-taxable","26":"purchasable","27":"product-type-simple"},"acf":[],"_links":{"self":[{"href":"https:\/\/wiejskieprzysmaki.estima.site\/en\/wp-json\/wp\/v2\/product\/7816","targetHints":{"allow":["GET"]}}],"collection":[{"href":"https:\/\/wiejskieprzysmaki.estima.site\/en\/wp-json\/wp\/v2\/product"}],"about":[{"href":"https:\/\/wiejskieprzysmaki.estima.site\/en\/wp-json\/wp\/v2\/types\/product"}],"replies":[{"embeddable":true,"href":"https:\/\/wiejskieprzysmaki.estima.site\/en\/wp-json\/wp\/v2\/comments?post=7816"}],"wp:featuredmedia":[{"embeddable":true,"href":"https:\/\/wiejskieprzysmaki.estima.site\/en\/wp-json\/wp\/v2\/media\/7817"}],"wp:attachment":[{"href":"https:\/\/wiejskieprzysmaki.estima.site\/en\/wp-json\/wp\/v2\/media?parent=7816"}],"wp:term":[{"taxonomy":"product_brand","embeddable":true,"href":"https:\/\/wiejskieprzysmaki.estima.site\/en\/wp-json\/wp\/v2\/product_brand?post=7816"},{"taxonomy":"product_cat","embeddable":true,"href":"https:\/\/wiejskieprzysmaki.estima.site\/en\/wp-json\/wp\/v2\/product_cat?post=7816"},{"taxonomy":"product_tag","embeddable":true,"href":"https:\/\/wiejskieprzysmaki.estima.site\/en\/wp-json\/wp\/v2\/product_tag?post=7816"}],"curies":[{"name":"wp","href":"https:\/\/api.w.org\/{rel}","templated":true}]}}