{"id":7820,"date":"2025-02-18T11:49:21","date_gmt":"2025-02-18T10:49:21","guid":{"rendered":"https:\/\/wiejskieprzysmaki.estima.site\/produkt\/chleb-krojony-keto-o-obnizonej-ilosci-weglowodanow-bezglutenowy-190-g-balviten\/"},"modified":"2025-02-18T11:49:25","modified_gmt":"2025-02-18T10:49:25","slug":"chleb-krojony-keto-o-obnizonej-ilosci-weglowodanow-bezglutenowy-190-g-balviten","status":"publish","type":"product","link":"https:\/\/wiejskieprzysmaki.estima.site\/en\/product\/chleb-krojony-keto-o-obnizonej-ilosci-weglowodanow-bezglutenowy-190-g-balviten\/","title":{"rendered":"CHLEB KROJONY KETO O OBNI\u017bONEJ ILO\u015aCI W\u0118GLOWODAN\u00d3W BEZGLUTENOWY 190 g &#8211; BALVITEN"},"content":{"rendered":"<p>SK\u0141ADNIKI<br \/>woda, nasiona (lnu, s\u0142onecznika, konopi), \u0142uski psyllium, m\u0105ka lniana, m\u0105ka kokosowa, olej s\u0142onecznikowy, bia\u0142ko JAJA w proszku, b\u0142onnik jab\u0142kowy, substancje spulchniaj\u0105ce (winiany potasu, lakton kwasu glukonowego, wodorow\u0119glan sodu), ostropest plamisty, b\u0142onnik: cytrusowy, bambusowy; s\u00f3l.<\/p>\n<p>OPIS<br \/>Pieczywo o obni\u017conej zawarto\u015bci w\u0119glowodan\u00f3w. \u0179r\u00f3d\u0142o bia\u0142ka. Wysoka zawarto\u015b\u0107 b\u0142onnika pokarmowego. Niska zawarto\u015b\u0107 cukr\u00f3w. <br \/>Pakowano w atmosferze ochronnej. Produkt gotowy do spo\u017cycia.<\/p>\n<p>WARTO\u015a\u0106 OD\u017bYWCZA W 100 g<br \/>Warto\u015b\u0107 energetyczna &#8211; 1155 kJ\/280 kcal<br \/>T\u0142uszcz &#8211; 19 g<br \/>w tym kwasy t\u0142uszczowe nasycone &#8211; 3,2 g<br \/>W\u0119glowodany &#8211; 1,7 g<br \/>w tym cukry &#8211; 1,7 g<br \/>B\u0142onnik &#8211; 20 g<br \/>Bia\u0142ko &#8211; 15 g<br \/>S\u00f3l &#8211; 1,0 g<\/p>\n<p>INFORMACJA ALERGENNA<br \/>Mo\u017ce zawiera\u0107 SOJ\u0118 i nasiona sezamu.<\/p>\n<p>ZALECANE WARUNKI PRZECHOWYWANIA<br \/>Przechowywa\u0107 w suchym i ch\u0142odnym miejscu. Po otwarciu spo\u017cy\u0107 w ci\u0105gu 48 godzin. <\/p>","protected":false},"excerpt":{"rendered":"<p>SK\u0141ADNIKIwoda, nasiona (lnu, s\u0142onecznika, konopi), \u0142uski psyllium, m\u0105ka lniana, m\u0105ka kokosowa, olej s\u0142onecznikowy, bia\u0142ko JAJA w proszku, b\u0142onnik jab\u0142kowy, substancje spulchniaj\u0105ce (winiany potasu, lakton kwasu glukonowego, wodorow\u0119glan sodu), ostropest plamisty, b\u0142onnik: cytrusowy, bambusowy; s\u00f3l. OPISPieczywo o obni\u017conej zawarto\u015bci w\u0119glowodan\u00f3w. \u0179r\u00f3d\u0142o bia\u0142ka. Wysoka zawarto\u015b\u0107 b\u0142onnika pokarmowego. Niska zawarto\u015b\u0107 cukr\u00f3w. Pakowano w atmosferze ochronnej. Produkt gotowy do [&hellip;]<\/p>","protected":false},"featured_media":7821,"comment_status":"closed","ping_status":"open","template":"","meta":{"_acf_changed":false},"product_brand":[],"product_cat":[1437,64],"product_tag":[],"class_list":{"0":"post-7820","1":"product","2":"type-product","3":"status-publish","4":"has-post-thumbnail","6":"product_cat-chleby-bulki","7":"product_cat-pieczywo","8":"pa_ean-matka-6128","9":"pa_gwarancja-przydatnosci-535","10":"pa_ilosc-w-opakowaniu-674","11":"pa_jednostka-podstawowa-szt","12":"pa_kod-cn-1905-90-30","13":"pa_masa-netto-1057","14":"pa_objetosc-brutto-6127","15":"pa_producent-balviten-chleby-mieszanki-do-wypieku","16":"pa_producent-nazwa-adres-balviten-aleja-wojciecha-korfantego-191-40-153-katowice","17":"pa_tagi-bez-cukru-w-skladnikach","18":"pa_tagi-bez-glutenu-deklaracja","19":"pa_tagi-bez-glutenu-w-skladnikach","20":"pa_tagi-wegetarianski","22":"first","23":"instock","24":"taxable","25":"shipping-taxable","26":"purchasable","27":"product-type-simple"},"acf":[],"_links":{"self":[{"href":"https:\/\/wiejskieprzysmaki.estima.site\/en\/wp-json\/wp\/v2\/product\/7820","targetHints":{"allow":["GET"]}}],"collection":[{"href":"https:\/\/wiejskieprzysmaki.estima.site\/en\/wp-json\/wp\/v2\/product"}],"about":[{"href":"https:\/\/wiejskieprzysmaki.estima.site\/en\/wp-json\/wp\/v2\/types\/product"}],"replies":[{"embeddable":true,"href":"https:\/\/wiejskieprzysmaki.estima.site\/en\/wp-json\/wp\/v2\/comments?post=7820"}],"wp:featuredmedia":[{"embeddable":true,"href":"https:\/\/wiejskieprzysmaki.estima.site\/en\/wp-json\/wp\/v2\/media\/7821"}],"wp:attachment":[{"href":"https:\/\/wiejskieprzysmaki.estima.site\/en\/wp-json\/wp\/v2\/media?parent=7820"}],"wp:term":[{"taxonomy":"product_brand","embeddable":true,"href":"https:\/\/wiejskieprzysmaki.estima.site\/en\/wp-json\/wp\/v2\/product_brand?post=7820"},{"taxonomy":"product_cat","embeddable":true,"href":"https:\/\/wiejskieprzysmaki.estima.site\/en\/wp-json\/wp\/v2\/product_cat?post=7820"},{"taxonomy":"product_tag","embeddable":true,"href":"https:\/\/wiejskieprzysmaki.estima.site\/en\/wp-json\/wp\/v2\/product_tag?post=7820"}],"curies":[{"name":"wp","href":"https:\/\/api.w.org\/{rel}","templated":true}]}}