{"id":784,"date":"2025-02-18T10:31:49","date_gmt":"2025-02-18T09:31:49","guid":{"rendered":"https:\/\/wiejskieprzysmaki.estima.site\/produkt\/hummus-z-suszonymi-pomidorami-bezglutenowy-bio-170-g-florentin\/"},"modified":"2025-02-18T10:31:59","modified_gmt":"2025-02-18T09:31:59","slug":"hummus-z-suszonymi-pomidorami-bezglutenowy-bio-170-g-florentin","status":"publish","type":"product","link":"https:\/\/wiejskieprzysmaki.estima.site\/en\/product\/hummus-z-suszonymi-pomidorami-bezglutenowy-bio-170-g-florentin\/","title":{"rendered":"HUMMUS Z SUSZONYMI POMIDORAMI BEZGLUTENOWY BIO 170 g &#8211; FLORENTIN"},"content":{"rendered":"<p>SK\u0141ADNIKI<br \/>gotowana ciecierzyca* (55 %) (woda, ciecierzyca*), woda, pasta SEZAMOWA* (11 %), olej s\u0142onecznikowy*, suszone pomidory* (5 %), bazylia* (1,7 %), s\u00f3l morska, regulator kwasowo\u015bci: kwas mlekowy**, czosnek*. (*certyfikowany sk\u0142adnik ekologiczny, **sk\u0142adnik pozyskany z trzciny cukrowej)<\/p>\n<p>OPIS <br \/>Pasta z ciecierzycy z tahini i suszonymi pomidorami. <\/p>\n<p>WARTO\u015a\u0106 OD\u017bYWCZA W 100 g<br \/>Warto\u015b\u0107 energetyczna: 860 kJ\/210 kcal <br \/>T\u0142uszcz: 14,9 g <br \/>w tym kwasy nasycone: 1,7 g <br \/>W\u0119glowodany: 8,9 g <br \/>w tym cukry: 2,2 g <br \/>B\u0142onnik: 4,9 g <br \/>Bia\u0142ko: 6,9 g <br \/>S\u00f3l: 1,3 g<\/p>\n<p>ZALECANE WARUNKI PRZECHOWYWANIA<br \/>Przechowywa\u0107 w temperaturze do +7\u00b0C.<\/p>","protected":false},"excerpt":{"rendered":"<p>SK\u0141ADNIKIgotowana ciecierzyca* (55 %) (woda, ciecierzyca*), woda, pasta SEZAMOWA* (11 %), olej s\u0142onecznikowy*, suszone pomidory* (5 %), bazylia* (1,7 %), s\u00f3l morska, regulator kwasowo\u015bci: kwas mlekowy**, czosnek*. (*certyfikowany sk\u0142adnik ekologiczny, **sk\u0142adnik pozyskany z trzciny cukrowej) OPIS Pasta z ciecierzycy z tahini i suszonymi pomidorami. WARTO\u015a\u0106 OD\u017bYWCZA W 100 gWarto\u015b\u0107 energetyczna: 860 kJ\/210 kcal T\u0142uszcz: 14,9 [&hellip;]<\/p>","protected":false},"featured_media":785,"comment_status":"closed","ping_status":"open","template":"","meta":{"_acf_changed":false},"product_brand":[],"product_cat":[274,753],"product_tag":[],"class_list":{"0":"post-784","1":"product","2":"type-product","3":"status-publish","4":"has-post-thumbnail","6":"product_cat-lodowka-inne","7":"product_cat-majonezy-hummusy-sosy-pasty","8":"pa_ean-matka-754","9":"pa_gwarancja-przydatnosci-481","10":"pa_ilosc-w-opakowaniu-298","11":"pa_jednostka-podstawowa-szt","12":"pa_kod-cn-2005-99-80","13":"pa_masa-netto-748","14":"pa_objetosc-brutto-750","15":"pa_producent-florentin-hummusy-falafel-pita","16":"pa_producent-nazwa-adres-florentin-bv-energieweg-132-3641-rt-mijdrecht","17":"pa_tagi-bez-cukru-w-skladnikach","18":"pa_tagi-bez-glutenu-deklaracja","19":"pa_tagi-bez-glutenu-w-skladnikach","20":"pa_tagi-certyfikat-bio","21":"pa_tagi-weganski","22":"pa_tagi-wegetarianski","24":"first","25":"instock","26":"taxable","27":"shipping-taxable","28":"purchasable","29":"product-type-simple"},"acf":[],"_links":{"self":[{"href":"https:\/\/wiejskieprzysmaki.estima.site\/en\/wp-json\/wp\/v2\/product\/784","targetHints":{"allow":["GET"]}}],"collection":[{"href":"https:\/\/wiejskieprzysmaki.estima.site\/en\/wp-json\/wp\/v2\/product"}],"about":[{"href":"https:\/\/wiejskieprzysmaki.estima.site\/en\/wp-json\/wp\/v2\/types\/product"}],"replies":[{"embeddable":true,"href":"https:\/\/wiejskieprzysmaki.estima.site\/en\/wp-json\/wp\/v2\/comments?post=784"}],"wp:featuredmedia":[{"embeddable":true,"href":"https:\/\/wiejskieprzysmaki.estima.site\/en\/wp-json\/wp\/v2\/media\/785"}],"wp:attachment":[{"href":"https:\/\/wiejskieprzysmaki.estima.site\/en\/wp-json\/wp\/v2\/media?parent=784"}],"wp:term":[{"taxonomy":"product_brand","embeddable":true,"href":"https:\/\/wiejskieprzysmaki.estima.site\/en\/wp-json\/wp\/v2\/product_brand?post=784"},{"taxonomy":"product_cat","embeddable":true,"href":"https:\/\/wiejskieprzysmaki.estima.site\/en\/wp-json\/wp\/v2\/product_cat?post=784"},{"taxonomy":"product_tag","embeddable":true,"href":"https:\/\/wiejskieprzysmaki.estima.site\/en\/wp-json\/wp\/v2\/product_tag?post=784"}],"curies":[{"name":"wp","href":"https:\/\/api.w.org\/{rel}","templated":true}]}}