{"id":7846,"date":"2025-02-18T11:49:33","date_gmt":"2025-02-18T10:49:33","guid":{"rendered":"https:\/\/wiejskieprzysmaki.estima.site\/produkt\/czarnuszka-150-g-naturavena\/"},"modified":"2025-02-18T11:49:41","modified_gmt":"2025-02-18T10:49:41","slug":"czarnuszka-150-g-naturavena","status":"publish","type":"product","link":"https:\/\/wiejskieprzysmaki.estima.site\/en\/product\/czarnuszka-150-g-naturavena\/","title":{"rendered":"CZARNUSZKA 150 g &#8211; NATURAVENA"},"content":{"rendered":"<p>SK\u0141ADNIKI  <br \/>czarnuszka 100 %.\t\t\t\t<\/p>\n<p>OPIS  <br \/>Czarnuszka nazywana czarnym kminkiem to doskona\u0142e urozmaicenie ka\u017cdej potrawy. Polecamy jako dodatek do sa\u0142atek pieczywa i innych wypiek\u00f3w.\t<\/p>\n<p>Warto\u015b\u0107 od\u017cywcza \tw 100 g<br \/>Warto\u015b\u0107 energetyczna \t2484 kJ\/599 kcal<br \/>T\u0142uszcz \t37 g<br \/>w tym kwasy t\u0142uszczowe nasycone \t0 g<br \/>W\u0119glowodany \t31 g<br \/>w tym cukry \t0 g<br \/>B\u0142onnik \t31 g<br \/>Bia\u0142ko \t20 g<br \/>S\u00f3l \t0 g<\/p>\n<p>ZALECANE WARUNKI PRZECHOWYWANIA  <br \/>Przechowywa\u0107 w suchym i ch\u0142odnym miejscu.\t\t\t\t<\/p>\n<p><\/p>","protected":false},"excerpt":{"rendered":"<p>SK\u0141ADNIKI czarnuszka 100 %. OPIS Czarnuszka nazywana czarnym kminkiem to doskona\u0142e urozmaicenie ka\u017cdej potrawy. Polecamy jako dodatek do sa\u0142atek pieczywa i innych wypiek\u00f3w. Warto\u015b\u0107 od\u017cywcza w 100 gWarto\u015b\u0107 energetyczna 2484 kJ\/599 kcalT\u0142uszcz 37 gw tym kwasy t\u0142uszczowe nasycone 0 gW\u0119glowodany 31 gw tym cukry 0 gB\u0142onnik 31 gBia\u0142ko 20 gS\u00f3l 0 g ZALECANE WARUNKI PRZECHOWYWANIA [&hellip;]<\/p>","protected":false},"featured_media":7847,"comment_status":"closed","ping_status":"open","template":"","meta":{"_acf_changed":false},"product_brand":[],"product_cat":[238,229],"product_tag":[],"class_list":{"0":"post-7846","1":"product","2":"type-product","3":"status-publish","4":"has-post-thumbnail","6":"product_cat-jednorodne","7":"product_cat-przyprawy-i-ziola","8":"pa_ean-matka-6145","9":"pa_gwarancja-przydatnosci-522","10":"pa_ilosc-w-opakowaniu-331","11":"pa_jednostka-podstawowa-szt","12":"pa_kod-cn-0910-99-91","13":"pa_kraj-pochodzenia-skladnikow-syria","14":"pa_masa-netto-197","15":"pa_objetosc-brutto-338","16":"pa_producent-naturavena","17":"pa_producent-nazwa-adres-bio-planet-s-a-wilkowa-wies-7-05-084-leszno","18":"pa_tagi-bez-cukru-w-skladnikach","19":"pa_tagi-bez-glutenu-w-skladnikach","20":"pa_tagi-weganski","21":"pa_tagi-wegetarianski","23":"first","24":"instock","25":"taxable","26":"shipping-taxable","27":"purchasable","28":"product-type-simple"},"acf":[],"_links":{"self":[{"href":"https:\/\/wiejskieprzysmaki.estima.site\/en\/wp-json\/wp\/v2\/product\/7846","targetHints":{"allow":["GET"]}}],"collection":[{"href":"https:\/\/wiejskieprzysmaki.estima.site\/en\/wp-json\/wp\/v2\/product"}],"about":[{"href":"https:\/\/wiejskieprzysmaki.estima.site\/en\/wp-json\/wp\/v2\/types\/product"}],"replies":[{"embeddable":true,"href":"https:\/\/wiejskieprzysmaki.estima.site\/en\/wp-json\/wp\/v2\/comments?post=7846"}],"wp:featuredmedia":[{"embeddable":true,"href":"https:\/\/wiejskieprzysmaki.estima.site\/en\/wp-json\/wp\/v2\/media\/7847"}],"wp:attachment":[{"href":"https:\/\/wiejskieprzysmaki.estima.site\/en\/wp-json\/wp\/v2\/media?parent=7846"}],"wp:term":[{"taxonomy":"product_brand","embeddable":true,"href":"https:\/\/wiejskieprzysmaki.estima.site\/en\/wp-json\/wp\/v2\/product_brand?post=7846"},{"taxonomy":"product_cat","embeddable":true,"href":"https:\/\/wiejskieprzysmaki.estima.site\/en\/wp-json\/wp\/v2\/product_cat?post=7846"},{"taxonomy":"product_tag","embeddable":true,"href":"https:\/\/wiejskieprzysmaki.estima.site\/en\/wp-json\/wp\/v2\/product_tag?post=7846"}],"curies":[{"name":"wp","href":"https:\/\/api.w.org\/{rel}","templated":true}]}}