{"id":7852,"date":"2025-02-18T11:49:33","date_gmt":"2025-02-18T10:49:33","guid":{"rendered":"https:\/\/wiejskieprzysmaki.estima.site\/produkt\/blonnik-witalny-250-g-naturavena\/"},"modified":"2025-02-20T15:12:05","modified_gmt":"2025-02-20T14:12:05","slug":"blonnik-witalny-250-g-naturavena","status":"publish","type":"product","link":"https:\/\/wiejskieprzysmaki.estima.site\/en\/product\/blonnik-witalny-250-g-naturavena\/","title":{"rendered":"B\u0141ONNIK WITALNY 250 g &#8211; NATURAVENA"},"content":{"rendered":"<p>SK\u0141ADNIKI<br \/>suszone nasiona babki p\u0142esznik (Plantago psyllium L.) (80 %), suszona \u0142upina babki jajowatej (Plantago ovata) (20 %).\t\t\t\t\t<\/p>\n<p>OPIS\t\t\t\t\t\t\t\t\t\t\t\t\t\t\t\t\t\t\t\t\t\t\t\t  \t\t\t\t\t\t\t\t\t\t\t \t\t\t\t\t\t\t\t\t\t\t\t\t\t\t\t<br \/>B\u0142onnik witalny jest po\u0142\u0105czeniem nasion babki p\u0142esznik oraz \u0142usek babki jajowatej. Pomaga w prawid\u0142owym funkcjonowaniu przewodu pokarmowego. <\/p>\n<p>ZALECANE SPO\u017bYCIE<br \/>2 razy dziennie po 6 g (1 czubata \u0142y\u017ceczka), co odpowiada 6,5 g b\u0142onnika. Nale\u017cy zala\u0107 ciep\u0142\u0105 wod\u0105, odczeka\u0107 5-10 minut i wypi\u0107. Nie nale\u017cy przekracza\u0107 zalecanej porcji do spo\u017cycia w ci\u0105gu dnia. Podczas spo\u017cywania produktu zalecane jest picie du\u017cej ilo\u015bci p\u0142yn\u00f3w. Nale\u017cy zachowa\u0107 szczeg\u00f3ln\u0105 ostro\u017cno\u015b\u0107 w podawaniu dzieciom. Nie nale\u017cy przekracza\u0107 zalecanej porcji do spo\u017cycia w ci\u0105gu dnia. <br \/>Suplement diety nie mo\u017ce by\u0107 stosowany jako substytut zr\u00f3\u017cnicowanej diety.\t<\/p>\n<p>WARTO\u015a\u0106 OD\u017bYWCZA W 100 g <br \/>Warto\u015b\u0107 energetyczna 1059 kJ\/256 kcal\t\t<br \/>T\u0142uszcz\t5,8 g\t\t<br \/>w tym kwasy t\u0142uszczowe nasycone\t0,8 g\t\t<br \/>W\u0119glowodany\t12,6 g\t<br \/>w tym cukry\t0,5 g\t\t<br \/>B\u0142onnik\t54 g\t\t<br \/>Bia\u0142ko 11,3 g\t\t<br \/>S\u00f3l\t0,34 g\t<\/p>\n<p>INFORMACJA ALERGENNA\t<br \/>Produkt mo\u017ce zawiera\u0107: ZBO\u017bA ZAWIERAJ\u0104CE GLUTEN, ORZECHY, ORZESZKI ZIEMNE, NASIONA SEZAMU, SOJ\u0118\t\t\t\t\t<\/p>\n<p>ZALECANE WARUNKI PRZECHOWYWANIA\t\t\t\t\t\t\t\t\t\t\t\t\t\t<br \/>Przechowywa\u0107 w suchym i ch\u0142odnym miejscu, w spos\u00f3b niedost\u0119pny dla ma\u0142ych dzieci.<\/p>\n<p><\/p>","protected":false},"excerpt":{"rendered":"<p>SK\u0141ADNIKIsuszone nasiona babki p\u0142esznik (Plantago psyllium L.) (80 %), suszona \u0142upina babki jajowatej (Plantago ovata) (20 %). OPIS B\u0142onnik witalny jest po\u0142\u0105czeniem nasion babki p\u0142esznik oraz \u0142usek babki jajowatej. Pomaga w prawid\u0142owym funkcjonowaniu przewodu pokarmowego. ZALECANE SPO\u017bYCIE2 razy dziennie po 6 g (1 czubata \u0142y\u017ceczka), co odpowiada 6,5 g b\u0142onnika. Nale\u017cy zala\u0107 ciep\u0142\u0105 wod\u0105, odczeka\u0107 [&hellip;]<\/p>","protected":false},"featured_media":7853,"comment_status":"closed","ping_status":"open","template":"","meta":{"_acf_changed":false},"product_brand":[],"product_cat":[290,9057],"product_tag":[],"class_list":{"0":"post-7852","1":"product","2":"type-product","3":"status-publish","4":"has-post-thumbnail","6":"product_cat-produkty-sproszkowane","7":"product_cat-suplementy-diety","8":"pa_ean-matka-6148","9":"pa_gwarancja-przydatnosci-320","10":"pa_ilosc-w-opakowaniu-331","11":"pa_jednostka-podstawowa-szt","12":"pa_kod-cn-2106-90-98","13":"pa_kraj-pochodzenia-skladnikow-polska","14":"pa_masa-netto-480","15":"pa_objetosc-brutto-855","16":"pa_producent-naturavena","17":"pa_producent-nazwa-adres-bio-planet-s-a-wilkowa-wies-7-05-084-leszno","18":"pa_tagi-bez-cukru-w-skladnikach","19":"pa_tagi-bez-glutenu-w-skladnikach","20":"pa_tagi-weganski","21":"pa_tagi-wegetarianski","23":"first","24":"instock","25":"taxable","26":"shipping-taxable","27":"purchasable","28":"product-type-simple"},"acf":[],"_links":{"self":[{"href":"https:\/\/wiejskieprzysmaki.estima.site\/en\/wp-json\/wp\/v2\/product\/7852","targetHints":{"allow":["GET"]}}],"collection":[{"href":"https:\/\/wiejskieprzysmaki.estima.site\/en\/wp-json\/wp\/v2\/product"}],"about":[{"href":"https:\/\/wiejskieprzysmaki.estima.site\/en\/wp-json\/wp\/v2\/types\/product"}],"replies":[{"embeddable":true,"href":"https:\/\/wiejskieprzysmaki.estima.site\/en\/wp-json\/wp\/v2\/comments?post=7852"}],"wp:featuredmedia":[{"embeddable":true,"href":"https:\/\/wiejskieprzysmaki.estima.site\/en\/wp-json\/wp\/v2\/media\/7853"}],"wp:attachment":[{"href":"https:\/\/wiejskieprzysmaki.estima.site\/en\/wp-json\/wp\/v2\/media?parent=7852"}],"wp:term":[{"taxonomy":"product_brand","embeddable":true,"href":"https:\/\/wiejskieprzysmaki.estima.site\/en\/wp-json\/wp\/v2\/product_brand?post=7852"},{"taxonomy":"product_cat","embeddable":true,"href":"https:\/\/wiejskieprzysmaki.estima.site\/en\/wp-json\/wp\/v2\/product_cat?post=7852"},{"taxonomy":"product_tag","embeddable":true,"href":"https:\/\/wiejskieprzysmaki.estima.site\/en\/wp-json\/wp\/v2\/product_tag?post=7852"}],"curies":[{"name":"wp","href":"https:\/\/api.w.org\/{rel}","templated":true}]}}