{"id":7856,"date":"2025-02-18T11:49:48","date_gmt":"2025-02-18T10:49:48","guid":{"rendered":"https:\/\/wiejskieprzysmaki.estima.site\/produkt\/pomidory-cale-bez-skorki-bio-400-g-vitaliana\/"},"modified":"2025-02-18T11:49:48","modified_gmt":"2025-02-18T10:49:48","slug":"pomidory-cale-bez-skorki-bio-400-g-vitaliana","status":"publish","type":"product","link":"https:\/\/wiejskieprzysmaki.estima.site\/en\/product\/pomidory-cale-bez-skorki-bio-400-g-vitaliana\/","title":{"rendered":"POMIDORY CA\u0141E BEZ SK\u00d3RKI BIO 400 g &#8211; VITALIANA"},"content":{"rendered":"<p>SK\u0141ADNIKI <br \/>pomidory bez sk\u00f3rki* 60 %, sok pomidorowy* (*certyfikowany sk\u0142adnik ekologiczny)<\/p>\n<p>OPIS  <br \/>Produkt pasteryzowany.<\/p>\n<p>WARTO\u015a\u0106 OD\u017bYWCZA W 100 g <br \/>Warto\u015b\u0107 energetyczna: 97 kJ\/23 kcal<br \/>T\u0142uszcz : 0,5 g<br \/>w tym kwasy t\u0142uszczowe nasycone: 0 g<br \/>W\u0119glowodany: 3,0 g<br \/>w tym cukry: 3,0 g<br \/>B\u0142onnik: 0,9 g<br \/>Bia\u0142ko: 1,2 g<br \/>S\u00f3l: 0,02 g<\/p>\n<p>ZALECANE WARUNKI PRZECHOWYWANIA  <br \/>Przechowywa\u0107 w suchym i ch\u0142odnym miejscu. Po otwarciu przechowywa\u0107 w lod\u00f3wce i spo\u017cy\u0107 w ci\u0105gu 3 dni.<\/p>","protected":false},"excerpt":{"rendered":"<p>SK\u0141ADNIKI pomidory bez sk\u00f3rki* 60 %, sok pomidorowy* (*certyfikowany sk\u0142adnik ekologiczny) OPIS Produkt pasteryzowany. WARTO\u015a\u0106 OD\u017bYWCZA W 100 g Warto\u015b\u0107 energetyczna: 97 kJ\/23 kcalT\u0142uszcz : 0,5 gw tym kwasy t\u0142uszczowe nasycone: 0 gW\u0119glowodany: 3,0 gw tym cukry: 3,0 gB\u0142onnik: 0,9 gBia\u0142ko: 1,2 gS\u00f3l: 0,02 g ZALECANE WARUNKI PRZECHOWYWANIA Przechowywa\u0107 w suchym i ch\u0142odnym miejscu. Po [&hellip;]<\/p>","protected":false},"featured_media":7857,"comment_status":"closed","ping_status":"open","template":"","meta":{"_acf_changed":false},"product_brand":[],"product_cat":[1061,180],"product_tag":[],"class_list":{"0":"post-7856","1":"product","2":"type-product","3":"status-publish","4":"has-post-thumbnail","6":"product_cat-marynowane-kiszone","7":"product_cat-warzywa-i-grzyby-przetworzone","8":"pa_ean-matka-6151","9":"pa_gwarancja-przydatnosci-301","10":"pa_ilosc-w-opakowaniu-374","11":"pa_jednostka-podstawowa-szt","12":"pa_kod-cn-2002-10-11","13":"pa_kraj-pochodzenia-skladnikow-wlochy","14":"pa_masa-netto-268","15":"pa_objetosc-brutto-3198","16":"pa_producent-vitaliana","17":"pa_producent-nazwa-adres-bio-planet-s-a-wilkowa-wies-7-05-084-leszno","18":"pa_tagi-bez-cukru-w-skladnikach","19":"pa_tagi-bez-glutenu-w-skladnikach","20":"pa_tagi-certyfikat-bio","21":"pa_tagi-weganski","22":"pa_tagi-wegetarianski","24":"first","25":"instock","26":"taxable","27":"shipping-taxable","28":"purchasable","29":"product-type-simple"},"acf":[],"_links":{"self":[{"href":"https:\/\/wiejskieprzysmaki.estima.site\/en\/wp-json\/wp\/v2\/product\/7856","targetHints":{"allow":["GET"]}}],"collection":[{"href":"https:\/\/wiejskieprzysmaki.estima.site\/en\/wp-json\/wp\/v2\/product"}],"about":[{"href":"https:\/\/wiejskieprzysmaki.estima.site\/en\/wp-json\/wp\/v2\/types\/product"}],"replies":[{"embeddable":true,"href":"https:\/\/wiejskieprzysmaki.estima.site\/en\/wp-json\/wp\/v2\/comments?post=7856"}],"wp:featuredmedia":[{"embeddable":true,"href":"https:\/\/wiejskieprzysmaki.estima.site\/en\/wp-json\/wp\/v2\/media\/7857"}],"wp:attachment":[{"href":"https:\/\/wiejskieprzysmaki.estima.site\/en\/wp-json\/wp\/v2\/media?parent=7856"}],"wp:term":[{"taxonomy":"product_brand","embeddable":true,"href":"https:\/\/wiejskieprzysmaki.estima.site\/en\/wp-json\/wp\/v2\/product_brand?post=7856"},{"taxonomy":"product_cat","embeddable":true,"href":"https:\/\/wiejskieprzysmaki.estima.site\/en\/wp-json\/wp\/v2\/product_cat?post=7856"},{"taxonomy":"product_tag","embeddable":true,"href":"https:\/\/wiejskieprzysmaki.estima.site\/en\/wp-json\/wp\/v2\/product_tag?post=7856"}],"curies":[{"name":"wp","href":"https:\/\/api.w.org\/{rel}","templated":true}]}}