{"id":7858,"date":"2025-02-18T11:49:48","date_gmt":"2025-02-18T10:49:48","guid":{"rendered":"https:\/\/wiejskieprzysmaki.estima.site\/produkt\/wafle-orkiszowe-pelnoziarniste-z-sola-morska-bio-100-g-naturavena\/"},"modified":"2025-02-18T11:49:49","modified_gmt":"2025-02-18T10:49:49","slug":"wafle-orkiszowe-pelnoziarniste-z-sola-morska-bio-100-g-naturavena","status":"publish","type":"product","link":"https:\/\/wiejskieprzysmaki.estima.site\/en\/product\/wafle-orkiszowe-pelnoziarniste-z-sola-morska-bio-100-g-naturavena\/","title":{"rendered":"WAFLE ORKISZOWE PE\u0141NOZIARNISTE Z SOL\u0104 MORSK\u0104 BIO 100 g &#8211; NATURAVENA"},"content":{"rendered":"<p>SK\u0141ADNIKI <br \/>ekologiczna PSZENICA ORKISZ* 99,5 %, s\u00f3l morska 0,5 % <\/p>\n<p>OPIS <br \/>wysoka zawarto\u015b\u0107 b\u0142onnika pokarmowego<\/p>\n<p>WARTO\u015a\u0106 OD\u017bYWCZA W 100 g <br \/>Warto\u015b\u0107 energetyczna: 1520 kJ\/360 kcal <br \/>T\u0142uszcz: 4,1 g<br \/>w tym kwasy t\u0142uszczowe nasycone: 0,5 g\t<br \/>W\u0119glowodany: 61 g<br \/>w tym cukry: 2,4 g\t<br \/>B\u0142onnik: 9,5 g\t<br \/>Bia\u0142ko: 15 g <br \/>S\u00f3l: 0,51 g <\/p>\n<p>ZALECANE WARUNKI PRZECHOWYWANIA <br \/>Przechowywa\u0107 w suchym i ch\u0142odnym miejscu.<\/p>","protected":false},"excerpt":{"rendered":"<p>SK\u0141ADNIKI ekologiczna PSZENICA ORKISZ* 99,5 %, s\u00f3l morska 0,5 % OPIS wysoka zawarto\u015b\u0107 b\u0142onnika pokarmowego WARTO\u015a\u0106 OD\u017bYWCZA W 100 g Warto\u015b\u0107 energetyczna: 1520 kJ\/360 kcal T\u0142uszcz: 4,1 gw tym kwasy t\u0142uszczowe nasycone: 0,5 g W\u0119glowodany: 61 gw tym cukry: 2,4 g B\u0142onnik: 9,5 g Bia\u0142ko: 15 g S\u00f3l: 0,51 g ZALECANE WARUNKI PRZECHOWYWANIA Przechowywa\u0107 w [&hellip;]<\/p>","protected":false},"featured_media":7859,"comment_status":"closed","ping_status":"open","template":"","meta":{"_acf_changed":false},"product_brand":[],"product_cat":[64,1079],"product_tag":[],"class_list":{"0":"post-7858","1":"product","2":"type-product","3":"status-publish","4":"has-post-thumbnail","6":"product_cat-pieczywo","7":"product_cat-pieczywo-chrupkie","8":"pa_ean-matka-6152","9":"pa_gwarancja-przydatnosci-320","10":"pa_ilosc-w-opakowaniu-374","11":"pa_jednostka-podstawowa-szt","12":"pa_kod-cn-1905-90-55","13":"pa_kraj-pochodzenia-skladnikow-rolnictwo-ue","14":"pa_masa-netto-242","15":"pa_objetosc-brutto-1166","16":"pa_producent-naturavena-bio","17":"pa_producent-nazwa-adres-bio-planet-s-a-wilkowa-wies-7-05-084-leszno","18":"pa_tagi-bez-cukru-w-skladnikach","19":"pa_tagi-certyfikat-bio","20":"pa_tagi-weganski","21":"pa_tagi-wegetarianski","23":"first","24":"instock","25":"taxable","26":"shipping-taxable","27":"purchasable","28":"product-type-simple"},"acf":[],"_links":{"self":[{"href":"https:\/\/wiejskieprzysmaki.estima.site\/en\/wp-json\/wp\/v2\/product\/7858","targetHints":{"allow":["GET"]}}],"collection":[{"href":"https:\/\/wiejskieprzysmaki.estima.site\/en\/wp-json\/wp\/v2\/product"}],"about":[{"href":"https:\/\/wiejskieprzysmaki.estima.site\/en\/wp-json\/wp\/v2\/types\/product"}],"replies":[{"embeddable":true,"href":"https:\/\/wiejskieprzysmaki.estima.site\/en\/wp-json\/wp\/v2\/comments?post=7858"}],"wp:featuredmedia":[{"embeddable":true,"href":"https:\/\/wiejskieprzysmaki.estima.site\/en\/wp-json\/wp\/v2\/media\/7859"}],"wp:attachment":[{"href":"https:\/\/wiejskieprzysmaki.estima.site\/en\/wp-json\/wp\/v2\/media?parent=7858"}],"wp:term":[{"taxonomy":"product_brand","embeddable":true,"href":"https:\/\/wiejskieprzysmaki.estima.site\/en\/wp-json\/wp\/v2\/product_brand?post=7858"},{"taxonomy":"product_cat","embeddable":true,"href":"https:\/\/wiejskieprzysmaki.estima.site\/en\/wp-json\/wp\/v2\/product_cat?post=7858"},{"taxonomy":"product_tag","embeddable":true,"href":"https:\/\/wiejskieprzysmaki.estima.site\/en\/wp-json\/wp\/v2\/product_tag?post=7858"}],"curies":[{"name":"wp","href":"https:\/\/api.w.org\/{rel}","templated":true}]}}