{"id":7916,"date":"2025-02-18T11:50:33","date_gmt":"2025-02-18T10:50:33","guid":{"rendered":"https:\/\/wiejskieprzysmaki.estima.site\/produkt\/sok-z-buraka-250-ml-naturavena\/"},"modified":"2025-02-18T11:50:33","modified_gmt":"2025-02-18T10:50:33","slug":"sok-z-buraka-250-ml-naturavena","status":"publish","type":"product","link":"https:\/\/wiejskieprzysmaki.estima.site\/en\/product\/sok-z-buraka-250-ml-naturavena\/","title":{"rendered":"SOK Z BURAKA 250 ml &#8211; NATURAVENA"},"content":{"rendered":"<p>SK\u0141ADNIKI <br \/>Sok z buraka odtworzony z zag\u0119szczonego soku, przeciwutleniacz: kwas askorbinowy, regulator kwasowo\u015bci: kwas cytrynowy.<\/p>\n<p>OPIS <br \/>Sok z buraka polskiego o intensywnej czerwonej barwie, konsystencja klarowna, o lekko s\u0142odkawym smaku. Produkt zawiera naturalnie wyst\u0119puj\u0105ce cukry. Ka\u017cdorazowo przed spo\u017cyciem wstrz\u0105sn\u0105\u0107. Produkt pasteryzowany.<\/p>\n<p>WARTO\u015a\u0106 OD\u017bYWCZA W 100 ml<br \/>Warto\u015b\u0107 energetyczna 191 kJ\/ 45 kcal\t<br \/>T\u0142uszcz\t0 g\t<br \/>w tym kwasy t\u0142uszczowe nasycone\t0 g\t<br \/>W\u0119glowodany\t10 g <br \/>w tym cukry\t4,7 g\t<br \/>Bia\u0142ko 1 g <br \/>S\u00f3l 0,1 g <\/p>\n<p>ZALECANE WARUNKI PRZECHOWYWANIA<br \/>Przechowywa\u0107 w suchym i ch\u0142odnym miejscu. Po otwarciu przechowywa\u0107 w lod\u00f3wce przez okres 14 dni. Chroni\u0107 przed bezpo\u015brednim dzia\u0142aniem \u015bwiat\u0142a.<\/p>","protected":false},"excerpt":{"rendered":"<p>SK\u0141ADNIKI Sok z buraka odtworzony z zag\u0119szczonego soku, przeciwutleniacz: kwas askorbinowy, regulator kwasowo\u015bci: kwas cytrynowy. OPIS Sok z buraka polskiego o intensywnej czerwonej barwie, konsystencja klarowna, o lekko s\u0142odkawym smaku. Produkt zawiera naturalnie wyst\u0119puj\u0105ce cukry. Ka\u017cdorazowo przed spo\u017cyciem wstrz\u0105sn\u0105\u0107. Produkt pasteryzowany. WARTO\u015a\u0106 OD\u017bYWCZA W 100 mlWarto\u015b\u0107 energetyczna 191 kJ\/ 45 kcal T\u0142uszcz 0 g w [&hellip;]<\/p>","protected":false},"featured_media":7917,"comment_status":"closed","ping_status":"open","template":"","meta":{"_acf_changed":false},"product_brand":[],"product_cat":[134,863],"product_tag":[],"class_list":{"0":"post-7916","1":"product","2":"type-product","3":"status-publish","4":"has-post-thumbnail","6":"product_cat-napoje","7":"product_cat-soki-warzywne-warzywne-z-dodatkami-i-inne","8":"pa_ean-matka-6188","9":"pa_gwarancja-przydatnosci-979","10":"pa_ilosc-w-opakowaniu-298","11":"pa_jednostka-podstawowa-szt","12":"pa_kod-cn-2009-89-99","13":"pa_objetosc-brutto-5479","14":"pa_objetosc-netto-359","15":"pa_producent-naturavena","16":"pa_producent-nazwa-adres-bio-planet-s-a-wilkowa-wies-7-05-084-leszno","17":"pa_tagi-bez-cukru-w-skladnikach","18":"pa_tagi-bez-glutenu-w-skladnikach","19":"pa_tagi-weganski","20":"pa_tagi-wegetarianski","22":"first","23":"instock","24":"taxable","25":"shipping-taxable","26":"purchasable","27":"product-type-simple"},"acf":[],"_links":{"self":[{"href":"https:\/\/wiejskieprzysmaki.estima.site\/en\/wp-json\/wp\/v2\/product\/7916","targetHints":{"allow":["GET"]}}],"collection":[{"href":"https:\/\/wiejskieprzysmaki.estima.site\/en\/wp-json\/wp\/v2\/product"}],"about":[{"href":"https:\/\/wiejskieprzysmaki.estima.site\/en\/wp-json\/wp\/v2\/types\/product"}],"replies":[{"embeddable":true,"href":"https:\/\/wiejskieprzysmaki.estima.site\/en\/wp-json\/wp\/v2\/comments?post=7916"}],"wp:featuredmedia":[{"embeddable":true,"href":"https:\/\/wiejskieprzysmaki.estima.site\/en\/wp-json\/wp\/v2\/media\/7917"}],"wp:attachment":[{"href":"https:\/\/wiejskieprzysmaki.estima.site\/en\/wp-json\/wp\/v2\/media?parent=7916"}],"wp:term":[{"taxonomy":"product_brand","embeddable":true,"href":"https:\/\/wiejskieprzysmaki.estima.site\/en\/wp-json\/wp\/v2\/product_brand?post=7916"},{"taxonomy":"product_cat","embeddable":true,"href":"https:\/\/wiejskieprzysmaki.estima.site\/en\/wp-json\/wp\/v2\/product_cat?post=7916"},{"taxonomy":"product_tag","embeddable":true,"href":"https:\/\/wiejskieprzysmaki.estima.site\/en\/wp-json\/wp\/v2\/product_tag?post=7916"}],"curies":[{"name":"wp","href":"https:\/\/api.w.org\/{rel}","templated":true}]}}