{"id":7926,"date":"2025-02-18T11:50:33","date_gmt":"2025-02-18T10:50:33","guid":{"rendered":"https:\/\/wiejskieprzysmaki.estima.site\/produkt\/sok-z-brzozy-z-cytryna-330-ml-naturavena\/"},"modified":"2025-02-18T11:50:37","modified_gmt":"2025-02-18T10:50:37","slug":"sok-z-brzozy-z-cytryna-330-ml-naturavena","status":"publish","type":"product","link":"https:\/\/wiejskieprzysmaki.estima.site\/en\/product\/sok-z-brzozy-z-cytryna-330-ml-naturavena\/","title":{"rendered":"SOK Z BRZOZY Z CYTRYN\u0104 330 ml &#8211; NATURAVENA"},"content":{"rendered":"<p>SK\u0141ADNIKI <br \/>sok z brzozy (91,1 %), koncentrat soku z cytryn (5 %), cukier , aromat cytrynowy (0,1 %)<\/p>\n<p>OPIS  <br \/>Osad jest zjawiskiem naturalnym. Wstrz\u0105sn\u0105\u0107 przed spo\u017cyciem. Produkt sterylizowany.<\/p>\n<p>WARTO\u015a\u0106 OD\u017bYWCZA W 100 ml <br \/>Warto\u015b\u0107 energetyczna: 75 kJ \/ 18 kcal\t<br \/>T\u0142uszcz: 0 g\t<br \/>w tym kwasy t\u0142uszczowe nasycone: 0 g\t<br \/>W\u0119glowodany: 4,5 g\t\t<br \/>w tym cukry: 4,3 g\t<br \/>B\u0142onnik: < 0,5 g\t<br \/>Bia\u0142ko: 0 g\t\t<br \/>S\u00f3l: 0 g\t<\/p>\n<p>ZALECANE WARUNKI PRZECHOWYWANIA <br \/>Przechowywa\u0107 w suchym i ch\u0142odnym miejscu. Po otwarciu przechowywa\u0107 w lod\u00f3wce i spo\u017cy\u0107 w ci\u0105gu 2 dni.<\/p>","protected":false},"excerpt":{"rendered":"<p>SK\u0141ADNIKI sok z brzozy (91,1 %), koncentrat soku z cytryn (5 %), cukier , aromat cytrynowy (0,1 %) OPIS Osad jest zjawiskiem naturalnym. Wstrz\u0105sn\u0105\u0107 przed spo\u017cyciem. Produkt sterylizowany. WARTO\u015a\u0106 OD\u017bYWCZA W 100 ml Warto\u015b\u0107 energetyczna: 75 kJ \/ 18 kcal T\u0142uszcz: 0 g w tym kwasy t\u0142uszczowe nasycone: 0 g W\u0119glowodany: 4,5 g w tym [&hellip;]<\/p>","protected":false},"featured_media":7927,"comment_status":"closed","ping_status":"open","template":"","meta":{"_acf_changed":false},"product_brand":[],"product_cat":[134,863],"product_tag":[],"class_list":{"0":"post-7926","1":"product","2":"type-product","3":"status-publish","4":"has-post-thumbnail","6":"product_cat-napoje","7":"product_cat-soki-warzywne-warzywne-z-dodatkami-i-inne","8":"pa_ean-matka-6194","9":"pa_gwarancja-przydatnosci-320","10":"pa_ilosc-w-opakowaniu-298","11":"pa_jednostka-podstawowa-szt","12":"pa_kod-cn-2202-99-19","13":"pa_objetosc-brutto-742","14":"pa_objetosc-netto-1012","15":"pa_producent-naturavena","16":"pa_producent-nazwa-adres-bio-planet-s-a-wilkowa-wies-7-05-084-leszno","17":"pa_tagi-bez-glutenu-w-skladnikach","18":"pa_tagi-weganski","19":"pa_tagi-wegetarianski","21":"first","22":"instock","23":"taxable","24":"shipping-taxable","25":"purchasable","26":"product-type-simple"},"acf":[],"_links":{"self":[{"href":"https:\/\/wiejskieprzysmaki.estima.site\/en\/wp-json\/wp\/v2\/product\/7926","targetHints":{"allow":["GET"]}}],"collection":[{"href":"https:\/\/wiejskieprzysmaki.estima.site\/en\/wp-json\/wp\/v2\/product"}],"about":[{"href":"https:\/\/wiejskieprzysmaki.estima.site\/en\/wp-json\/wp\/v2\/types\/product"}],"replies":[{"embeddable":true,"href":"https:\/\/wiejskieprzysmaki.estima.site\/en\/wp-json\/wp\/v2\/comments?post=7926"}],"wp:featuredmedia":[{"embeddable":true,"href":"https:\/\/wiejskieprzysmaki.estima.site\/en\/wp-json\/wp\/v2\/media\/7927"}],"wp:attachment":[{"href":"https:\/\/wiejskieprzysmaki.estima.site\/en\/wp-json\/wp\/v2\/media?parent=7926"}],"wp:term":[{"taxonomy":"product_brand","embeddable":true,"href":"https:\/\/wiejskieprzysmaki.estima.site\/en\/wp-json\/wp\/v2\/product_brand?post=7926"},{"taxonomy":"product_cat","embeddable":true,"href":"https:\/\/wiejskieprzysmaki.estima.site\/en\/wp-json\/wp\/v2\/product_cat?post=7926"},{"taxonomy":"product_tag","embeddable":true,"href":"https:\/\/wiejskieprzysmaki.estima.site\/en\/wp-json\/wp\/v2\/product_tag?post=7926"}],"curies":[{"name":"wp","href":"https:\/\/api.w.org\/{rel}","templated":true}]}}