{"id":7940,"date":"2025-02-18T11:50:42","date_gmt":"2025-02-18T10:50:42","guid":{"rendered":"https:\/\/wiejskieprzysmaki.estima.site\/produkt\/tofu-paprykowe-250-g-naturavena\/"},"modified":"2025-02-18T11:50:44","modified_gmt":"2025-02-18T10:50:44","slug":"tofu-paprykowe-250-g-naturavena","status":"publish","type":"product","link":"https:\/\/wiejskieprzysmaki.estima.site\/en\/product\/tofu-paprykowe-250-g-naturavena\/","title":{"rendered":"TOFU PAPRYKOWE 250 g &#8211; NATURAVENA"},"content":{"rendered":"<p>SK\u0141ADNIKI <br \/>ekstrakt z ziaren SOI 80 %, papryka suszona 11 %, sok z cytryny, substancja wi\u0105\u017c\u0105ca: kwas cytrynowy, woda, s\u00f3l <\/p>\n<p>OPIS <br \/>Produkt streylizowany. Odpowiedni dla wegan i wegetarian. Wysoka zawarto\u015b\u0107 bia\u0142ka. Nie wymaga warunk\u00f3w ch\u0142odniczych.<\/p>\n<p>WARTO\u015a\u0106 OD\u017bYWCZA W 100 g <br \/>Warto\u015b\u0107 energetyczna: 601 kJ \/ 144 kcal <br \/>T\u0142uszcz: 8,5 g <br \/>w tym kwasy t\u0142uszczowe nasycone: 1,4 g <br \/>W\u0119glowodany: 0,8 g <br \/>w tym cukry: 0,4 g <br \/>B\u0142onnik: 1,0 g<br \/>Bia\u0142ko: 16 g <br \/>S\u00f3l: 0,8 g <\/p>\n<p>INFORMACJA ALERGENNA<br \/>Produkt mo\u017ce zawiera\u0107: NASIONA SEZAMU i \u0141UBIN.<\/p>\n<p>ZALECANE WARUNKI PRZECHOWYWANIA <br \/>Przechowywa\u0107 w temperaturze otoczenia. Po otwarciu przechowywa\u0107 w temperaturze ch\u0142odniczej, spo\u017cy\u0107 w ci\u0105gu 3 dni.<\/p>","protected":false},"excerpt":{"rendered":"<p>SK\u0141ADNIKI ekstrakt z ziaren SOI 80 %, papryka suszona 11 %, sok z cytryny, substancja wi\u0105\u017c\u0105ca: kwas cytrynowy, woda, s\u00f3l OPIS Produkt streylizowany. Odpowiedni dla wegan i wegetarian. Wysoka zawarto\u015b\u0107 bia\u0142ka. Nie wymaga warunk\u00f3w ch\u0142odniczych. WARTO\u015a\u0106 OD\u017bYWCZA W 100 g Warto\u015b\u0107 energetyczna: 601 kJ \/ 144 kcal T\u0142uszcz: 8,5 g w tym kwasy t\u0142uszczowe nasycone: [&hellip;]<\/p>","protected":false},"featured_media":7941,"comment_status":"closed","ping_status":"open","template":"","meta":{"_acf_changed":false},"product_brand":[],"product_cat":[1182,315],"product_tag":[],"class_list":{"0":"post-7940","1":"product","2":"type-product","3":"status-publish","4":"has-post-thumbnail","6":"product_cat-konserwowe-fermentowane","7":"product_cat-warzywa-straczkowe","8":"pa_ean-matka-6202","9":"pa_gwarancja-przydatnosci-776","10":"pa_ilosc-w-opakowaniu-401","11":"pa_jednostka-podstawowa-szt","12":"pa_kod-cn-2106-90-92","13":"pa_masa-netto-480","14":"pa_objetosc-brutto-2065","15":"pa_producent-naturavena","16":"pa_producent-nazwa-adres-bio-planet-s-a-wilkowa-wies-7-05-084-leszno","17":"pa_tagi-bez-cukru-w-skladnikach","18":"pa_tagi-bez-glutenu-w-skladnikach","19":"pa_tagi-weganski","20":"pa_tagi-wegetarianski","22":"first","23":"instock","24":"taxable","25":"shipping-taxable","26":"purchasable","27":"product-type-simple"},"acf":[],"_links":{"self":[{"href":"https:\/\/wiejskieprzysmaki.estima.site\/en\/wp-json\/wp\/v2\/product\/7940","targetHints":{"allow":["GET"]}}],"collection":[{"href":"https:\/\/wiejskieprzysmaki.estima.site\/en\/wp-json\/wp\/v2\/product"}],"about":[{"href":"https:\/\/wiejskieprzysmaki.estima.site\/en\/wp-json\/wp\/v2\/types\/product"}],"replies":[{"embeddable":true,"href":"https:\/\/wiejskieprzysmaki.estima.site\/en\/wp-json\/wp\/v2\/comments?post=7940"}],"wp:featuredmedia":[{"embeddable":true,"href":"https:\/\/wiejskieprzysmaki.estima.site\/en\/wp-json\/wp\/v2\/media\/7941"}],"wp:attachment":[{"href":"https:\/\/wiejskieprzysmaki.estima.site\/en\/wp-json\/wp\/v2\/media?parent=7940"}],"wp:term":[{"taxonomy":"product_brand","embeddable":true,"href":"https:\/\/wiejskieprzysmaki.estima.site\/en\/wp-json\/wp\/v2\/product_brand?post=7940"},{"taxonomy":"product_cat","embeddable":true,"href":"https:\/\/wiejskieprzysmaki.estima.site\/en\/wp-json\/wp\/v2\/product_cat?post=7940"},{"taxonomy":"product_tag","embeddable":true,"href":"https:\/\/wiejskieprzysmaki.estima.site\/en\/wp-json\/wp\/v2\/product_tag?post=7940"}],"curies":[{"name":"wp","href":"https:\/\/api.w.org\/{rel}","templated":true}]}}