{"id":799,"date":"2025-02-18T10:31:49","date_gmt":"2025-02-18T09:31:49","guid":{"rendered":"https:\/\/wiejskieprzysmaki.estima.site\/produkt\/mun-grzyby-suszone-bio-50-g-bio-planet\/"},"modified":"2025-02-18T10:32:06","modified_gmt":"2025-02-18T09:32:06","slug":"mun-grzyby-suszone-bio-50-g-bio-planet","status":"publish","type":"product","link":"https:\/\/wiejskieprzysmaki.estima.site\/en\/product\/mun-grzyby-suszone-bio-50-g-bio-planet\/","title":{"rendered":"MUN (GRZYBY SUSZONE) BIO 50 g &#8211; BIO PLANET"},"content":{"rendered":"<p>SK\u0141ADNIKI<br \/>ekologiczne grzyby mun suszone 100 %.<\/p>\n<p>OPIS<br \/>Ekologiczne grzyby mun zaliczane s\u0105 do najstarszych grzyb\u00f3w spo\u017cywczych \u015bwiata. W kuchni dalekiego Wschodu uznawane za podstawowy artyku\u0142 \u017cywno\u015bciowy. Charakteryzuj\u0105 si\u0119 delikatnym, szlachetnym smakiem. Idealne jako dodatek do zup, potraw duszonych, sos\u00f3w. Dobrze komponuj\u0105 si\u0119 z ostrymi przyprawami.<\/p>\n<p>SPOS\u00d3B PRZYGOTOWANIA<br \/>Grzyby nale\u017cy moczy\u0107 w gor\u0105cej wodzie ok. 20 min, a nast\u0119pnie gotowa\u0107 przez ok. 10 min. <\/p>\n<p>WARTO\u015a\u0106 OD\u017bYWCZA W 100 g<br \/>Warto\u015b\u0107 energetyczna \t1083 kJ\/260 kcal<br \/>T\u0142uszcz \t1,8 g<br \/>w tym kwasy t\u0142uszczowe nasycone \t0,3 g<br \/>W\u0119glowodany \t30 g<br \/>w tym cukry \t0,2 g<br \/>B\u0142onnik \t41 g<br \/>Bia\u0142ko \t11 g<br \/>S\u00f3l \t0 g<\/p>\n<p>ZALECANE WARUNKI PRZECHOWYWANIA<br \/>Przechowywa\u0107 w suchym i ch\u0142odnym miejscu.<\/p>","protected":false},"excerpt":{"rendered":"<p>SK\u0141ADNIKIekologiczne grzyby mun suszone 100 %. OPISEkologiczne grzyby mun zaliczane s\u0105 do najstarszych grzyb\u00f3w spo\u017cywczych \u015bwiata. W kuchni dalekiego Wschodu uznawane za podstawowy artyku\u0142 \u017cywno\u015bciowy. Charakteryzuj\u0105 si\u0119 delikatnym, szlachetnym smakiem. Idealne jako dodatek do zup, potraw duszonych, sos\u00f3w. Dobrze komponuj\u0105 si\u0119 z ostrymi przyprawami. SPOS\u00d3B PRZYGOTOWANIAGrzyby nale\u017cy moczy\u0107 w gor\u0105cej wodzie ok. 20 min, a [&hellip;]<\/p>","protected":false},"featured_media":800,"comment_status":"closed","ping_status":"open","template":"","meta":{"_acf_changed":false},"product_brand":[],"product_cat":[787,180],"product_tag":[],"class_list":{"0":"post-799","1":"product","2":"type-product","3":"status-publish","4":"has-post-thumbnail","6":"product_cat-suszone-warzywa-i-grzyby-przetworzone","7":"product_cat-warzywa-i-grzyby-przetworzone","8":"pa_ean-matka-786","9":"pa_gwarancja-przydatnosci-522","10":"pa_ilosc-w-opakowaniu-298","11":"pa_jednostka-podstawowa-szt","12":"pa_kod-cn-0712-32-00","13":"pa_kraj-pochodzenia-skladnikow-chiny","14":"pa_masa-netto-461","15":"pa_objetosc-brutto-785","16":"pa_producent-bio-planet-seria-inne","17":"pa_producent-nazwa-adres-bio-planet-s-a-wilkowa-wies-7-05-084-leszno","18":"pa_tagi-bez-cukru-w-skladnikach","19":"pa_tagi-bez-glutenu-w-skladnikach","20":"pa_tagi-certyfikat-bio","21":"pa_tagi-weganski","22":"pa_tagi-wegetarianski","24":"first","25":"instock","26":"taxable","27":"shipping-taxable","28":"purchasable","29":"product-type-simple"},"acf":[],"_links":{"self":[{"href":"https:\/\/wiejskieprzysmaki.estima.site\/en\/wp-json\/wp\/v2\/product\/799","targetHints":{"allow":["GET"]}}],"collection":[{"href":"https:\/\/wiejskieprzysmaki.estima.site\/en\/wp-json\/wp\/v2\/product"}],"about":[{"href":"https:\/\/wiejskieprzysmaki.estima.site\/en\/wp-json\/wp\/v2\/types\/product"}],"replies":[{"embeddable":true,"href":"https:\/\/wiejskieprzysmaki.estima.site\/en\/wp-json\/wp\/v2\/comments?post=799"}],"wp:featuredmedia":[{"embeddable":true,"href":"https:\/\/wiejskieprzysmaki.estima.site\/en\/wp-json\/wp\/v2\/media\/800"}],"wp:attachment":[{"href":"https:\/\/wiejskieprzysmaki.estima.site\/en\/wp-json\/wp\/v2\/media?parent=799"}],"wp:term":[{"taxonomy":"product_brand","embeddable":true,"href":"https:\/\/wiejskieprzysmaki.estima.site\/en\/wp-json\/wp\/v2\/product_brand?post=799"},{"taxonomy":"product_cat","embeddable":true,"href":"https:\/\/wiejskieprzysmaki.estima.site\/en\/wp-json\/wp\/v2\/product_cat?post=799"},{"taxonomy":"product_tag","embeddable":true,"href":"https:\/\/wiejskieprzysmaki.estima.site\/en\/wp-json\/wp\/v2\/product_tag?post=799"}],"curies":[{"name":"wp","href":"https:\/\/api.w.org\/{rel}","templated":true}]}}