{"id":8001,"date":"2025-02-18T11:51:34","date_gmt":"2025-02-18T10:51:34","guid":{"rendered":"https:\/\/wiejskieprzysmaki.estima.site\/produkt\/chrupki-kukurydziane-bio-60-g-eko-ludki\/"},"modified":"2025-02-18T11:51:35","modified_gmt":"2025-02-18T10:51:35","slug":"chrupki-kukurydziane-bio-60-g-eko-ludki","status":"publish","type":"product","link":"https:\/\/wiejskieprzysmaki.estima.site\/en\/product\/chrupki-kukurydziane-bio-60-g-eko-ludki\/","title":{"rendered":"CHRUPKI KUKURYDZIANE BIO 60 g &#8211; EKO LUDKI"},"content":{"rendered":"<p>SK\u0141ADNIKI <br \/>ekologiczny grys kukurydziany1 00 %<\/p>\n<p>OPIS <br \/>Ekologiczne chrupki kukurydziane stanowi\u0105 lekkostrawn\u0105 i niskokaloryczn\u0105 przek\u0105sk\u0119 o du\u017cych warto\u015bciach od\u017cywczych. Bez dodatku cukr\u00f3w. Zawiera naturalnie wyst\u0119puj\u0105ce cukry. Bez dodatku soli. <\/p>\n<p>WARTO\u015a\u0106 OD\u017bYWCZA W 100 g <br \/>Warto\u015b\u0107 energetyczna: 1607 kJ\/321 kcal <br \/>T\u0142uszcz: 3,3 g <br \/>w tym kwasy t\u0142uszczowe nasycone: 0,4 g <br \/>W\u0119glowodany: 77 g <br \/>w tym cukry: 2,4 g <br \/>B\u0142onnik: 8,2 g <br \/>Bia\u0142ko: 6,5 g <br \/>S\u00f3l: 0 g <\/p>\n<p>ZALECANE WARUNKI PRZECHOWYWANIA <br \/>Przechowywa\u0107 w suchym i ch\u0142odnym miejscu. <\/p>","protected":false},"excerpt":{"rendered":"<p>SK\u0141ADNIKI ekologiczny grys kukurydziany1 00 % OPIS Ekologiczne chrupki kukurydziane stanowi\u0105 lekkostrawn\u0105 i niskokaloryczn\u0105 przek\u0105sk\u0119 o du\u017cych warto\u015bciach od\u017cywczych. Bez dodatku cukr\u00f3w. Zawiera naturalnie wyst\u0119puj\u0105ce cukry. Bez dodatku soli. WARTO\u015a\u0106 OD\u017bYWCZA W 100 g Warto\u015b\u0107 energetyczna: 1607 kJ\/321 kcal T\u0142uszcz: 3,3 g w tym kwasy t\u0142uszczowe nasycone: 0,4 g W\u0119glowodany: 77 g w tym cukry: [&hellip;]<\/p>","protected":false},"featured_media":8002,"comment_status":"closed","ping_status":"open","template":"","meta":{"_acf_changed":false},"product_brand":[],"product_cat":[422,139],"product_tag":[],"class_list":{"0":"post-8001","1":"product","2":"type-product","3":"status-publish","4":"has-post-thumbnail","6":"product_cat-chipsy-chrupki-popcorn","7":"product_cat-slodycze-i-przekaski","8":"pa_ean-matka-6241","9":"pa_gwarancja-przydatnosci-522","10":"pa_ilosc-w-opakowaniu-392","11":"pa_jednostka-podstawowa-szt","12":"pa_kod-cn-1904-10-10","13":"pa_kraj-pochodzenia-skladnikow-rolnictwo-ue","14":"pa_masa-netto-284","15":"pa_objetosc-brutto-3628","16":"pa_producent-eko-ludki-przekaski-dla-dzieci","17":"pa_producent-nazwa-adres-bio-planet-s-a-wilkowa-wies-7-05-084-leszno","18":"pa_tagi-bez-cukru-w-skladnikach","19":"pa_tagi-bez-glutenu-w-skladnikach","20":"pa_tagi-certyfikat-bio","21":"pa_tagi-weganski","22":"pa_tagi-wegetarianski","24":"first","25":"instock","26":"taxable","27":"shipping-taxable","28":"purchasable","29":"product-type-simple"},"acf":[],"_links":{"self":[{"href":"https:\/\/wiejskieprzysmaki.estima.site\/en\/wp-json\/wp\/v2\/product\/8001","targetHints":{"allow":["GET"]}}],"collection":[{"href":"https:\/\/wiejskieprzysmaki.estima.site\/en\/wp-json\/wp\/v2\/product"}],"about":[{"href":"https:\/\/wiejskieprzysmaki.estima.site\/en\/wp-json\/wp\/v2\/types\/product"}],"replies":[{"embeddable":true,"href":"https:\/\/wiejskieprzysmaki.estima.site\/en\/wp-json\/wp\/v2\/comments?post=8001"}],"wp:featuredmedia":[{"embeddable":true,"href":"https:\/\/wiejskieprzysmaki.estima.site\/en\/wp-json\/wp\/v2\/media\/8002"}],"wp:attachment":[{"href":"https:\/\/wiejskieprzysmaki.estima.site\/en\/wp-json\/wp\/v2\/media?parent=8001"}],"wp:term":[{"taxonomy":"product_brand","embeddable":true,"href":"https:\/\/wiejskieprzysmaki.estima.site\/en\/wp-json\/wp\/v2\/product_brand?post=8001"},{"taxonomy":"product_cat","embeddable":true,"href":"https:\/\/wiejskieprzysmaki.estima.site\/en\/wp-json\/wp\/v2\/product_cat?post=8001"},{"taxonomy":"product_tag","embeddable":true,"href":"https:\/\/wiejskieprzysmaki.estima.site\/en\/wp-json\/wp\/v2\/product_tag?post=8001"}],"curies":[{"name":"wp","href":"https:\/\/api.w.org\/{rel}","templated":true}]}}