{"id":8003,"date":"2025-02-18T11:51:34","date_gmt":"2025-02-18T10:51:34","guid":{"rendered":"https:\/\/wiejskieprzysmaki.estima.site\/produkt\/platki-zytnie-bio-300-g-naturavena\/"},"modified":"2025-02-18T11:51:36","modified_gmt":"2025-02-18T10:51:36","slug":"platki-zytnie-bio-300-g-naturavena","status":"publish","type":"product","link":"https:\/\/wiejskieprzysmaki.estima.site\/en\/product\/platki-zytnie-bio-300-g-naturavena\/","title":{"rendered":"P\u0141ATKI \u017bYTNIE BIO 300 g &#8211; NATURAVENA"},"content":{"rendered":"<p>SK\u0141ADNIKI <br \/>ekologiczne p\u0142atki \u017bYTNIE 100 %. <\/p>\n<p>OPIS<br \/>Ekologiczne p\u0142atki \u017bYTNIE uzyskuje si\u0119 z gniecionych ziaren \u017cyta. P\u0142atki \u017bYTNIE to doskona\u0142a propozycja na codzienne \u015bniadanie. Najlepiej smakuj\u0105 z dodatkiem jogurtu, napoju zbo\u017cowego oraz owocami.<\/p>\n<p>SPOS\u00d3B PRZYGOTOWANIA<br \/>gotowa\u0107 w proporcji 1:2 (1 porcja p\u0142atk\u00f3w na 2 porcje wody lub mleka) na wolnym ogniu ok. 10 minut od czasu do czasu mieszaj\u0105c. <\/p>\n<p>WARTO\u015a\u0106 OD\u017bYWCZA W 100 g <br \/>Warto\u015b\u0107 energetyczna \t1344 kJ\/318 kcal<br \/>T\u0142uszcz \t1,7 g<br \/>w tym kwasy t\u0142uszczowe nasycone \t0,2 g<br \/>W\u0119glowodany \t60 g<br \/>w tym cukry \t1,0 g<br \/>B\u0142onnik \t13 g<br \/>Bia\u0142ko \t9,0 g<br \/>S\u00f3l \t<0,01 g\n\nINFORMACJA ALERGENNA<br \/>Produkt mo\u017ce zawiera\u0107: ORZESZKI ZIEMNE, ORZECHY, NASIONA SEZAMU, SOJ\u0118.<\/p>\n<p>ZALECANE WARUNKI PRZECHOWYWANIA <br \/>Przechowywa\u0107 w suchym, ch\u0142odnym miejscu<\/p>","protected":false},"excerpt":{"rendered":"<p>SK\u0141ADNIKI ekologiczne p\u0142atki \u017bYTNIE 100 %. OPISEkologiczne p\u0142atki \u017bYTNIE uzyskuje si\u0119 z gniecionych ziaren \u017cyta. P\u0142atki \u017bYTNIE to doskona\u0142a propozycja na codzienne \u015bniadanie. Najlepiej smakuj\u0105 z dodatkiem jogurtu, napoju zbo\u017cowego oraz owocami. SPOS\u00d3B PRZYGOTOWANIAgotowa\u0107 w proporcji 1:2 (1 porcja p\u0142atk\u00f3w na 2 porcje wody lub mleka) na wolnym ogniu ok. 10 minut od czasu do [&hellip;]<\/p>","protected":false},"featured_media":8004,"comment_status":"closed","ping_status":"open","template":"","meta":{"_acf_changed":false},"product_brand":[],"product_cat":[796,265],"product_tag":[],"class_list":{"0":"post-8003","1":"product","2":"type-product","3":"status-publish","4":"has-post-thumbnail","6":"product_cat-platki","7":"product_cat-sniadaniowe","8":"pa_ean-matka-794","9":"pa_ean-matka-6242","10":"pa_gwarancja-przydatnosci-324","11":"pa_ilosc-w-opakowaniu-298","12":"pa_jednostka-podstawowa-szt","13":"pa_kod-cn-1104-19-30","14":"pa_kraj-pochodzenia-skladnikow-niemcy","15":"pa_masa-netto-207","16":"pa_objetosc-brutto-204","17":"pa_producent-naturavena-bio","18":"pa_producent-nazwa-adres-bio-planet-s-a-wilkowa-wies-7-05-084-leszno","19":"pa_tagi-bez-cukru-w-skladnikach","20":"pa_tagi-certyfikat-bio","21":"pa_tagi-weganski","22":"pa_tagi-wegetarianski","24":"first","25":"instock","26":"taxable","27":"shipping-taxable","28":"purchasable","29":"product-type-simple"},"acf":[],"_links":{"self":[{"href":"https:\/\/wiejskieprzysmaki.estima.site\/en\/wp-json\/wp\/v2\/product\/8003","targetHints":{"allow":["GET"]}}],"collection":[{"href":"https:\/\/wiejskieprzysmaki.estima.site\/en\/wp-json\/wp\/v2\/product"}],"about":[{"href":"https:\/\/wiejskieprzysmaki.estima.site\/en\/wp-json\/wp\/v2\/types\/product"}],"replies":[{"embeddable":true,"href":"https:\/\/wiejskieprzysmaki.estima.site\/en\/wp-json\/wp\/v2\/comments?post=8003"}],"wp:featuredmedia":[{"embeddable":true,"href":"https:\/\/wiejskieprzysmaki.estima.site\/en\/wp-json\/wp\/v2\/media\/8004"}],"wp:attachment":[{"href":"https:\/\/wiejskieprzysmaki.estima.site\/en\/wp-json\/wp\/v2\/media?parent=8003"}],"wp:term":[{"taxonomy":"product_brand","embeddable":true,"href":"https:\/\/wiejskieprzysmaki.estima.site\/en\/wp-json\/wp\/v2\/product_brand?post=8003"},{"taxonomy":"product_cat","embeddable":true,"href":"https:\/\/wiejskieprzysmaki.estima.site\/en\/wp-json\/wp\/v2\/product_cat?post=8003"},{"taxonomy":"product_tag","embeddable":true,"href":"https:\/\/wiejskieprzysmaki.estima.site\/en\/wp-json\/wp\/v2\/product_tag?post=8003"}],"curies":[{"name":"wp","href":"https:\/\/api.w.org\/{rel}","templated":true}]}}