{"id":8060,"date":"2025-02-18T11:52:00","date_gmt":"2025-02-18T10:52:00","guid":{"rendered":"https:\/\/wiejskieprzysmaki.estima.site\/produkt\/ananas-liofilizowany-bezglutenowy-15-g-celiko-frupp\/"},"modified":"2025-02-18T11:52:08","modified_gmt":"2025-02-18T10:52:08","slug":"ananas-liofilizowany-bezglutenowy-15-g-celiko-frupp","status":"publish","type":"product","link":"https:\/\/wiejskieprzysmaki.estima.site\/en\/product\/ananas-liofilizowany-bezglutenowy-15-g-celiko-frupp\/","title":{"rendered":"ANANAS LIOFILIZOWANY BEZGLUTENOWY 15 g &#8211; CELIKO (FRUPP)"},"content":{"rendered":"<p>SK\u0141ADNIKI<br \/>liofilizowany ananas.<\/p>\n<p>OPIS<br \/>Idealny do spo\u017cycia bezpo\u015brednio po otwarciu opakowania lub jako dodatek wzbogacaj\u0105cy desery, ciasta, jogurty i napoje.<br \/>Do wyprodukowania 100 g ananasa liofilizowanego zu\u017cyto 0,7 kg \u015bwie\u017cego ananasa.<br \/>Opakowanie (15 g) stanowi jedn\u0105 porcj\u0119.<br \/>Produkt\u00a0odpowiedni dla wegetarian i wegan.<\/p>\n<p>WARTO\u015a\u0106 OD\u017bYWCZA W 100 g<br \/>Warto\u015b\u0107 energetyczna: 1540 kJ \/ 364 kcal<br \/>T\u0142uszcz: 0,4 g<br \/>w tym kwasy t\u0142uszczowe nasycone: 0 g<br \/>W\u0119glowodany: 82 g<br \/>w tym cukry: 69 g<br \/>B\u0142onnik: 10 g<br \/>Bia\u0142ko: 3,0 g<br \/>S\u00f3l: 0,02 g <\/p>\n<p>ZALECANE WARUNKI PRZECHOWYWANIA<br \/>Torebk\u0119 szczelnie zamkni\u0119t\u0105 przechowywa\u0107 w suchym i ch\u0142odnym miejscu &#8211; produkt higroskopijny. <\/p>","protected":false},"excerpt":{"rendered":"<p>SK\u0141ADNIKIliofilizowany ananas. OPISIdealny do spo\u017cycia bezpo\u015brednio po otwarciu opakowania lub jako dodatek wzbogacaj\u0105cy desery, ciasta, jogurty i napoje.Do wyprodukowania 100 g ananasa liofilizowanego zu\u017cyto 0,7 kg \u015bwie\u017cego ananasa.Opakowanie (15 g) stanowi jedn\u0105 porcj\u0119.Produkt\u00a0odpowiedni dla wegetarian i wegan. WARTO\u015a\u0106 OD\u017bYWCZA W 100 gWarto\u015b\u0107 energetyczna: 1540 kJ \/ 364 kcalT\u0142uszcz: 0,4 gw tym kwasy t\u0142uszczowe nasycone: 0 [&hellip;]<\/p>","protected":false},"featured_media":8061,"comment_status":"closed","ping_status":"open","template":"","meta":{"_acf_changed":false},"product_brand":[],"product_cat":[830],"product_tag":[],"class_list":{"0":"post-8060","1":"product","2":"type-product","3":"status-publish","4":"has-post-thumbnail","6":"product_cat-orzechy-i-owoce-suszone","7":"pa_ean-matka-6276","8":"pa_gwarancja-przydatnosci-311","9":"pa_ilosc-w-opakowaniu-350","10":"pa_jednostka-podstawowa-szt","11":"pa_kod-cn-0813-40-95","12":"pa_masa-netto-249","13":"pa_objetosc-brutto-5713","14":"pa_producent-celiko-batony-galaretki-mieszanki-do-wypiekow","15":"pa_producent-nazwa-adres-celiko-sa-ul-sw-antoniego-71-61-359-poznan","16":"pa_tagi-bez-cukru-w-skladnikach","17":"pa_tagi-bez-glutenu-deklaracja","18":"pa_tagi-bez-glutenu-w-skladnikach","19":"pa_tagi-weganski","20":"pa_tagi-wegetarianski","22":"first","23":"instock","24":"taxable","25":"shipping-taxable","26":"purchasable","27":"product-type-simple"},"acf":[],"_links":{"self":[{"href":"https:\/\/wiejskieprzysmaki.estima.site\/en\/wp-json\/wp\/v2\/product\/8060","targetHints":{"allow":["GET"]}}],"collection":[{"href":"https:\/\/wiejskieprzysmaki.estima.site\/en\/wp-json\/wp\/v2\/product"}],"about":[{"href":"https:\/\/wiejskieprzysmaki.estima.site\/en\/wp-json\/wp\/v2\/types\/product"}],"replies":[{"embeddable":true,"href":"https:\/\/wiejskieprzysmaki.estima.site\/en\/wp-json\/wp\/v2\/comments?post=8060"}],"wp:featuredmedia":[{"embeddable":true,"href":"https:\/\/wiejskieprzysmaki.estima.site\/en\/wp-json\/wp\/v2\/media\/8061"}],"wp:attachment":[{"href":"https:\/\/wiejskieprzysmaki.estima.site\/en\/wp-json\/wp\/v2\/media?parent=8060"}],"wp:term":[{"taxonomy":"product_brand","embeddable":true,"href":"https:\/\/wiejskieprzysmaki.estima.site\/en\/wp-json\/wp\/v2\/product_brand?post=8060"},{"taxonomy":"product_cat","embeddable":true,"href":"https:\/\/wiejskieprzysmaki.estima.site\/en\/wp-json\/wp\/v2\/product_cat?post=8060"},{"taxonomy":"product_tag","embeddable":true,"href":"https:\/\/wiejskieprzysmaki.estima.site\/en\/wp-json\/wp\/v2\/product_tag?post=8060"}],"curies":[{"name":"wp","href":"https:\/\/api.w.org\/{rel}","templated":true}]}}