{"id":8078,"date":"2025-02-18T11:52:09","date_gmt":"2025-02-18T10:52:09","guid":{"rendered":"https:\/\/wiejskieprzysmaki.estima.site\/produkt\/oliwki-czarne-bez-pestek-w-zalewie-bio-280-g-150-g-vitaliana\/"},"modified":"2025-02-18T11:52:22","modified_gmt":"2025-02-18T10:52:22","slug":"oliwki-czarne-bez-pestek-w-zalewie-bio-280-g-150-g-vitaliana","status":"publish","type":"product","link":"https:\/\/wiejskieprzysmaki.estima.site\/en\/product\/oliwki-czarne-bez-pestek-w-zalewie-bio-280-g-150-g-vitaliana\/","title":{"rendered":"OLIWKI CZARNE BEZ PESTEK W ZALEWIE BIO 280 g (150 g) &#8211; VITALIANA"},"content":{"rendered":"<p>SK\u0141ADNIKI  <br \/>oliwki czarne*, woda, ocet winny*, s\u00f3l, regulator kwasowo\u015bci: kwas mlekowy (*certyfikowany sk\u0142adnik ekologiczny)\t\t\t\t<\/p>\n<p>UWAGI<br \/>Produkt mo\u017ce zawiera\u0107 pestk\u0119 lub jej cz\u0119\u015b\u0107.<\/p>\n<p>WARTO\u015a\u0106 OD\u017bYWCZA W 100 g <br \/>Warto\u015b\u0107 energetyczna: 927 kJ\/25 kcal\t\t<br \/>T\u0142uszcz: 23 g\t\t<br \/>w tym kwasy t\u0142uszczowe nasycone: 2,6 g\t\t<br \/>W\u0119glowodany: 1,4 g\t\t<br \/>w tym cukry: <0,1 g\t\t<br \/>B\u0142onnik: 2,6 g\t\t<br \/>Bia\u0142ko: 1,0 g\t\t<br \/>S\u00f3l: 1,8 g\t\t<\/p>\n<p>ZALECANE WARUNKI PRZECHOWYWANIA  <br \/>Przechowywa\u0107 w suchym i ch\u0142odnym miejscu. Po otwarciu przechowywa\u0107 w lod\u00f3wce i spo\u017cy\u0107 w ci\u0105gu 10 dni.\t\t\t<\/p>","protected":false},"excerpt":{"rendered":"<p>SK\u0141ADNIKI oliwki czarne*, woda, ocet winny*, s\u00f3l, regulator kwasowo\u015bci: kwas mlekowy (*certyfikowany sk\u0142adnik ekologiczny) UWAGIProdukt mo\u017ce zawiera\u0107 pestk\u0119 lub jej cz\u0119\u015b\u0107. WARTO\u015a\u0106 OD\u017bYWCZA W 100 g Warto\u015b\u0107 energetyczna: 927 kJ\/25 kcal T\u0142uszcz: 23 g w tym kwasy t\u0142uszczowe nasycone: 2,6 g W\u0119glowodany: 1,4 g w tym cukry:<\/p>","protected":false},"featured_media":8079,"comment_status":"closed","ping_status":"open","template":"","meta":{"_acf_changed":false},"product_brand":[],"product_cat":[1338,998],"product_tag":[],"class_list":{"0":"post-8078","1":"product","2":"type-product","3":"status-publish","4":"has-post-thumbnail","6":"product_cat-oliwki","7":"product_cat-przetwory-warzywne-i-owocowe","8":"pa_ean-matka-6286","9":"pa_gwarancja-przydatnosci-301","10":"pa_ilosc-w-opakowaniu-366","11":"pa_jednostka-podstawowa-szt","12":"pa_kod-cn-2005-70-00","13":"pa_kraj-pochodzenia-skladnikow-wlochy","14":"pa_masa-netto-1334","15":"pa_objetosc-brutto-1897","16":"pa_producent-vitaliana","17":"pa_producent-nazwa-adres-bio-planet-s-a-wilkowa-wies-7-05-084-leszno","18":"pa_tagi-bez-cukru-w-skladnikach","19":"pa_tagi-bez-glutenu-w-skladnikach","20":"pa_tagi-certyfikat-bio","21":"pa_tagi-weganski","22":"pa_tagi-wegetarianski","24":"first","25":"instock","26":"taxable","27":"shipping-taxable","28":"purchasable","29":"product-type-simple"},"acf":[],"_links":{"self":[{"href":"https:\/\/wiejskieprzysmaki.estima.site\/en\/wp-json\/wp\/v2\/product\/8078","targetHints":{"allow":["GET"]}}],"collection":[{"href":"https:\/\/wiejskieprzysmaki.estima.site\/en\/wp-json\/wp\/v2\/product"}],"about":[{"href":"https:\/\/wiejskieprzysmaki.estima.site\/en\/wp-json\/wp\/v2\/types\/product"}],"replies":[{"embeddable":true,"href":"https:\/\/wiejskieprzysmaki.estima.site\/en\/wp-json\/wp\/v2\/comments?post=8078"}],"wp:featuredmedia":[{"embeddable":true,"href":"https:\/\/wiejskieprzysmaki.estima.site\/en\/wp-json\/wp\/v2\/media\/8079"}],"wp:attachment":[{"href":"https:\/\/wiejskieprzysmaki.estima.site\/en\/wp-json\/wp\/v2\/media?parent=8078"}],"wp:term":[{"taxonomy":"product_brand","embeddable":true,"href":"https:\/\/wiejskieprzysmaki.estima.site\/en\/wp-json\/wp\/v2\/product_brand?post=8078"},{"taxonomy":"product_cat","embeddable":true,"href":"https:\/\/wiejskieprzysmaki.estima.site\/en\/wp-json\/wp\/v2\/product_cat?post=8078"},{"taxonomy":"product_tag","embeddable":true,"href":"https:\/\/wiejskieprzysmaki.estima.site\/en\/wp-json\/wp\/v2\/product_tag?post=8078"}],"curies":[{"name":"wp","href":"https:\/\/api.w.org\/{rel}","templated":true}]}}