{"id":8106,"date":"2025-02-18T11:52:36","date_gmt":"2025-02-18T10:52:36","guid":{"rendered":"https:\/\/wiejskieprzysmaki.estima.site\/produkt\/maka-pszenna-chlebowa-typ-750-bio-1-kg-naturavena\/"},"modified":"2025-02-18T11:52:37","modified_gmt":"2025-02-18T10:52:37","slug":"maka-pszenna-chlebowa-typ-750-bio-1-kg-naturavena","status":"publish","type":"product","link":"https:\/\/wiejskieprzysmaki.estima.site\/en\/product\/maka-pszenna-chlebowa-typ-750-bio-1-kg-naturavena\/","title":{"rendered":"M\u0104KA PSZENNA CHLEBOWA TYP 750 BIO 1 kg &#8211; NATURAVENA"},"content":{"rendered":"<p>SK\u0141ADNIKI <br \/>ekologczna m\u0105ka PSZENNA chlebowa typ 750<\/p>\n<p>OPIS<br \/>Ekologiczna m\u0105ka PSZENNA &#8220;chlebowa&#8221; otrzymywana jest przez rozdrobnienie oczyszczonych ziaren PSZENICY zwyczajnej. Jest podstawowym sk\u0142adnikiem wyrob\u00f3w piekarniczych, ale mo\u017ce s\u0142u\u017cy\u0107 r\u00f3wnie\u017c do wszelkiego rodzaju wypiek\u00f3w oraz wyrob\u00f3w m\u0105cznych.  \t<\/p>\n<p>WARTO\u015a\u0106 OD\u017bYWCZA W 100 g<br \/>Warto\u015b\u0107 energetyczna \t1446 kJ\/341 kcal<br \/>T\u0142uszcz \t1,7 g<br \/>w tym kwasy t\u0142uszczowe nasycone \t0,4 g<br \/>W\u0119glowodany \t68 g<br \/>w tym cukry \t0,5 g<br \/>B\u0142onnik\t2,9 g<br \/>Bia\u0142ko \t12 g<br \/>S\u00f3l \t<0,01 g\n\nINFORMACJA ALERGENNA<br \/>Produkt mo\u017ce zawiera\u0107: ORZECHY, ORZESZKI ZIEMNE, NASIONA SEZAMU, SOJ\u0118.<\/p>\n<p>ZALECANE WARUNKI PRZECHOWYWANIA  <br \/>Przechowywa\u0107 w suchym i ch\u0142odnym miejscu<\/p>","protected":false},"excerpt":{"rendered":"<p>SK\u0141ADNIKI ekologczna m\u0105ka PSZENNA chlebowa typ 750 OPISEkologiczna m\u0105ka PSZENNA &#8220;chlebowa&#8221; otrzymywana jest przez rozdrobnienie oczyszczonych ziaren PSZENICY zwyczajnej. Jest podstawowym sk\u0142adnikiem wyrob\u00f3w piekarniczych, ale mo\u017ce s\u0142u\u017cy\u0107 r\u00f3wnie\u017c do wszelkiego rodzaju wypiek\u00f3w oraz wyrob\u00f3w m\u0105cznych. WARTO\u015a\u0106 OD\u017bYWCZA W 100 gWarto\u015b\u0107 energetyczna 1446 kJ\/341 kcalT\u0142uszcz 1,7 gw tym kwasy t\u0142uszczowe nasycone 0,4 gW\u0119glowodany 68 gw tym [&hellip;]<\/p>","protected":false},"featured_media":8107,"comment_status":"closed","ping_status":"open","template":"","meta":{"_acf_changed":false},"product_brand":[],"product_cat":[99,106],"product_tag":[],"class_list":{"0":"post-8106","1":"product","2":"type-product","3":"status-publish","4":"has-post-thumbnail","6":"product_cat-maki-i-skrobie","7":"product_cat-maki-zbozowe-z-glutenem","8":"pa_ean-matka-6302","9":"pa_ean-matka-2718","10":"pa_gwarancja-przydatnosci-522","11":"pa_ilosc-w-opakowaniu-366","12":"pa_jednostka-podstawowa-szt","13":"pa_kod-cn-1101-00-15","14":"pa_kraj-pochodzenia-skladnikow-polska","15":"pa_masa-netto-209","16":"pa_objetosc-brutto-5076","17":"pa_producent-naturavena-bio","18":"pa_producent-nazwa-adres-bio-planet-s-a-wilkowa-wies-7-05-084-leszno","19":"pa_tagi-bez-cukru-w-skladnikach","20":"pa_tagi-certyfikat-bio","21":"pa_tagi-weganski","22":"pa_tagi-wegetarianski","24":"first","25":"instock","26":"taxable","27":"shipping-taxable","28":"purchasable","29":"product-type-simple"},"acf":[],"_links":{"self":[{"href":"https:\/\/wiejskieprzysmaki.estima.site\/en\/wp-json\/wp\/v2\/product\/8106","targetHints":{"allow":["GET"]}}],"collection":[{"href":"https:\/\/wiejskieprzysmaki.estima.site\/en\/wp-json\/wp\/v2\/product"}],"about":[{"href":"https:\/\/wiejskieprzysmaki.estima.site\/en\/wp-json\/wp\/v2\/types\/product"}],"replies":[{"embeddable":true,"href":"https:\/\/wiejskieprzysmaki.estima.site\/en\/wp-json\/wp\/v2\/comments?post=8106"}],"wp:featuredmedia":[{"embeddable":true,"href":"https:\/\/wiejskieprzysmaki.estima.site\/en\/wp-json\/wp\/v2\/media\/8107"}],"wp:attachment":[{"href":"https:\/\/wiejskieprzysmaki.estima.site\/en\/wp-json\/wp\/v2\/media?parent=8106"}],"wp:term":[{"taxonomy":"product_brand","embeddable":true,"href":"https:\/\/wiejskieprzysmaki.estima.site\/en\/wp-json\/wp\/v2\/product_brand?post=8106"},{"taxonomy":"product_cat","embeddable":true,"href":"https:\/\/wiejskieprzysmaki.estima.site\/en\/wp-json\/wp\/v2\/product_cat?post=8106"},{"taxonomy":"product_tag","embeddable":true,"href":"https:\/\/wiejskieprzysmaki.estima.site\/en\/wp-json\/wp\/v2\/product_tag?post=8106"}],"curies":[{"name":"wp","href":"https:\/\/api.w.org\/{rel}","templated":true}]}}