{"id":8116,"date":"2025-02-18T11:52:36","date_gmt":"2025-02-18T10:52:36","guid":{"rendered":"https:\/\/wiejskieprzysmaki.estima.site\/produkt\/maka-gryczana-jasna-bio-500-g-naturavena\/"},"modified":"2025-02-18T11:52:43","modified_gmt":"2025-02-18T10:52:43","slug":"maka-gryczana-jasna-bio-500-g-naturavena","status":"publish","type":"product","link":"https:\/\/wiejskieprzysmaki.estima.site\/en\/product\/maka-gryczana-jasna-bio-500-g-naturavena\/","title":{"rendered":"M\u0104KA GRYCZANA JASNA BIO 500 g &#8211; NATURAVENA"},"content":{"rendered":"<p>SK\u0141ADNIKI<br \/>ekologiczna m\u0105ka gryczana jasna 100 %.<\/p>\n<p>OPIS<br \/>Ekologiczna m\u0105ka gryczana jasna otrzymywana jest z ob\u0142uskanego, niepra\u017conego ziarna gryki. Polecamy do ciasta nale\u015bnikowego, makaron\u00f3w, plack\u00f3w, blin\u00f3w. Doskona\u0142a r\u00f3wnie\u017c do wypieku chleba w po\u0142\u0105czeniu z innymi m\u0105kami. \t\t\t<\/p>\n<p>WARTO\u015a\u0106 OD\u017bYWCZA W 100 g<br \/>Warto\u015b\u0107 energetyczna \t1533 kJ\/362 kcal<br \/>T\u0142uszcz \t2,4 g<br \/>w tym kwasy t\u0142uszczowe nasycone \t0,5 g<br \/>W\u0119glowodany \t69 g<br \/>w tym cukry \t1,1 g<br \/>B\u0142onnik \t7,5 g<br \/>Bia\u0142ko \t12 g<br \/>S\u00f3l \t<0,01 g\n\nINFORMACJA ALERGENNA<br \/>Produkt mo\u017ce zawiera\u0107: ZBO\u017bA ZAWIERAJ\u0104CE GLUTEN, ORZESZKI ZIEMNE, ORZECHY, NASIONA SEZAMU, SOJ\u0118.<\/p>\n<p>ZALECANE WARUNKI PRZECHOWYWANIA  <br \/>Przechowywa\u0107 w suchym i ch\u0142odnym miejscu.<\/p>","protected":false},"excerpt":{"rendered":"<p>SK\u0141ADNIKIekologiczna m\u0105ka gryczana jasna 100 %. OPISEkologiczna m\u0105ka gryczana jasna otrzymywana jest z ob\u0142uskanego, niepra\u017conego ziarna gryki. Polecamy do ciasta nale\u015bnikowego, makaron\u00f3w, plack\u00f3w, blin\u00f3w. Doskona\u0142a r\u00f3wnie\u017c do wypieku chleba w po\u0142\u0105czeniu z innymi m\u0105kami. WARTO\u015a\u0106 OD\u017bYWCZA W 100 gWarto\u015b\u0107 energetyczna 1533 kJ\/362 kcalT\u0142uszcz 2,4 gw tym kwasy t\u0142uszczowe nasycone 0,5 gW\u0119glowodany 69 gw tym cukry [&hellip;]<\/p>","protected":false},"featured_media":8117,"comment_status":"closed","ping_status":"open","template":"","meta":{"_acf_changed":false},"product_brand":[],"product_cat":[99,100],"product_tag":[],"class_list":{"0":"post-8116","1":"product","2":"type-product","3":"status-publish","4":"has-post-thumbnail","6":"product_cat-maki-i-skrobie","7":"product_cat-maki-naturalnie-bezglutenowe","8":"pa_ean-matka-6307","9":"pa_gwarancja-przydatnosci-311","10":"pa_ilosc-w-opakowaniu-298","11":"pa_jednostka-podstawowa-szt","12":"pa_kod-cn-1102-90-90","13":"pa_kraj-pochodzenia-skladnikow-polska","14":"pa_masa-netto-347","15":"pa_objetosc-brutto-221","16":"pa_producent-naturavena-bio","17":"pa_producent-nazwa-adres-bio-planet-s-a-wilkowa-wies-7-05-084-leszno","18":"pa_tagi-bez-cukru-w-skladnikach","19":"pa_tagi-bez-glutenu-w-skladnikach","20":"pa_tagi-certyfikat-bio","21":"pa_tagi-weganski","22":"pa_tagi-wegetarianski","24":"first","25":"instock","26":"taxable","27":"shipping-taxable","28":"purchasable","29":"product-type-simple"},"acf":[],"_links":{"self":[{"href":"https:\/\/wiejskieprzysmaki.estima.site\/en\/wp-json\/wp\/v2\/product\/8116","targetHints":{"allow":["GET"]}}],"collection":[{"href":"https:\/\/wiejskieprzysmaki.estima.site\/en\/wp-json\/wp\/v2\/product"}],"about":[{"href":"https:\/\/wiejskieprzysmaki.estima.site\/en\/wp-json\/wp\/v2\/types\/product"}],"replies":[{"embeddable":true,"href":"https:\/\/wiejskieprzysmaki.estima.site\/en\/wp-json\/wp\/v2\/comments?post=8116"}],"wp:featuredmedia":[{"embeddable":true,"href":"https:\/\/wiejskieprzysmaki.estima.site\/en\/wp-json\/wp\/v2\/media\/8117"}],"wp:attachment":[{"href":"https:\/\/wiejskieprzysmaki.estima.site\/en\/wp-json\/wp\/v2\/media?parent=8116"}],"wp:term":[{"taxonomy":"product_brand","embeddable":true,"href":"https:\/\/wiejskieprzysmaki.estima.site\/en\/wp-json\/wp\/v2\/product_brand?post=8116"},{"taxonomy":"product_cat","embeddable":true,"href":"https:\/\/wiejskieprzysmaki.estima.site\/en\/wp-json\/wp\/v2\/product_cat?post=8116"},{"taxonomy":"product_tag","embeddable":true,"href":"https:\/\/wiejskieprzysmaki.estima.site\/en\/wp-json\/wp\/v2\/product_tag?post=8116"}],"curies":[{"name":"wp","href":"https:\/\/api.w.org\/{rel}","templated":true}]}}