{"id":813,"date":"2025-02-18T10:32:09","date_gmt":"2025-02-18T09:32:09","guid":{"rendered":"https:\/\/wiejskieprzysmaki.estima.site\/produkt\/jagody-acai-liofilizowane-sproszkowane-bio-100-g-bio-planet\/"},"modified":"2025-02-20T15:14:37","modified_gmt":"2025-02-20T14:14:37","slug":"jagody-acai-liofilizowane-sproszkowane-bio-100-g-bio-planet","status":"publish","type":"product","link":"https:\/\/wiejskieprzysmaki.estima.site\/en\/product\/jagody-acai-liofilizowane-sproszkowane-bio-100-g-bio-planet\/","title":{"rendered":"JAGODY ACAI LIOFILIZOWANE SPROSZKOWANE BIO 100 g &#8211; BIO PLANET"},"content":{"rendered":"<p>SK\u0141ADNIKI<br \/>ekologiczne jagody acai liofilizowane sproszkowane 100 %. <\/p>\n<p>OPIS<br \/>Ekologiczne sproszkowane jagody acai to bardzo cenny i ciekawy dodatek do diety. Dzi\u0119ki zastosowanej metodzie liofilizacji, gotowy produkt zachowuje pe\u0142ni\u0119 sk\u0142adnik\u00f3w od\u017cywczych. <\/p>\n<p>SPOS\u00d3B PRZYGOTOWANIA<br \/>wymiesza\u0107 1 \u0142y\u017ceczk\u0119 (oko\u0142o 2 g) z ulubionym koktajlem, sokiem, jogurtem lub innym deserem<\/p>\n<p>WARTO\u015a\u0106 OD\u017bYWCZA W 100 g<br \/>Warto\u015b\u0107 energetyczna: 2337 kJ\/567 kcal<br \/>T\u0142uszcz: 49 g<br \/>w tym kwasy t\u0142uszczowe nasycone: 15 g<br \/>W\u0119glowodany: 8,6 g<br \/>w tym cukry: 0,9 g<br \/>B\u0142onnik: 26 g<br \/>Bia\u0142ko: 9,7 g<br \/>S\u00f3l: 0,09 g<\/p>\n<p>ZALECANE WARUNKI PRZECHOWYWANIA<br \/>Przechowywa\u0107 w suchym i ch\u0142odnym miejscu.<\/p>","protected":false},"excerpt":{"rendered":"<p>SK\u0141ADNIKIekologiczne jagody acai liofilizowane sproszkowane 100 %. OPISEkologiczne sproszkowane jagody acai to bardzo cenny i ciekawy dodatek do diety. Dzi\u0119ki zastosowanej metodzie liofilizacji, gotowy produkt zachowuje pe\u0142ni\u0119 sk\u0142adnik\u00f3w od\u017cywczych. SPOS\u00d3B PRZYGOTOWANIAwymiesza\u0107 1 \u0142y\u017ceczk\u0119 (oko\u0142o 2 g) z ulubionym koktajlem, sokiem, jogurtem lub innym deserem WARTO\u015a\u0106 OD\u017bYWCZA W 100 gWarto\u015b\u0107 energetyczna: 2337 kJ\/567 kcalT\u0142uszcz: 49 gw [&hellip;]<\/p>","protected":false},"featured_media":814,"comment_status":"closed","ping_status":"open","template":"","meta":{"_acf_changed":false},"product_brand":[],"product_cat":[290,9057],"product_tag":[],"class_list":{"0":"post-813","1":"product","2":"type-product","3":"status-publish","4":"has-post-thumbnail","6":"product_cat-produkty-sproszkowane","7":"product_cat-suplementy-diety","8":"pa_ean-matka-806","9":"pa_gwarancja-przydatnosci-311","10":"pa_ilosc-w-opakowaniu-298","11":"pa_jednostka-podstawowa-szt","12":"pa_kod-cn-1106-30-90","13":"pa_kraj-pochodzenia-skladnikow-brazylia","14":"pa_masa-netto-242","15":"pa_objetosc-brutto-778","16":"pa_producent-bio-planet-seria-superfoods","17":"pa_producent-nazwa-adres-bio-planet-s-a-wilkowa-wies-7-05-084-leszno","18":"pa_tagi-bez-cukru-w-skladnikach","19":"pa_tagi-bez-glutenu-w-skladnikach","20":"pa_tagi-certyfikat-bio","21":"pa_tagi-weganski","22":"pa_tagi-wegetarianski","24":"first","25":"instock","26":"taxable","27":"shipping-taxable","28":"purchasable","29":"product-type-simple"},"acf":[],"_links":{"self":[{"href":"https:\/\/wiejskieprzysmaki.estima.site\/en\/wp-json\/wp\/v2\/product\/813","targetHints":{"allow":["GET"]}}],"collection":[{"href":"https:\/\/wiejskieprzysmaki.estima.site\/en\/wp-json\/wp\/v2\/product"}],"about":[{"href":"https:\/\/wiejskieprzysmaki.estima.site\/en\/wp-json\/wp\/v2\/types\/product"}],"replies":[{"embeddable":true,"href":"https:\/\/wiejskieprzysmaki.estima.site\/en\/wp-json\/wp\/v2\/comments?post=813"}],"wp:featuredmedia":[{"embeddable":true,"href":"https:\/\/wiejskieprzysmaki.estima.site\/en\/wp-json\/wp\/v2\/media\/814"}],"wp:attachment":[{"href":"https:\/\/wiejskieprzysmaki.estima.site\/en\/wp-json\/wp\/v2\/media?parent=813"}],"wp:term":[{"taxonomy":"product_brand","embeddable":true,"href":"https:\/\/wiejskieprzysmaki.estima.site\/en\/wp-json\/wp\/v2\/product_brand?post=813"},{"taxonomy":"product_cat","embeddable":true,"href":"https:\/\/wiejskieprzysmaki.estima.site\/en\/wp-json\/wp\/v2\/product_cat?post=813"},{"taxonomy":"product_tag","embeddable":true,"href":"https:\/\/wiejskieprzysmaki.estima.site\/en\/wp-json\/wp\/v2\/product_tag?post=813"}],"curies":[{"name":"wp","href":"https:\/\/api.w.org\/{rel}","templated":true}]}}