{"id":8134,"date":"2025-02-18T11:52:47","date_gmt":"2025-02-18T10:52:47","guid":{"rendered":"https:\/\/wiejskieprzysmaki.estima.site\/produkt\/krem-orzechowy-klasyczny-100-bez-dodatku-soli-i-cukrow-340-g-naturavena\/"},"modified":"2025-02-18T11:52:54","modified_gmt":"2025-02-18T10:52:54","slug":"krem-orzechowy-klasyczny-100-bez-dodatku-soli-i-cukrow-340-g-naturavena","status":"publish","type":"product","link":"https:\/\/wiejskieprzysmaki.estima.site\/en\/product\/krem-orzechowy-klasyczny-100-bez-dodatku-soli-i-cukrow-340-g-naturavena\/","title":{"rendered":"KREM ORZECHOWY KLASYCZNY 100 % BEZ DODATKU SOLI I CUKR\u00d3W 340 g &#8211; NATURAVENA"},"content":{"rendered":"<p>SK\u0141ADNIKI <br \/>pra\u017cone ORZESZKI ZIEMNE 100 %<\/p>\n<p>OPIS  <br \/>Krem z ORZESZK\u00d3W ZIEMNYCH klasyczny. <br \/>\u0179r\u00f3d\u0142o bia\u0142ka, bez oleju palmowego, bez doddatku cukr\u00f3w i soli. 100 % orzeszk\u00f3w ziemnych.<br \/>Warstwa oleju na powierzchni kremu jest zjawiskiem naturalnym. Przed spo\u017cyciem dok\u0142adnie wymiesza\u0107. Bez dodatku cukr\u00f3w. Zawiera naturalnie wyst\u0119puj\u0105ce cukry.<\/p>\n<p>WARTO\u015a\u0106 OD\u017bYWCZA W 100 g<br \/>Warto\u015b\u0107 energetyczna: 2669 kJ\/636 kcal\t\t<br \/>T\u0142uszcz: 50 g\t\t<br \/>w tym kwasy t\u0142uszczowe nasycone: 9,4 g\t\t<br \/>W\u0119glowodany: 19 g<br \/>w tym cukry: 3,8 g\t\t<br \/>B\u0142onnik: 3,3  g\t\t<br \/>Bia\u0142ko: 28 g\t\t<br \/>S\u00f3l: 0,17 g\t\t<\/p>\n<p>ZALECANE WARUNKI PRZECHOWYWANIA  <br \/>Przechowywa\u0107 w suchym i ch\u0142odnym miejscu. Po otwarciu spo\u017cyc w ci\u0105gu 1 miesi\u0105ca.<\/p>","protected":false},"excerpt":{"rendered":"<p>SK\u0141ADNIKI pra\u017cone ORZESZKI ZIEMNE 100 % OPIS Krem z ORZESZK\u00d3W ZIEMNYCH klasyczny. \u0179r\u00f3d\u0142o bia\u0142ka, bez oleju palmowego, bez doddatku cukr\u00f3w i soli. 100 % orzeszk\u00f3w ziemnych.Warstwa oleju na powierzchni kremu jest zjawiskiem naturalnym. Przed spo\u017cyciem dok\u0142adnie wymiesza\u0107. Bez dodatku cukr\u00f3w. Zawiera naturalnie wyst\u0119puj\u0105ce cukry. WARTO\u015a\u0106 OD\u017bYWCZA W 100 gWarto\u015b\u0107 energetyczna: 2669 kJ\/636 kcal T\u0142uszcz: 50 [&hellip;]<\/p>","protected":false},"featured_media":8135,"comment_status":"closed","ping_status":"open","template":"","meta":{"_acf_changed":false},"product_brand":[],"product_cat":[734],"product_tag":[],"class_list":{"0":"post-8134","1":"product","2":"type-product","3":"status-publish","4":"has-post-thumbnail","6":"product_cat-kremy-orzechowe-czekoladowe-tahini","7":"pa_ean-matka-6324","8":"pa_gwarancja-przydatnosci-776","9":"pa_ilosc-w-opakowaniu-374","10":"pa_jednostka-podstawowa-szt","11":"pa_kod-cn-2008-11-10","12":"pa_masa-netto-3409","13":"pa_objetosc-brutto-906","14":"pa_producent-naturavena","15":"pa_producent-nazwa-adres-bio-planet-s-a-wilkowa-wies-7-05-084-leszno","16":"pa_tagi-bez-cukru-w-skladnikach","17":"pa_tagi-bez-glutenu-w-skladnikach","18":"pa_tagi-weganski","19":"pa_tagi-wegetarianski","21":"first","22":"instock","23":"taxable","24":"shipping-taxable","25":"purchasable","26":"product-type-simple"},"acf":[],"_links":{"self":[{"href":"https:\/\/wiejskieprzysmaki.estima.site\/en\/wp-json\/wp\/v2\/product\/8134","targetHints":{"allow":["GET"]}}],"collection":[{"href":"https:\/\/wiejskieprzysmaki.estima.site\/en\/wp-json\/wp\/v2\/product"}],"about":[{"href":"https:\/\/wiejskieprzysmaki.estima.site\/en\/wp-json\/wp\/v2\/types\/product"}],"replies":[{"embeddable":true,"href":"https:\/\/wiejskieprzysmaki.estima.site\/en\/wp-json\/wp\/v2\/comments?post=8134"}],"wp:featuredmedia":[{"embeddable":true,"href":"https:\/\/wiejskieprzysmaki.estima.site\/en\/wp-json\/wp\/v2\/media\/8135"}],"wp:attachment":[{"href":"https:\/\/wiejskieprzysmaki.estima.site\/en\/wp-json\/wp\/v2\/media?parent=8134"}],"wp:term":[{"taxonomy":"product_brand","embeddable":true,"href":"https:\/\/wiejskieprzysmaki.estima.site\/en\/wp-json\/wp\/v2\/product_brand?post=8134"},{"taxonomy":"product_cat","embeddable":true,"href":"https:\/\/wiejskieprzysmaki.estima.site\/en\/wp-json\/wp\/v2\/product_cat?post=8134"},{"taxonomy":"product_tag","embeddable":true,"href":"https:\/\/wiejskieprzysmaki.estima.site\/en\/wp-json\/wp\/v2\/product_tag?post=8134"}],"curies":[{"name":"wp","href":"https:\/\/api.w.org\/{rel}","templated":true}]}}