{"id":8143,"date":"2025-02-18T11:52:55","date_gmt":"2025-02-18T10:52:55","guid":{"rendered":"https:\/\/wiejskieprzysmaki.estima.site\/produkt\/krem-kokosowy-17-bio-400-ml-naturavena\/"},"modified":"2025-02-18T11:52:59","modified_gmt":"2025-02-18T10:52:59","slug":"krem-kokosowy-17-bio-400-ml-naturavena","status":"publish","type":"product","link":"https:\/\/wiejskieprzysmaki.estima.site\/en\/product\/krem-kokosowy-17-bio-400-ml-naturavena\/","title":{"rendered":"KREM KOKOSOWY 17 % BIO 400 ml &#8211; NATURAVENA"},"content":{"rendered":"<p>SK\u0141ADNIKI <br \/>ekstrakt z mi\u0105\u017cszu kokosa* 61 %, woda, stabilizator: guma guar (*certyikowany sk\u0142adnik ekologiczny)<\/p>\n<p>OPIS  <br \/>Produkt sterylizowany.<br \/>Gotowy do bezpo\u015bredniego spo\u017cycia. Przed spo\u017cyciem wstrz\u0105sn\u0105\u0107. Krem kokosowy stanowi bardzo dobre uzupe\u0142nienie kuchni orientalnej. Jest doskona\u0142ym dodatkiem do sos\u00f3w, marynat, zup, ciast, desr\u00f3w, drink\u00f3w oraz kawy.<\/p>\n<p>WARTO\u015a\u0106 OD\u017bYWCZA W 100 ml <br \/>Warto\u015b\u0107 energetyczna: 722 kJ\/175 kcal\t\t<br \/>T\u0142uszcz: 17 g\t\t<br \/>w tym kwasy t\u0142uszczowe nasycone: 16 g\t\t<br \/>W\u0119glowodany: 4,0 g\t\t<br \/>w tym cukry: 2,0 g\t<br \/>B\u0142onnik: 1,0 g\t\t<br \/>Bia\u0142ko: 1,0 g\t\t<br \/>S\u00f3l: 0,03 g\t\t\t<\/p>\n<p>ZALECANE WARUNKI PRZECHOWYWANIA  <br \/>Przechowywa\u0107 w suchym i ch\u0142odnym miejscu. Po otwarciu przechowywa\u0107 w lod\u00f3wce i spo\u017cy\u0107 w ci\u0105gu 3 dni.<\/p>","protected":false},"excerpt":{"rendered":"<p>SK\u0141ADNIKI ekstrakt z mi\u0105\u017cszu kokosa* 61 %, woda, stabilizator: guma guar (*certyikowany sk\u0142adnik ekologiczny) OPIS Produkt sterylizowany.Gotowy do bezpo\u015bredniego spo\u017cycia. Przed spo\u017cyciem wstrz\u0105sn\u0105\u0107. Krem kokosowy stanowi bardzo dobre uzupe\u0142nienie kuchni orientalnej. Jest doskona\u0142ym dodatkiem do sos\u00f3w, marynat, zup, ciast, desr\u00f3w, drink\u00f3w oraz kawy. WARTO\u015a\u0106 OD\u017bYWCZA W 100 ml Warto\u015b\u0107 energetyczna: 722 kJ\/175 kcal T\u0142uszcz: 17 [&hellip;]<\/p>","protected":false},"featured_media":8145,"comment_status":"closed","ping_status":"open","template":"","meta":{"_acf_changed":false},"product_brand":[],"product_cat":[134,1008],"product_tag":[],"class_list":{"0":"post-8143","1":"product","2":"type-product","3":"status-publish","4":"has-post-thumbnail","6":"product_cat-napoje","7":"product_cat-roslinne-alternatywy-mleka-i-smietany","8":"pa_ean-matka-6328","9":"pa_gwarancja-przydatnosci-762","10":"pa_ilosc-w-opakowaniu-454","11":"pa_jednostka-podstawowa-szt","12":"pa_kod-cn-2106-90-92","13":"pa_kraj-pochodzenia-skladnikow-sri-lanka","14":"pa_objetosc-brutto-303","15":"pa_objetosc-netto-987","16":"pa_producent-naturavena-bio","17":"pa_producent-nazwa-adres-bio-planet-s-a-wilkowa-wies-7-05-084-leszno","18":"pa_tagi-bez-cukru-w-skladnikach","19":"pa_tagi-bez-glutenu-w-skladnikach","20":"pa_tagi-certyfikat-bio","21":"pa_tagi-weganski","22":"pa_tagi-wegetarianski","24":"first","25":"instock","26":"taxable","27":"shipping-taxable","28":"purchasable","29":"product-type-simple"},"acf":[],"_links":{"self":[{"href":"https:\/\/wiejskieprzysmaki.estima.site\/en\/wp-json\/wp\/v2\/product\/8143","targetHints":{"allow":["GET"]}}],"collection":[{"href":"https:\/\/wiejskieprzysmaki.estima.site\/en\/wp-json\/wp\/v2\/product"}],"about":[{"href":"https:\/\/wiejskieprzysmaki.estima.site\/en\/wp-json\/wp\/v2\/types\/product"}],"replies":[{"embeddable":true,"href":"https:\/\/wiejskieprzysmaki.estima.site\/en\/wp-json\/wp\/v2\/comments?post=8143"}],"wp:featuredmedia":[{"embeddable":true,"href":"https:\/\/wiejskieprzysmaki.estima.site\/en\/wp-json\/wp\/v2\/media\/8145"}],"wp:attachment":[{"href":"https:\/\/wiejskieprzysmaki.estima.site\/en\/wp-json\/wp\/v2\/media?parent=8143"}],"wp:term":[{"taxonomy":"product_brand","embeddable":true,"href":"https:\/\/wiejskieprzysmaki.estima.site\/en\/wp-json\/wp\/v2\/product_brand?post=8143"},{"taxonomy":"product_cat","embeddable":true,"href":"https:\/\/wiejskieprzysmaki.estima.site\/en\/wp-json\/wp\/v2\/product_cat?post=8143"},{"taxonomy":"product_tag","embeddable":true,"href":"https:\/\/wiejskieprzysmaki.estima.site\/en\/wp-json\/wp\/v2\/product_tag?post=8143"}],"curies":[{"name":"wp","href":"https:\/\/api.w.org\/{rel}","templated":true}]}}