{"id":8162,"date":"2025-02-18T11:53:00","date_gmt":"2025-02-18T10:53:00","guid":{"rendered":"https:\/\/wiejskieprzysmaki.estima.site\/produkt\/kasza-jaglana-bio-500-g-naturavena\/"},"modified":"2025-02-20T15:25:37","modified_gmt":"2025-02-20T14:25:37","slug":"kasza-jaglana-bio-500-g-naturavena","status":"publish","type":"product","link":"https:\/\/wiejskieprzysmaki.estima.site\/en\/product\/kasza-jaglana-bio-500-g-naturavena\/","title":{"rendered":"KASZA JAGLANA BIO 500 g &#8211; NATURAVENA"},"content":{"rendered":"<p>SK\u0141ADNIKI <br \/>ekologiczna kasza jaglana 100 %\t\t\t\t\t<\/p>\n<p>OPIS  <br \/>Ekologiczna kasza jaglana otrzymana z \u0142uszczonego prosa. Doskona\u0142a na \u015bniadanie z suszonymi owocami. W wersji wytrawnej mo\u017ce by\u0107 podawana z duszonymi warzywami i \u015bwie\u017cymi zio\u0142ami.<\/p>\n<p>SPOS\u00d3B PRZYGOTOWANIA<br \/>uprzednio wyp\u0142ukan\u0105 kasz\u0119 gotowa\u0107 w osolonej wodzie w proporcji 1:3 (1 porcja kaszy na 3 porcje wody) na ma\u0142ym ogniu ok.20 min\t\t\t\t\t\t<\/p>\n<p>WARTO\u015a\u0106 OD\u017bYWCZA W 100 g <br \/>Warto\u015b\u0107 energetyczna 1488 kJ\/351 kcal\t\t<br \/>T\u0142uszcz\t2,9 g\t\t<br \/>w tym kwasy t\u0142uszczowe nasycone\t0,6 g\t\t<br \/>W\u0119glowodany\t68,4 g\t\t<br \/>w tym cukry\t0,1 g\t\t<br \/>B\u0142onnik\t 3,2 g\t\t<br \/>Bia\u0142ko\t11,3 g\t\t<br \/>S\u00f3l\t0,013 g\t\t<\/p>\n<p>INFORMACJA ALERGENNA<br \/>Produkt mo\u017ce zawiera\u0107: ZBO\u017bA ZAWIERAJ\u0104CE GLUTEN, ORZECHY, ORZESZKI ZIEMNE, NASIONA SEZAMU, soj\u0119.<\/p>\n<p>ZALECANE WARUNKI PRZECHOWYWANIA  <br \/>Przechowywa\u0107 w suchym i ch\u0142odnym miejscu<\/p>\n<p><\/p>","protected":false},"excerpt":{"rendered":"<p>SK\u0141ADNIKI ekologiczna kasza jaglana 100 % OPIS Ekologiczna kasza jaglana otrzymana z \u0142uszczonego prosa. Doskona\u0142a na \u015bniadanie z suszonymi owocami. W wersji wytrawnej mo\u017ce by\u0107 podawana z duszonymi warzywami i \u015bwie\u017cymi zio\u0142ami. SPOS\u00d3B PRZYGOTOWANIAuprzednio wyp\u0142ukan\u0105 kasz\u0119 gotowa\u0107 w osolonej wodzie w proporcji 1:3 (1 porcja kaszy na 3 porcje wody) na ma\u0142ym ogniu ok.20 min [&hellip;]<\/p>","protected":false},"featured_media":8163,"comment_status":"closed","ping_status":"open","template":"","meta":{"_acf_changed":false},"product_brand":[],"product_cat":[313],"product_tag":[],"class_list":{"0":"post-8162","1":"product","2":"type-product","3":"status-publish","4":"has-post-thumbnail","6":"product_cat-ryze-i-kasze","7":"pa_ean-matka-567","8":"pa_ean-matka-6341","9":"pa_gwarancja-przydatnosci-522","10":"pa_ilosc-w-opakowaniu-694","11":"pa_jednostka-podstawowa-szt","12":"pa_kod-cn-1103-19-90","13":"pa_kraj-pochodzenia-skladnikow-ukraina","14":"pa_masa-netto-347","15":"pa_objetosc-brutto-204","16":"pa_producent-naturavena-bio","17":"pa_producent-nazwa-adres-bio-planet-s-a-wilkowa-wies-7-05-084-leszno","18":"pa_tagi-bez-cukru-w-skladnikach","19":"pa_tagi-bez-glutenu-w-skladnikach","20":"pa_tagi-certyfikat-bio","21":"pa_tagi-weganski","22":"pa_tagi-wegetarianski","24":"first","25":"instock","26":"taxable","27":"shipping-taxable","28":"purchasable","29":"product-type-simple"},"acf":[],"_links":{"self":[{"href":"https:\/\/wiejskieprzysmaki.estima.site\/en\/wp-json\/wp\/v2\/product\/8162","targetHints":{"allow":["GET"]}}],"collection":[{"href":"https:\/\/wiejskieprzysmaki.estima.site\/en\/wp-json\/wp\/v2\/product"}],"about":[{"href":"https:\/\/wiejskieprzysmaki.estima.site\/en\/wp-json\/wp\/v2\/types\/product"}],"replies":[{"embeddable":true,"href":"https:\/\/wiejskieprzysmaki.estima.site\/en\/wp-json\/wp\/v2\/comments?post=8162"}],"wp:featuredmedia":[{"embeddable":true,"href":"https:\/\/wiejskieprzysmaki.estima.site\/en\/wp-json\/wp\/v2\/media\/8163"}],"wp:attachment":[{"href":"https:\/\/wiejskieprzysmaki.estima.site\/en\/wp-json\/wp\/v2\/media?parent=8162"}],"wp:term":[{"taxonomy":"product_brand","embeddable":true,"href":"https:\/\/wiejskieprzysmaki.estima.site\/en\/wp-json\/wp\/v2\/product_brand?post=8162"},{"taxonomy":"product_cat","embeddable":true,"href":"https:\/\/wiejskieprzysmaki.estima.site\/en\/wp-json\/wp\/v2\/product_cat?post=8162"},{"taxonomy":"product_tag","embeddable":true,"href":"https:\/\/wiejskieprzysmaki.estima.site\/en\/wp-json\/wp\/v2\/product_tag?post=8162"}],"curies":[{"name":"wp","href":"https:\/\/api.w.org\/{rel}","templated":true}]}}