{"id":8178,"date":"2025-02-18T11:53:12","date_gmt":"2025-02-18T10:53:12","guid":{"rendered":"https:\/\/wiejskieprzysmaki.estima.site\/produkt\/tapioka-perelki-150-g-yoga-life\/"},"modified":"2025-02-18T11:53:19","modified_gmt":"2025-02-18T10:53:19","slug":"tapioka-perelki-150-g-yoga-life","status":"publish","type":"product","link":"https:\/\/wiejskieprzysmaki.estima.site\/en\/product\/tapioka-perelki-150-g-yoga-life\/","title":{"rendered":"TAPIOKA PERE\u0141KI 150 g &#8211; YOGA LIFE"},"content":{"rendered":"<p>SK\u0141ADNIKI  <br \/>skrobia z manioku.\t\t<\/p>\n<p>OPIS  <br \/>&#8220;Polecamy jako sk\u0142adnik deser\u00f3w, budyni\u00f3w i pudding\u00f3w. Po ugotowaniu pere\u0142ki p\u0119czniej\u0105 i staj\u0105 si\u0119 przezroczyste.<br \/>Spos\u00f3b przygotowania: wsypa\u0107 do gotuj\u0105cej si\u0119 wody. Gotowa\u0107 na ma\u0142ym ogniu, od czasu do czasu mieszaj\u0105c przez oko\u0142o 20 minut, a\u017c granulki stan\u0105 si\u0119 przezroczyste.           &#8221;\t\t\t<\/p>\n<p>Warto\u015b\u0107 od\u017cywcza \tw 100 g<br \/>Warto\u015b\u0107 energetyczna \t1499 kJ\/358 kcal<br \/>T\u0142uszcz \t0 g<br \/>w tym kwasy t\u0142uszczowe nasycone \t0 g<br \/>W\u0119glowodany \t89 g<br \/>w tym cukry \t3,0 g<br \/>Bia\u0142ko \t0 g<br \/>S\u00f3l \t0 g<\/p>\n<p>ZALECANE WARUNKI PRZECHOWYWANIA  <br \/>Przechowywa\u0107 w suchym i ch\u0142odnym miejscu.\t<\/p>","protected":false},"excerpt":{"rendered":"<p>SK\u0141ADNIKI skrobia z manioku. OPIS &#8220;Polecamy jako sk\u0142adnik deser\u00f3w, budyni\u00f3w i pudding\u00f3w. Po ugotowaniu pere\u0142ki p\u0119czniej\u0105 i staj\u0105 si\u0119 przezroczyste.Spos\u00f3b przygotowania: wsypa\u0107 do gotuj\u0105cej si\u0119 wody. Gotowa\u0107 na ma\u0142ym ogniu, od czasu do czasu mieszaj\u0105c przez oko\u0142o 20 minut, a\u017c granulki stan\u0105 si\u0119 przezroczyste. &#8221; Warto\u015b\u0107 od\u017cywcza w 100 gWarto\u015b\u0107 energetyczna 1499 kJ\/358 kcalT\u0142uszcz 0 [&hellip;]<\/p>","protected":false},"featured_media":8179,"comment_status":"closed","ping_status":"open","template":"","meta":{"_acf_changed":false},"product_brand":[],"product_cat":[99,765],"product_tag":[],"class_list":{"0":"post-8178","1":"product","2":"type-product","3":"status-publish","4":"has-post-thumbnail","6":"product_cat-maki-i-skrobie","7":"product_cat-skrobie","8":"pa_ean-matka-6356","9":"pa_ean-matka-6355","10":"pa_gwarancja-przydatnosci-301","11":"pa_ilosc-w-opakowaniu-350","12":"pa_jednostka-podstawowa-szt","13":"pa_kod-cn-1903-00-00","14":"pa_kraj-pochodzenia-skladnikow-tajlandia","15":"pa_masa-netto-197","16":"pa_objetosc-brutto-6351","17":"pa_producent-yoga-life","18":"pa_producent-nazwa-adres-bio-planet-s-a-wilkowa-wies-7-05-084-leszno","19":"pa_tagi-bez-cukru-w-skladnikach","20":"pa_tagi-bez-glutenu-w-skladnikach","21":"pa_tagi-weganski","22":"pa_tagi-wegetarianski","24":"first","25":"instock","26":"taxable","27":"shipping-taxable","28":"purchasable","29":"product-type-simple"},"acf":[],"_links":{"self":[{"href":"https:\/\/wiejskieprzysmaki.estima.site\/en\/wp-json\/wp\/v2\/product\/8178","targetHints":{"allow":["GET"]}}],"collection":[{"href":"https:\/\/wiejskieprzysmaki.estima.site\/en\/wp-json\/wp\/v2\/product"}],"about":[{"href":"https:\/\/wiejskieprzysmaki.estima.site\/en\/wp-json\/wp\/v2\/types\/product"}],"replies":[{"embeddable":true,"href":"https:\/\/wiejskieprzysmaki.estima.site\/en\/wp-json\/wp\/v2\/comments?post=8178"}],"wp:featuredmedia":[{"embeddable":true,"href":"https:\/\/wiejskieprzysmaki.estima.site\/en\/wp-json\/wp\/v2\/media\/8179"}],"wp:attachment":[{"href":"https:\/\/wiejskieprzysmaki.estima.site\/en\/wp-json\/wp\/v2\/media?parent=8178"}],"wp:term":[{"taxonomy":"product_brand","embeddable":true,"href":"https:\/\/wiejskieprzysmaki.estima.site\/en\/wp-json\/wp\/v2\/product_brand?post=8178"},{"taxonomy":"product_cat","embeddable":true,"href":"https:\/\/wiejskieprzysmaki.estima.site\/en\/wp-json\/wp\/v2\/product_cat?post=8178"},{"taxonomy":"product_tag","embeddable":true,"href":"https:\/\/wiejskieprzysmaki.estima.site\/en\/wp-json\/wp\/v2\/product_tag?post=8178"}],"curies":[{"name":"wp","href":"https:\/\/api.w.org\/{rel}","templated":true}]}}