{"id":8180,"date":"2025-02-18T11:53:12","date_gmt":"2025-02-18T10:53:12","guid":{"rendered":"https:\/\/wiejskieprzysmaki.estima.site\/produkt\/spirulina-sproszkowana-150-g-yoga-life\/"},"modified":"2025-02-20T15:12:04","modified_gmt":"2025-02-20T14:12:04","slug":"spirulina-sproszkowana-150-g-yoga-life","status":"publish","type":"product","link":"https:\/\/wiejskieprzysmaki.estima.site\/en\/product\/spirulina-sproszkowana-150-g-yoga-life\/","title":{"rendered":"SPIRULINA SPROSZKOWANA 150 g &#8211; YOGA LIFE"},"content":{"rendered":"<p>SK\u0141ADNIKI  <br \/>spirulina sproszkowana 100 %.\t\t\t<\/p>\n<p>OPIS  <br \/>&#8220;Suplement diety<br \/>Zalecane spo\u017cycie: 3 razy dziennie po 3 g po posi\u0142ku popijaj\u0105c du\u017c\u0105 ilo\u015bci\u0105 wody. <br \/>W zalecanej do spo\u017cycia dziennej porcji produktu zawarto\u015b\u0107 jodu wynosi 118,8 \u00b5g (79 % *DRWS), <br \/>Nie nale\u017cy przekracza\u0107 zalecanej porcji do spo\u017cycia w ci\u0105gu dnia. Suplement diety nie mo\u017ce by\u0107 stosowany jako substytut zr\u00f3\u017cnicowanej diety. Przechowywa\u0107 w spos\u00f3b niedst\u0119pny dla ma\u0142ych dzieci.&#8221;\t\t\t\t\t<\/p>\n<p>WARTO\u015a\u0106 OD\u017bYWCZA W 100 g <br \/>Warto\u015b\u0107 od\u017cywcza \tw 100 g\t<br \/>Warto\u015b\u0107 energetyczna \t1630 kJ\/388 kcal\t<br \/>T\u0142uszcz \t7,7 g\t<br \/>w tym kwasy t\u0142uszczowe nasycone \t2,7 g\t<br \/>W\u0119glowodany \t20 g\t<br \/>w tym cukry \t3,1 g\t<br \/>B\u0142onnik \t3,6 g\t<br \/>Bia\u0142ko \t58 g\t<br \/>S\u00f3l \t2,62 g\t<br \/>Sk\u0142adniki mineralne\t\t*DRWS<br \/>Jod\t1320 \u00b5g\t880%<\/p>\n<p>ZALECANE WARUNKI PRZECHOWYWANIA  <br \/>Przechowywa\u0107 w suchym i ch\u0142odnym miejscu.\t\t<\/p>","protected":false},"excerpt":{"rendered":"<p>SK\u0141ADNIKI spirulina sproszkowana 100 %. OPIS &#8220;Suplement dietyZalecane spo\u017cycie: 3 razy dziennie po 3 g po posi\u0142ku popijaj\u0105c du\u017c\u0105 ilo\u015bci\u0105 wody. W zalecanej do spo\u017cycia dziennej porcji produktu zawarto\u015b\u0107 jodu wynosi 118,8 \u00b5g (79 % *DRWS), Nie nale\u017cy przekracza\u0107 zalecanej porcji do spo\u017cycia w ci\u0105gu dnia. Suplement diety nie mo\u017ce by\u0107 stosowany jako substytut zr\u00f3\u017cnicowanej [&hellip;]<\/p>","protected":false},"featured_media":8181,"comment_status":"closed","ping_status":"open","template":"","meta":{"_acf_changed":false},"product_brand":[],"product_cat":[290,9057],"product_tag":[],"class_list":{"0":"post-8180","1":"product","2":"type-product","3":"status-publish","4":"has-post-thumbnail","6":"product_cat-produkty-sproszkowane","7":"product_cat-suplementy-diety","8":"pa_ean-matka-6357","9":"pa_ean-matka-2735","10":"pa_gwarancja-przydatnosci-301","11":"pa_ilosc-w-opakowaniu-350","12":"pa_jednostka-podstawowa-szt","13":"pa_kod-cn-2102-20-90","14":"pa_kraj-pochodzenia-skladnikow-chiny","15":"pa_masa-netto-197","16":"pa_objetosc-brutto-6351","17":"pa_producent-yoga-life","18":"pa_producent-nazwa-adres-bio-planet-s-a-wilkowa-wies-7-05-084-leszno","19":"pa_tagi-bez-cukru-w-skladnikach","20":"pa_tagi-bez-glutenu-w-skladnikach","21":"pa_tagi-weganski","22":"pa_tagi-wegetarianski","24":"first","25":"instock","26":"taxable","27":"shipping-taxable","28":"purchasable","29":"product-type-simple"},"acf":[],"_links":{"self":[{"href":"https:\/\/wiejskieprzysmaki.estima.site\/en\/wp-json\/wp\/v2\/product\/8180","targetHints":{"allow":["GET"]}}],"collection":[{"href":"https:\/\/wiejskieprzysmaki.estima.site\/en\/wp-json\/wp\/v2\/product"}],"about":[{"href":"https:\/\/wiejskieprzysmaki.estima.site\/en\/wp-json\/wp\/v2\/types\/product"}],"replies":[{"embeddable":true,"href":"https:\/\/wiejskieprzysmaki.estima.site\/en\/wp-json\/wp\/v2\/comments?post=8180"}],"wp:featuredmedia":[{"embeddable":true,"href":"https:\/\/wiejskieprzysmaki.estima.site\/en\/wp-json\/wp\/v2\/media\/8181"}],"wp:attachment":[{"href":"https:\/\/wiejskieprzysmaki.estima.site\/en\/wp-json\/wp\/v2\/media?parent=8180"}],"wp:term":[{"taxonomy":"product_brand","embeddable":true,"href":"https:\/\/wiejskieprzysmaki.estima.site\/en\/wp-json\/wp\/v2\/product_brand?post=8180"},{"taxonomy":"product_cat","embeddable":true,"href":"https:\/\/wiejskieprzysmaki.estima.site\/en\/wp-json\/wp\/v2\/product_cat?post=8180"},{"taxonomy":"product_tag","embeddable":true,"href":"https:\/\/wiejskieprzysmaki.estima.site\/en\/wp-json\/wp\/v2\/product_tag?post=8180"}],"curies":[{"name":"wp","href":"https:\/\/api.w.org\/{rel}","templated":true}]}}