{"id":8188,"date":"2025-02-18T11:53:24","date_gmt":"2025-02-18T10:53:24","guid":{"rendered":"https:\/\/wiejskieprzysmaki.estima.site\/produkt\/fasolka-mung-bio-400-g-naturavena\/"},"modified":"2025-02-18T11:53:25","modified_gmt":"2025-02-18T10:53:25","slug":"fasolka-mung-bio-400-g-naturavena","status":"publish","type":"product","link":"https:\/\/wiejskieprzysmaki.estima.site\/en\/product\/fasolka-mung-bio-400-g-naturavena\/","title":{"rendered":"FASOLKA MUNG BIO 400 g &#8211; NATURAVENA"},"content":{"rendered":"<p>SK\u0141ADNIKI  <br \/>ekologiczna fasolka mung 100 %.\t\t\t<\/p>\n<p>OPIS  <br \/>Spos\u00f3b przygotowania: uprzednio namoczon\u0105 kilka godzin i przep\u0142ukan\u0105 fasol\u0119 nale\u017cy gotowa\u0107 w \u015bwie\u017cej, nieosolonej wodzie ok. 45 min. Fasol\u0119 solimy dopiero pod koniec gotowania.   \t\t\t<\/p>\n<p>Warto\u015b\u0107 od\u017cywcza \tw 100 g<br \/>Warto\u015b\u0107 energetyczna \t1367 kJ\/324 kcal<br \/>T\u0142uszcz \t1,2 g<br \/>w tym kwasy t\u0142uszczowe nasycone \t0,4 g<br \/>W\u0119glowodany \t46 g<br \/>w tym cukry \t6,6 g<br \/>B\u0142onnik\t16 g<br \/>Bia\u0142ko \t24 g<br \/>S\u00f3l \t0,04 g<\/p>\n<p>ZALECANE WARUNKI PRZECHOWYWANIA  <br \/>Przechowywa\u0107 w suchym i ch\u0142odnym miejscu.\t\t\t\t<\/p>","protected":false},"excerpt":{"rendered":"<p>SK\u0141ADNIKI ekologiczna fasolka mung 100 %. OPIS Spos\u00f3b przygotowania: uprzednio namoczon\u0105 kilka godzin i przep\u0142ukan\u0105 fasol\u0119 nale\u017cy gotowa\u0107 w \u015bwie\u017cej, nieosolonej wodzie ok. 45 min. Fasol\u0119 solimy dopiero pod koniec gotowania. Warto\u015b\u0107 od\u017cywcza w 100 gWarto\u015b\u0107 energetyczna 1367 kJ\/324 kcalT\u0142uszcz 1,2 gw tym kwasy t\u0142uszczowe nasycone 0,4 gW\u0119glowodany 46 gw tym cukry 6,6 gB\u0142onnik 16 [&hellip;]<\/p>","protected":false},"featured_media":8190,"comment_status":"closed","ping_status":"open","template":"","meta":{"_acf_changed":false},"product_brand":[],"product_cat":[316,315],"product_tag":[],"class_list":{"0":"post-8188","1":"product","2":"type-product","3":"status-publish","4":"has-post-thumbnail","6":"product_cat-suszone","7":"product_cat-warzywa-straczkowe","8":"pa_ean-matka-943","9":"pa_ean-matka-6362","10":"pa_gwarancja-przydatnosci-776","11":"pa_ilosc-w-opakowaniu-298","12":"pa_jednostka-podstawowa-szt","13":"pa_kod-cn-0713-31-00","14":"pa_kraj-pochodzenia-skladnikow-indie","15":"pa_masa-netto-268","16":"pa_objetosc-brutto-1106","17":"pa_producent-naturavena-bio","18":"pa_producent-nazwa-adres-bio-planet-s-a-wilkowa-wies-7-05-084-leszno","19":"pa_tagi-bez-cukru-w-skladnikach","20":"pa_tagi-bez-glutenu-w-skladnikach","21":"pa_tagi-certyfikat-bio","22":"pa_tagi-weganski","23":"pa_tagi-wegetarianski","25":"first","26":"instock","27":"taxable","28":"shipping-taxable","29":"purchasable","30":"product-type-simple"},"acf":[],"_links":{"self":[{"href":"https:\/\/wiejskieprzysmaki.estima.site\/en\/wp-json\/wp\/v2\/product\/8188","targetHints":{"allow":["GET"]}}],"collection":[{"href":"https:\/\/wiejskieprzysmaki.estima.site\/en\/wp-json\/wp\/v2\/product"}],"about":[{"href":"https:\/\/wiejskieprzysmaki.estima.site\/en\/wp-json\/wp\/v2\/types\/product"}],"replies":[{"embeddable":true,"href":"https:\/\/wiejskieprzysmaki.estima.site\/en\/wp-json\/wp\/v2\/comments?post=8188"}],"wp:featuredmedia":[{"embeddable":true,"href":"https:\/\/wiejskieprzysmaki.estima.site\/en\/wp-json\/wp\/v2\/media\/8190"}],"wp:attachment":[{"href":"https:\/\/wiejskieprzysmaki.estima.site\/en\/wp-json\/wp\/v2\/media?parent=8188"}],"wp:term":[{"taxonomy":"product_brand","embeddable":true,"href":"https:\/\/wiejskieprzysmaki.estima.site\/en\/wp-json\/wp\/v2\/product_brand?post=8188"},{"taxonomy":"product_cat","embeddable":true,"href":"https:\/\/wiejskieprzysmaki.estima.site\/en\/wp-json\/wp\/v2\/product_cat?post=8188"},{"taxonomy":"product_tag","embeddable":true,"href":"https:\/\/wiejskieprzysmaki.estima.site\/en\/wp-json\/wp\/v2\/product_tag?post=8188"}],"curies":[{"name":"wp","href":"https:\/\/api.w.org\/{rel}","templated":true}]}}