{"id":8191,"date":"2025-02-18T11:53:24","date_gmt":"2025-02-18T10:53:24","guid":{"rendered":"https:\/\/wiejskieprzysmaki.estima.site\/produkt\/fasolka-czerwona-kidney-bio-400-g-naturavena\/"},"modified":"2025-02-18T11:53:26","modified_gmt":"2025-02-18T10:53:26","slug":"fasolka-czerwona-kidney-bio-400-g-naturavena","status":"publish","type":"product","link":"https:\/\/wiejskieprzysmaki.estima.site\/en\/product\/fasolka-czerwona-kidney-bio-400-g-naturavena\/","title":{"rendered":"FASOLKA CZERWONA KIDNEY BIO 400 g &#8211; NATURAVENA"},"content":{"rendered":"<p>SK\u0141ADNIKI  <br \/>ekologiczna fasolka czerwona kidney 100 % \t\t\t\t\t<\/p>\n<p>OPIS  <br \/>Ekologiczna czerwona fasola Kidney jest ro\u015blin\u0105 str\u0105czkow\u0105. Nazwa fasolki pochodzi od nerkowatego kszta\u0142tu nasion. Polecamy do zup i potraw jednogarnkowych np. chili con carne oraz jako sk\u0142adnik sa\u0142atek zar\u00f3wno na ciep\u0142o jak i na zimno, a po zmiksowaniu do past i pasztet\u00f3w<\/p>\n<p>SPOS\u00d3B PRZYGOTOWANIA<br \/>Uprzednio namoczon\u0105 co najmniej 12 godzin i przep\u0142ukan\u0105 fasol\u0119 nale\u017cy gotowa\u0107 do mi\u0119kko\u015bci w \u015bwie\u017cej, nieosolonej wodzie ok. 60 min. Posoli\u0107 pod koniec gotowania. \t<\/p>\n<p>WARTO\u015a\u0106 OD\u017bYWCZA W 100 g <br \/>Warto\u015b\u0107 energetyczna \t1334 kJ\/317 kcal<br \/>T\u0142uszcz \t1,5 g<br \/>w tym kwasy t\u0142uszczowe nasycone \t0,2 g<br \/>W\u0119glowodany \t40 g<br \/>w tym cukry \t1,2 g<br \/>B\u0142onnik \t23 g<br \/>Bia\u0142ko \t24 g<br \/>S\u00f3l \t0,03 g<\/p>\n<p>ZALECANE WARUNKI PRZECHOWYWANIA  <br \/>Przechowywa\u0107 w suchym i ch\u0142odnym miejscu.\t\t\t\t<\/p>\n<p><\/p>","protected":false},"excerpt":{"rendered":"<p>SK\u0141ADNIKI ekologiczna fasolka czerwona kidney 100 % OPIS Ekologiczna czerwona fasola Kidney jest ro\u015blin\u0105 str\u0105czkow\u0105. Nazwa fasolki pochodzi od nerkowatego kszta\u0142tu nasion. Polecamy do zup i potraw jednogarnkowych np. chili con carne oraz jako sk\u0142adnik sa\u0142atek zar\u00f3wno na ciep\u0142o jak i na zimno, a po zmiksowaniu do past i pasztet\u00f3w SPOS\u00d3B PRZYGOTOWANIAUprzednio namoczon\u0105 co najmniej [&hellip;]<\/p>","protected":false},"featured_media":8193,"comment_status":"closed","ping_status":"open","template":"","meta":{"_acf_changed":false},"product_brand":[],"product_cat":[316,315],"product_tag":[],"class_list":{"0":"post-8191","1":"product","2":"type-product","3":"status-publish","4":"has-post-thumbnail","6":"product_cat-suszone","7":"product_cat-warzywa-straczkowe","8":"pa_ean-matka-6363","9":"pa_ean-matka-957","10":"pa_gwarancja-przydatnosci-320","11":"pa_ilosc-w-opakowaniu-298","12":"pa_jednostka-podstawowa-szt","13":"pa_kod-cn-0713-33-90","14":"pa_kraj-pochodzenia-skladnikow-chiny","15":"pa_masa-netto-268","16":"pa_objetosc-brutto-1106","17":"pa_producent-naturavena-bio","18":"pa_producent-nazwa-adres-bio-planet-s-a-wilkowa-wies-7-05-084-leszno","19":"pa_tagi-bez-cukru-w-skladnikach","20":"pa_tagi-bez-glutenu-w-skladnikach","21":"pa_tagi-certyfikat-bio","22":"pa_tagi-weganski","23":"pa_tagi-wegetarianski","25":"first","26":"instock","27":"taxable","28":"shipping-taxable","29":"purchasable","30":"product-type-simple"},"acf":[],"_links":{"self":[{"href":"https:\/\/wiejskieprzysmaki.estima.site\/en\/wp-json\/wp\/v2\/product\/8191","targetHints":{"allow":["GET"]}}],"collection":[{"href":"https:\/\/wiejskieprzysmaki.estima.site\/en\/wp-json\/wp\/v2\/product"}],"about":[{"href":"https:\/\/wiejskieprzysmaki.estima.site\/en\/wp-json\/wp\/v2\/types\/product"}],"replies":[{"embeddable":true,"href":"https:\/\/wiejskieprzysmaki.estima.site\/en\/wp-json\/wp\/v2\/comments?post=8191"}],"wp:featuredmedia":[{"embeddable":true,"href":"https:\/\/wiejskieprzysmaki.estima.site\/en\/wp-json\/wp\/v2\/media\/8193"}],"wp:attachment":[{"href":"https:\/\/wiejskieprzysmaki.estima.site\/en\/wp-json\/wp\/v2\/media?parent=8191"}],"wp:term":[{"taxonomy":"product_brand","embeddable":true,"href":"https:\/\/wiejskieprzysmaki.estima.site\/en\/wp-json\/wp\/v2\/product_brand?post=8191"},{"taxonomy":"product_cat","embeddable":true,"href":"https:\/\/wiejskieprzysmaki.estima.site\/en\/wp-json\/wp\/v2\/product_cat?post=8191"},{"taxonomy":"product_tag","embeddable":true,"href":"https:\/\/wiejskieprzysmaki.estima.site\/en\/wp-json\/wp\/v2\/product_tag?post=8191"}],"curies":[{"name":"wp","href":"https:\/\/api.w.org\/{rel}","templated":true}]}}