{"id":820,"date":"2025-02-18T10:32:09","date_gmt":"2025-02-18T09:32:09","guid":{"rendered":"https:\/\/wiejskieprzysmaki.estima.site\/produkt\/czystek-herbatka-ziolowa-bio-250-g-bio-planet\/"},"modified":"2025-02-18T10:32:16","modified_gmt":"2025-02-18T09:32:16","slug":"czystek-herbatka-ziolowa-bio-250-g-bio-planet","status":"publish","type":"product","link":"https:\/\/wiejskieprzysmaki.estima.site\/en\/product\/czystek-herbatka-ziolowa-bio-250-g-bio-planet\/","title":{"rendered":"CZYSTEK (HERBATKA ZIO\u0141OWA) BIO 250 g &#8211; BIO PLANET"},"content":{"rendered":"<p>SUPLEMENT DIETY  <\/p>\n<p>SK\u0141ADNIKI<br \/>ekologiczny czystek (Cistus Incanus) 100%<\/p>\n<p>OPIS<br \/>Ekologiczny czystek nale\u017cy do najstarszych ro\u015blin zielarskich. Napar z czystka mo\u017ce stanowi\u0107 urozmaicenie codziennej diety.<\/p>\n<p>ZALECANE SPO\u017bYCIE<br \/>1,5 g czystka, tj. jedn\u0105 miark\u0119 do\u0142\u0105czon\u0105 do produktu, zala\u0107 200 ml przegotowanej wody o temp. 90 \u00b0C. Parzy\u0107 pod przykryciem ok. 10 min. <br \/>Pi\u0107 2 razy dziennie.<\/p>\n<p>UWAGI<br \/>Zawarto\u015b\u0107 czystka w przeliczeniu na zalecan\u0105 do spo\u017cycia dzienn\u0105 porcj\u0119 produktu wynosi 3 g, co odpowiada 0,25 g polifenoli.<br \/>Nie nale\u017cy przekracza\u0107 zalecanej porcji do spo\u017cycia w ci\u0105gu dnia. <br \/>Suplement diety nie mo\u017ce by\u0107 stosowany jako substytut zr\u00f3\u017cnicowanej diety.<\/p>\n<p>ZALECANE WARUNKI PRZECHOWYWANIA<br \/>Przechowywa\u0107 w suchym i ch\u0142odnym miejscu, w miejscu niedost\u0119pnym dla ma\u0142ych dzieci.<\/p>","protected":false},"excerpt":{"rendered":"<p>SUPLEMENT DIETY SK\u0141ADNIKIekologiczny czystek (Cistus Incanus) 100% OPISEkologiczny czystek nale\u017cy do najstarszych ro\u015blin zielarskich. Napar z czystka mo\u017ce stanowi\u0107 urozmaicenie codziennej diety. ZALECANE SPO\u017bYCIE1,5 g czystka, tj. jedn\u0105 miark\u0119 do\u0142\u0105czon\u0105 do produktu, zala\u0107 200 ml przegotowanej wody o temp. 90 \u00b0C. Parzy\u0107 pod przykryciem ok. 10 min. Pi\u0107 2 razy dziennie. UWAGIZawarto\u015b\u0107 czystka w przeliczeniu [&hellip;]<\/p>","protected":false},"featured_media":821,"comment_status":"closed","ping_status":"open","template":"","meta":{"_acf_changed":false},"product_brand":[],"product_cat":[282,283],"product_tag":[],"class_list":{"0":"post-820","1":"product","2":"type-product","3":"status-publish","4":"has-post-thumbnail","6":"product_cat-herbaty-i-ziola","7":"product_cat-ziolowe-owocowe-jednorodne","8":"pa_ean-matka-814","9":"pa_gwarancja-przydatnosci-324","10":"pa_ilosc-w-opakowaniu-366","11":"pa_jednostka-podstawowa-szt","12":"pa_kod-cn-1212-99-95","13":"pa_kraj-pochodzenia-skladnikow-turcja","14":"pa_masa-netto-480","15":"pa_objetosc-brutto-812","16":"pa_producent-bio-planet-seria-inne","17":"pa_producent-nazwa-adres-bio-planet-s-a-wilkowa-wies-7-05-084-leszno","18":"pa_tagi-bez-cukru-w-skladnikach","19":"pa_tagi-bez-glutenu-w-skladnikach","20":"pa_tagi-certyfikat-bio","21":"pa_tagi-weganski","22":"pa_tagi-wegetarianski","24":"first","25":"instock","26":"taxable","27":"shipping-taxable","28":"purchasable","29":"product-type-simple"},"acf":[],"_links":{"self":[{"href":"https:\/\/wiejskieprzysmaki.estima.site\/en\/wp-json\/wp\/v2\/product\/820","targetHints":{"allow":["GET"]}}],"collection":[{"href":"https:\/\/wiejskieprzysmaki.estima.site\/en\/wp-json\/wp\/v2\/product"}],"about":[{"href":"https:\/\/wiejskieprzysmaki.estima.site\/en\/wp-json\/wp\/v2\/types\/product"}],"replies":[{"embeddable":true,"href":"https:\/\/wiejskieprzysmaki.estima.site\/en\/wp-json\/wp\/v2\/comments?post=820"}],"wp:featuredmedia":[{"embeddable":true,"href":"https:\/\/wiejskieprzysmaki.estima.site\/en\/wp-json\/wp\/v2\/media\/821"}],"wp:attachment":[{"href":"https:\/\/wiejskieprzysmaki.estima.site\/en\/wp-json\/wp\/v2\/media?parent=820"}],"wp:term":[{"taxonomy":"product_brand","embeddable":true,"href":"https:\/\/wiejskieprzysmaki.estima.site\/en\/wp-json\/wp\/v2\/product_brand?post=820"},{"taxonomy":"product_cat","embeddable":true,"href":"https:\/\/wiejskieprzysmaki.estima.site\/en\/wp-json\/wp\/v2\/product_cat?post=820"},{"taxonomy":"product_tag","embeddable":true,"href":"https:\/\/wiejskieprzysmaki.estima.site\/en\/wp-json\/wp\/v2\/product_tag?post=820"}],"curies":[{"name":"wp","href":"https:\/\/api.w.org\/{rel}","templated":true}]}}