{"id":8221,"date":"2025-02-18T11:53:36","date_gmt":"2025-02-18T10:53:36","guid":{"rendered":"https:\/\/wiejskieprzysmaki.estima.site\/produkt\/fruktoza-250-g-naturavena\/"},"modified":"2025-02-18T11:53:39","modified_gmt":"2025-02-18T10:53:39","slug":"fruktoza-250-g-naturavena","status":"publish","type":"product","link":"https:\/\/wiejskieprzysmaki.estima.site\/en\/product\/fruktoza-250-g-naturavena\/","title":{"rendered":"FRUKTOZA 250 g &#8211; NATURAVENA"},"content":{"rendered":"<p>SK\u0141ADNIKI <br \/>fruktoza 100 %.<\/p>\n<p>OPIS <br \/> Fruktoza to cukier prosty, kt\u00f3ry w naturze mo\u017cna znale\u017a\u0107 w owocach, sokach owocowych i miodzie. Jego potoczna nazwa to cukier owocowy. Fruktoz\u0119 mo\u017cna u\u017cywa\u0107 do s\u0142odzenia napoj\u00f3w, pieczenia, gotowania, przetwor\u00f3w.<\/p>\n<p>Warto\u015b\u0107 od\u017cywcza \tw 100 g<br \/>Warto\u015b\u0107 energetyczna \t1663 kJ\/398 kcal<br \/>T\u0142uszcz \t0 g<br \/>w tym kwasy t\u0142uszczowe nasycone \t0 g<br \/>W\u0119glowodany \t100 g<br \/>w tym cukry \t100 g<br \/>Bia\u0142ko \t0 g<br \/>S\u00f3l \t0 g<\/p>\n<p>ZALECANE WARUNKI PRZECHOWYWANIA <br \/>Przechowywa\u0107 w suchym i ch\u0142odnym miejscu. <\/p>","protected":false},"excerpt":{"rendered":"<p>SK\u0141ADNIKI fruktoza 100 %. OPIS Fruktoza to cukier prosty, kt\u00f3ry w naturze mo\u017cna znale\u017a\u0107 w owocach, sokach owocowych i miodzie. Jego potoczna nazwa to cukier owocowy. Fruktoz\u0119 mo\u017cna u\u017cywa\u0107 do s\u0142odzenia napoj\u00f3w, pieczenia, gotowania, przetwor\u00f3w. Warto\u015b\u0107 od\u017cywcza w 100 gWarto\u015b\u0107 energetyczna 1663 kJ\/398 kcalT\u0142uszcz 0 gw tym kwasy t\u0142uszczowe nasycone 0 gW\u0119glowodany 100 gw tym [&hellip;]<\/p>","protected":false},"featured_media":8222,"comment_status":"closed","ping_status":"open","template":"","meta":{"_acf_changed":false},"product_brand":[],"product_cat":[329,304],"product_tag":[],"class_list":{"0":"post-8221","1":"product","2":"type-product","3":"status-publish","4":"has-post-thumbnail","6":"product_cat-cukry-slodziki-owoce-sproszkowane","7":"product_cat-slodziki","8":"pa_ean-matka-6377","9":"pa_gwarancja-przydatnosci-301","10":"pa_ilosc-w-opakowaniu-331","11":"pa_jednostka-podstawowa-szt","12":"pa_kod-cn-1702-50-00","13":"pa_kraj-pochodzenia-skladnikow-turcja","14":"pa_masa-netto-480","15":"pa_objetosc-brutto-338","16":"pa_producent-naturavena","17":"pa_producent-nazwa-adres-bio-planet-s-a-wilkowa-wies-7-05-084-leszno","18":"pa_tagi-bez-glutenu-w-skladnikach","19":"pa_tagi-weganski","20":"pa_tagi-wegetarianski","22":"first","23":"instock","24":"taxable","25":"shipping-taxable","26":"purchasable","27":"product-type-simple"},"acf":[],"_links":{"self":[{"href":"https:\/\/wiejskieprzysmaki.estima.site\/en\/wp-json\/wp\/v2\/product\/8221","targetHints":{"allow":["GET"]}}],"collection":[{"href":"https:\/\/wiejskieprzysmaki.estima.site\/en\/wp-json\/wp\/v2\/product"}],"about":[{"href":"https:\/\/wiejskieprzysmaki.estima.site\/en\/wp-json\/wp\/v2\/types\/product"}],"replies":[{"embeddable":true,"href":"https:\/\/wiejskieprzysmaki.estima.site\/en\/wp-json\/wp\/v2\/comments?post=8221"}],"wp:featuredmedia":[{"embeddable":true,"href":"https:\/\/wiejskieprzysmaki.estima.site\/en\/wp-json\/wp\/v2\/media\/8222"}],"wp:attachment":[{"href":"https:\/\/wiejskieprzysmaki.estima.site\/en\/wp-json\/wp\/v2\/media?parent=8221"}],"wp:term":[{"taxonomy":"product_brand","embeddable":true,"href":"https:\/\/wiejskieprzysmaki.estima.site\/en\/wp-json\/wp\/v2\/product_brand?post=8221"},{"taxonomy":"product_cat","embeddable":true,"href":"https:\/\/wiejskieprzysmaki.estima.site\/en\/wp-json\/wp\/v2\/product_cat?post=8221"},{"taxonomy":"product_tag","embeddable":true,"href":"https:\/\/wiejskieprzysmaki.estima.site\/en\/wp-json\/wp\/v2\/product_tag?post=8221"}],"curies":[{"name":"wp","href":"https:\/\/api.w.org\/{rel}","templated":true}]}}