{"id":8227,"date":"2025-02-18T11:53:36","date_gmt":"2025-02-18T10:53:36","guid":{"rendered":"https:\/\/wiejskieprzysmaki.estima.site\/produkt\/cukier-trzcinowy-demerara-bio-500-g-naturavena\/"},"modified":"2025-02-18T11:53:44","modified_gmt":"2025-02-18T10:53:44","slug":"cukier-trzcinowy-demerara-bio-500-g-naturavena","status":"publish","type":"product","link":"https:\/\/wiejskieprzysmaki.estima.site\/en\/product\/cukier-trzcinowy-demerara-bio-500-g-naturavena\/","title":{"rendered":"CUKIER TRZCINOWY DEMERARA BIO 500 g &#8211; NATURAVENA"},"content":{"rendered":"<p>SK\u0141ADNIKI  <br \/>ekologiczny cukier trzcinowy nierafinowany Demerara 100 %.<\/p>\n<p>OPIS  <br \/>Doskona\u0142y do wypiek\u00f3w, deser\u00f3w oraz s\u0142odzenia ciep\u0142ych napoj\u00f3w. Dopuszczalne lekkie zbrylenia, daj\u0105ce si\u0119 rozkruszy\u0107 po lekkim naci\u015bni\u0119ciu.\t\t\t<\/p>\n<p>Warto\u015b\u0107 od\u017cywcza \tw 100 g<br \/>Warto\u015b\u0107 energetyczna \t1700 kJ\/400 kcal<br \/>T\u0142uszcz \t0 g<br \/>w tym kwasy t\u0142uszczowe nasycone \t0 g<br \/>W\u0119glowodany \t100 g<br \/>w tym cukry \t97 g<br \/>Bia\u0142ko \t0 g<br \/>S\u00f3l \t0 g<\/p>\n<p>ZALECANE WARUNKI PRZECHOWYWANIA  <br \/>Przechowywa\u0107 w suchym miejscu i ch\u0142odnym miejscu.\t\t\t\t<\/p>\n<p><\/p>","protected":false},"excerpt":{"rendered":"<p>SK\u0141ADNIKI ekologiczny cukier trzcinowy nierafinowany Demerara 100 %. OPIS Doskona\u0142y do wypiek\u00f3w, deser\u00f3w oraz s\u0142odzenia ciep\u0142ych napoj\u00f3w. Dopuszczalne lekkie zbrylenia, daj\u0105ce si\u0119 rozkruszy\u0107 po lekkim naci\u015bni\u0119ciu. Warto\u015b\u0107 od\u017cywcza w 100 gWarto\u015b\u0107 energetyczna 1700 kJ\/400 kcalT\u0142uszcz 0 gw tym kwasy t\u0142uszczowe nasycone 0 gW\u0119glowodany 100 gw tym cukry 97 gBia\u0142ko 0 gS\u00f3l 0 g ZALECANE WARUNKI [&hellip;]<\/p>","protected":false},"featured_media":8228,"comment_status":"closed","ping_status":"open","template":"","meta":{"_acf_changed":false},"product_brand":[],"product_cat":[329,304],"product_tag":[],"class_list":{"0":"post-8227","1":"product","2":"type-product","3":"status-publish","4":"has-post-thumbnail","6":"product_cat-cukry-slodziki-owoce-sproszkowane","7":"product_cat-slodziki","8":"pa_ean-matka-6380","9":"pa_ean-matka-1584","10":"pa_gwarancja-przydatnosci-522","11":"pa_ilosc-w-opakowaniu-298","12":"pa_jednostka-podstawowa-szt","13":"pa_kod-cn-1701-14-90","14":"pa_kraj-pochodzenia-skladnikow-rolnictwo-spoza-ue","15":"pa_masa-netto-347","16":"pa_objetosc-brutto-4760","17":"pa_producent-naturavena-bio","18":"pa_producent-nazwa-adres-bio-planet-s-a-wilkowa-wies-7-05-084-leszno","19":"pa_tagi-bez-glutenu-w-skladnikach","20":"pa_tagi-certyfikat-bio","21":"pa_tagi-weganski","22":"pa_tagi-wegetarianski","24":"first","25":"instock","26":"taxable","27":"shipping-taxable","28":"purchasable","29":"product-type-simple"},"acf":[],"_links":{"self":[{"href":"https:\/\/wiejskieprzysmaki.estima.site\/en\/wp-json\/wp\/v2\/product\/8227","targetHints":{"allow":["GET"]}}],"collection":[{"href":"https:\/\/wiejskieprzysmaki.estima.site\/en\/wp-json\/wp\/v2\/product"}],"about":[{"href":"https:\/\/wiejskieprzysmaki.estima.site\/en\/wp-json\/wp\/v2\/types\/product"}],"replies":[{"embeddable":true,"href":"https:\/\/wiejskieprzysmaki.estima.site\/en\/wp-json\/wp\/v2\/comments?post=8227"}],"wp:featuredmedia":[{"embeddable":true,"href":"https:\/\/wiejskieprzysmaki.estima.site\/en\/wp-json\/wp\/v2\/media\/8228"}],"wp:attachment":[{"href":"https:\/\/wiejskieprzysmaki.estima.site\/en\/wp-json\/wp\/v2\/media?parent=8227"}],"wp:term":[{"taxonomy":"product_brand","embeddable":true,"href":"https:\/\/wiejskieprzysmaki.estima.site\/en\/wp-json\/wp\/v2\/product_brand?post=8227"},{"taxonomy":"product_cat","embeddable":true,"href":"https:\/\/wiejskieprzysmaki.estima.site\/en\/wp-json\/wp\/v2\/product_cat?post=8227"},{"taxonomy":"product_tag","embeddable":true,"href":"https:\/\/wiejskieprzysmaki.estima.site\/en\/wp-json\/wp\/v2\/product_tag?post=8227"}],"curies":[{"name":"wp","href":"https:\/\/api.w.org\/{rel}","templated":true}]}}