{"id":8229,"date":"2025-02-18T11:53:36","date_gmt":"2025-02-18T10:53:36","guid":{"rendered":"https:\/\/wiejskieprzysmaki.estima.site\/produkt\/ciastka-owsiane-z-czekolada-i-wanilia-bezglutenowe-150-g-lakoc-warszawski\/"},"modified":"2025-02-18T11:53:46","modified_gmt":"2025-02-18T10:53:46","slug":"ciastka-owsiane-z-czekolada-i-wanilia-bezglutenowe-150-g-lakoc-warszawski","status":"publish","type":"product","link":"https:\/\/wiejskieprzysmaki.estima.site\/en\/product\/ciastka-owsiane-z-czekolada-i-wanilia-bezglutenowe-150-g-lakoc-warszawski\/","title":{"rendered":"CIASTKA OWSIANE Z CZEKOLAD\u0104 I WANILI\u0104 BEZGLUTENOWE 150 g &#8211; \u0141AKO\u0106 WARSZAWSKI"},"content":{"rendered":"<p>SK\u0141ADNIKI<br \/>p\u0142atki OWSIANE bezglutenowe, m\u0105ka OWSIANA bezglutenowa, m\u0105ka ry\u017cowa, rodzynki, olej kokosowy, siemi\u0119 lniane, ksylitol (substancja s\u0142odz\u0105ca), erytrytol (substancja s\u0142odz\u0105ca), czekolada gorzka bez dodatku cukru (miazga kakaowa, substancje s\u0142odz\u0105ce [erytrytol 29,5 %, glikozydy stewiolowe 0,027 %], miazga kakaowa, inulina, odt\u0142uszczone kakao w proszku, emulgator:lecytyny  (z SOI), aromat waniliowy, masa kakao min. 60%), wanilia, s\u00f3l k\u0142odawska<\/p>\n<p>OPIS<br \/>Pocz\u0119stuj si\u0119 bezglutenowym ciasteczkiem z hiszpa\u0144sk\u0105 bezcukrow\u0105 czekolad\u0105 marki Torras i najprawdziwsz\u0105 wanili\u0105.<br \/>Smak ucieszy ka\u017cdego, a sk\u0142ad zadowoli nawet wymagaj\u0105cego dietetyka.<br \/>Zawiera substancj\u0119 s\u0142odz\u0105c\u0105.<\/p>\n<p>WARTO\u015a\u0106 OD\u017bYWCZA W 100 g<br \/>Warto\u015b\u0107 energetyczna: 1828 kJ\/437 kcal<br \/>T\u0142uszcz: 24,6 g<br \/>w tym kwasy t\u0142uszczowe nasycone: 15,1 g<br \/>W\u0119glowodany: 46,8 g<br \/>w tym cukry: 10,7 g<br \/>B\u0142onnik: 9,4 g<br \/>Bia\u0142ko: 10,1 g<br \/>S\u00f3l: 0,13 g<\/p>\n<p>UWAGA<br \/>Spo\u017cycie w nadmiernych ilo\u015bciach mo\u017ce mie\u0107 efekt przeczyszczaj\u0105cy.<\/p>\n<p>ZALECANE WARUNKI PRZECHOWYWANIA<br \/>Przechowywa\u0107 w suchym i ch\u0142odnym miejscu.<\/p>","protected":false},"excerpt":{"rendered":"<p>SK\u0141ADNIKIp\u0142atki OWSIANE bezglutenowe, m\u0105ka OWSIANA bezglutenowa, m\u0105ka ry\u017cowa, rodzynki, olej kokosowy, siemi\u0119 lniane, ksylitol (substancja s\u0142odz\u0105ca), erytrytol (substancja s\u0142odz\u0105ca), czekolada gorzka bez dodatku cukru (miazga kakaowa, substancje s\u0142odz\u0105ce [erytrytol 29,5 %, glikozydy stewiolowe 0,027 %], miazga kakaowa, inulina, odt\u0142uszczone kakao w proszku, emulgator:lecytyny (z SOI), aromat waniliowy, masa kakao min. 60%), wanilia, s\u00f3l k\u0142odawska OPISPocz\u0119stuj [&hellip;]<\/p>","protected":false},"featured_media":8230,"comment_status":"closed","ping_status":"open","template":"","meta":{"_acf_changed":false},"product_brand":[],"product_cat":[1434,139],"product_tag":[],"class_list":{"0":"post-8229","1":"product","2":"type-product","3":"status-publish","4":"has-post-thumbnail","6":"product_cat-ciastka","7":"product_cat-slodycze-i-przekaski","8":"pa_ean-matka-6383","9":"pa_gwarancja-przydatnosci-320","10":"pa_ilosc-w-opakowaniu-374","11":"pa_jednostka-podstawowa-szt","12":"pa_kod-cn-1905-20-10","13":"pa_kraj-pochodzenia-skladnikow-turcja","14":"pa_masa-netto-197","15":"pa_objetosc-brutto-1564","16":"pa_producent-baton-warszawski-batony-ciastka-kremy","17":"pa_producent-nazwa-adres-alicja-malicka-baton-warszawski-ul-pokretna-43-05-500-nowa-iwiczna","18":"pa_tagi-bez-cukru-w-skladnikach","19":"pa_tagi-bez-glutenu-deklaracja","20":"pa_tagi-bez-glutenu-w-skladnikach","21":"pa_tagi-weganski","22":"pa_tagi-wegetarianski","24":"first","25":"instock","26":"taxable","27":"shipping-taxable","28":"purchasable","29":"product-type-simple"},"acf":[],"_links":{"self":[{"href":"https:\/\/wiejskieprzysmaki.estima.site\/en\/wp-json\/wp\/v2\/product\/8229","targetHints":{"allow":["GET"]}}],"collection":[{"href":"https:\/\/wiejskieprzysmaki.estima.site\/en\/wp-json\/wp\/v2\/product"}],"about":[{"href":"https:\/\/wiejskieprzysmaki.estima.site\/en\/wp-json\/wp\/v2\/types\/product"}],"replies":[{"embeddable":true,"href":"https:\/\/wiejskieprzysmaki.estima.site\/en\/wp-json\/wp\/v2\/comments?post=8229"}],"wp:featuredmedia":[{"embeddable":true,"href":"https:\/\/wiejskieprzysmaki.estima.site\/en\/wp-json\/wp\/v2\/media\/8230"}],"wp:attachment":[{"href":"https:\/\/wiejskieprzysmaki.estima.site\/en\/wp-json\/wp\/v2\/media?parent=8229"}],"wp:term":[{"taxonomy":"product_brand","embeddable":true,"href":"https:\/\/wiejskieprzysmaki.estima.site\/en\/wp-json\/wp\/v2\/product_brand?post=8229"},{"taxonomy":"product_cat","embeddable":true,"href":"https:\/\/wiejskieprzysmaki.estima.site\/en\/wp-json\/wp\/v2\/product_cat?post=8229"},{"taxonomy":"product_tag","embeddable":true,"href":"https:\/\/wiejskieprzysmaki.estima.site\/en\/wp-json\/wp\/v2\/product_tag?post=8229"}],"curies":[{"name":"wp","href":"https:\/\/api.w.org\/{rel}","templated":true}]}}