{"id":824,"date":"2025-02-18T10:32:09","date_gmt":"2025-02-18T09:32:09","guid":{"rendered":"https:\/\/wiejskieprzysmaki.estima.site\/produkt\/ketchup-bezglutenowy-bio-500-ml-zwergenwiese\/"},"modified":"2025-02-18T10:32:18","modified_gmt":"2025-02-18T09:32:18","slug":"ketchup-bezglutenowy-bio-500-ml-zwergenwiese","status":"publish","type":"product","link":"https:\/\/wiejskieprzysmaki.estima.site\/en\/product\/ketchup-bezglutenowy-bio-500-ml-zwergenwiese\/","title":{"rendered":"KETCHUP BEZGLUTENOWY BIO 500 ml &#8211; ZWERGENWIESE"},"content":{"rendered":"<p>SK\u0141ADNIKI<br \/>koncentrat pomidorowy* (79%), cukier buraczany*, ocet brandy*, s\u00f3l kamienna, papryka*, cebula*, skrobia ziemniaczana*, czosnek*, pieprz*, cynamon*, go\u017adziki*, pieprz cayenne*. (*certyfikowany sk\u0142adnik ekologiczny)<\/p>\n<p>OPIS<br \/>294 g pomidor\u00f3w zu\u017cyto na 100 g produktu. <br \/>Produkt bezglutenowy, wega\u0144ski. Ekologiczny, naturalny ketchup o \u0142agodnym smaku. <br \/>Doskona\u0142y jako dodatek m.in. do frytek, makaron\u00f3w i potraw z grilla.<\/p>\n<p>WARTO\u015a\u0106 OD\u017bYWCZA W 100 g<br \/>Warto\u015b\u0107 energetyczna: 431 kJ\/102 kcal<br \/>T\u0142uszcz: &lt;0,5 g<br \/>w tym kwasy t\u0142uszczowe nasycone: 0 g<br \/>W\u0119glowodany: 22 g<br \/>w tym cukry: 21 g<br \/>B\u0142onnik: 2,1 g<br \/>Bia\u0142ko: 2,0 g<br \/>S\u00f3l: 1,4 g<\/p>\n<p>ZALECANE WARUNKI PRZECHOWYWANIA <br \/>Po otwarciu przechowywa\u0107 w temperaturze 6 &#8211; 8\u00b0 C.<\/p>","protected":false},"excerpt":{"rendered":"<p>SK\u0141ADNIKIkoncentrat pomidorowy* (79%), cukier buraczany*, ocet brandy*, s\u00f3l kamienna, papryka*, cebula*, skrobia ziemniaczana*, czosnek*, pieprz*, cynamon*, go\u017adziki*, pieprz cayenne*. (*certyfikowany sk\u0142adnik ekologiczny) OPIS294 g pomidor\u00f3w zu\u017cyto na 100 g produktu. Produkt bezglutenowy, wega\u0144ski. Ekologiczny, naturalny ketchup o \u0142agodnym smaku. Doskona\u0142y jako dodatek m.in. do frytek, makaron\u00f3w i potraw z grilla. WARTO\u015a\u0106 OD\u017bYWCZA W 100 gWarto\u015b\u0107 [&hellip;]<\/p>","protected":false},"featured_media":825,"comment_status":"closed","ping_status":"open","template":"","meta":{"_acf_changed":false},"product_brand":[],"product_cat":[95,94],"product_tag":[],"class_list":{"0":"post-824","1":"product","2":"type-product","3":"status-publish","4":"has-post-thumbnail","6":"product_cat-ketchupy-koncentraty-sosy-pomidorowe","7":"product_cat-sosy","8":"pa_ean-matka-822","9":"pa_gwarancja-przydatnosci-320","10":"pa_ilosc-w-opakowaniu-298","11":"pa_jednostka-podstawowa-szt","12":"pa_kod-cn-2103-20-00","13":"pa_objetosc-brutto-820","14":"pa_objetosc-netto-376","15":"pa_producent-zwergenwiese-pasty-musy-sosy","16":"pa_producent-nazwa-adres-zwergenwiese-naturkost-gmbh-langacker-1-d-24887-silberstedt","17":"pa_tagi-bez-glutenu-deklaracja","18":"pa_tagi-bez-glutenu-w-skladnikach","19":"pa_tagi-certyfikat-bio","20":"pa_tagi-weganski","21":"pa_tagi-wegetarianski","23":"first","24":"instock","25":"taxable","26":"shipping-taxable","27":"purchasable","28":"product-type-simple"},"acf":[],"_links":{"self":[{"href":"https:\/\/wiejskieprzysmaki.estima.site\/en\/wp-json\/wp\/v2\/product\/824","targetHints":{"allow":["GET"]}}],"collection":[{"href":"https:\/\/wiejskieprzysmaki.estima.site\/en\/wp-json\/wp\/v2\/product"}],"about":[{"href":"https:\/\/wiejskieprzysmaki.estima.site\/en\/wp-json\/wp\/v2\/types\/product"}],"replies":[{"embeddable":true,"href":"https:\/\/wiejskieprzysmaki.estima.site\/en\/wp-json\/wp\/v2\/comments?post=824"}],"wp:featuredmedia":[{"embeddable":true,"href":"https:\/\/wiejskieprzysmaki.estima.site\/en\/wp-json\/wp\/v2\/media\/825"}],"wp:attachment":[{"href":"https:\/\/wiejskieprzysmaki.estima.site\/en\/wp-json\/wp\/v2\/media?parent=824"}],"wp:term":[{"taxonomy":"product_brand","embeddable":true,"href":"https:\/\/wiejskieprzysmaki.estima.site\/en\/wp-json\/wp\/v2\/product_brand?post=824"},{"taxonomy":"product_cat","embeddable":true,"href":"https:\/\/wiejskieprzysmaki.estima.site\/en\/wp-json\/wp\/v2\/product_cat?post=824"},{"taxonomy":"product_tag","embeddable":true,"href":"https:\/\/wiejskieprzysmaki.estima.site\/en\/wp-json\/wp\/v2\/product_tag?post=824"}],"curies":[{"name":"wp","href":"https:\/\/api.w.org\/{rel}","templated":true}]}}