{"id":8271,"date":"2025-02-18T11:54:01","date_gmt":"2025-02-18T10:54:01","guid":{"rendered":"https:\/\/wiejskieprzysmaki.estima.site\/produkt\/babcianki-pikantne-bez-dodatku-cukrow-110-g-naturavena\/"},"modified":"2025-02-18T11:54:08","modified_gmt":"2025-02-18T10:54:08","slug":"babcianki-pikantne-bez-dodatku-cukrow-110-g-naturavena","status":"publish","type":"product","link":"https:\/\/wiejskieprzysmaki.estima.site\/en\/product\/babcianki-pikantne-bez-dodatku-cukrow-110-g-naturavena\/","title":{"rendered":"BABCIANKI PIKANTNE BEZ DODATKU CUKR\u00d3W 110 g &#8211; NATURAVENA"},"content":{"rendered":"<p>SK\u0141ADNIKI  <br \/>m\u0105ka PSZENNA, olej rzepakowy, MLEKO w proszku, SER (MLEKO, s\u00f3l, stabilizator: chlorek wapnia, kultury bakterii), barwnik: beta-karoten, JAJA w proszku, s\u00f3l, czosnek, pieprz, papryka ostra 0,7 %, kminek, lecytyna SOJOWA, substancja spulchniaj\u0105ca: w\u0119glany sodu.      \t\t\t\t\t<\/p>\n<p>OPIS  <br \/>Babcianki to cieniutkie wafelki z pieca wypiekane na suchej p\u0142ycie. Okr\u0105g\u0142e, chrupi\u0105ce wafelki stanowi\u0105 idealn\u0105 przek\u0105sk\u0119. Bez dodatku cukru. Zawiera naturalnie wyst\u0119puj\u0105ce cukry.\t\t\t\t\t\t<\/p>\n<p>WARTO\u015a\u0106 OD\u017bYWCZA W 100 g <br \/>Warto\u015b\u0107 energetyczna 1750 kJ\/416 kcal\t\t<br \/>T\u0142uszcz\t12 g\t\t<br \/>w tym kwasy t\u0142uszczowe nasycone\t1,5 g\t\t<br \/>W\u0119glowodany\t68 g\t\t<br \/>w tym cukry\t2,5 g\t\t\t<br \/>Bia\u0142ko 12 g\t\t<br \/>S\u00f3l\t2,6 g\t<\/p>\n<p>INFORMACJA ALERGENNA<br \/>Produkt mo\u017ce zawiera\u0107: ORZESZKI ZIEMNE, ORZECHY, nasiona SEZAMU.\t\t\t\t\t\t<\/p>\n<p>ZALECANE WARUNKI PRZECHOWYWANIA  <br \/>Przechowywa\u0107 w suchym i chodnym miejscu.\t\t\t\t<\/p>","protected":false},"excerpt":{"rendered":"<p>SK\u0141ADNIKI m\u0105ka PSZENNA, olej rzepakowy, MLEKO w proszku, SER (MLEKO, s\u00f3l, stabilizator: chlorek wapnia, kultury bakterii), barwnik: beta-karoten, JAJA w proszku, s\u00f3l, czosnek, pieprz, papryka ostra 0,7 %, kminek, lecytyna SOJOWA, substancja spulchniaj\u0105ca: w\u0119glany sodu. OPIS Babcianki to cieniutkie wafelki z pieca wypiekane na suchej p\u0142ycie. Okr\u0105g\u0142e, chrupi\u0105ce wafelki stanowi\u0105 idealn\u0105 przek\u0105sk\u0119. Bez dodatku cukru. [&hellip;]<\/p>","protected":false},"featured_media":8272,"comment_status":"closed","ping_status":"open","template":"","meta":{"_acf_changed":false},"product_brand":[],"product_cat":[1434,139],"product_tag":[],"class_list":{"0":"post-8271","1":"product","2":"type-product","3":"status-publish","4":"has-post-thumbnail","6":"product_cat-ciastka","7":"product_cat-slodycze-i-przekaski","8":"pa_ean-matka-6410","9":"pa_gwarancja-przydatnosci-324","10":"pa_ilosc-w-opakowaniu-674","11":"pa_jednostka-podstawowa-szt","12":"pa_kod-cn-1905-32-99","13":"pa_masa-netto-1863","14":"pa_objetosc-brutto-6403","15":"pa_producent-naturavena","16":"pa_producent-nazwa-adres-bio-planet-s-a-wilkowa-wies-7-05-084-leszno","17":"pa_tagi-bez-cukru-w-skladnikach","18":"pa_tagi-wegetarianski","20":"first","21":"instock","22":"taxable","23":"shipping-taxable","24":"purchasable","25":"product-type-simple"},"acf":[],"_links":{"self":[{"href":"https:\/\/wiejskieprzysmaki.estima.site\/en\/wp-json\/wp\/v2\/product\/8271","targetHints":{"allow":["GET"]}}],"collection":[{"href":"https:\/\/wiejskieprzysmaki.estima.site\/en\/wp-json\/wp\/v2\/product"}],"about":[{"href":"https:\/\/wiejskieprzysmaki.estima.site\/en\/wp-json\/wp\/v2\/types\/product"}],"replies":[{"embeddable":true,"href":"https:\/\/wiejskieprzysmaki.estima.site\/en\/wp-json\/wp\/v2\/comments?post=8271"}],"wp:featuredmedia":[{"embeddable":true,"href":"https:\/\/wiejskieprzysmaki.estima.site\/en\/wp-json\/wp\/v2\/media\/8272"}],"wp:attachment":[{"href":"https:\/\/wiejskieprzysmaki.estima.site\/en\/wp-json\/wp\/v2\/media?parent=8271"}],"wp:term":[{"taxonomy":"product_brand","embeddable":true,"href":"https:\/\/wiejskieprzysmaki.estima.site\/en\/wp-json\/wp\/v2\/product_brand?post=8271"},{"taxonomy":"product_cat","embeddable":true,"href":"https:\/\/wiejskieprzysmaki.estima.site\/en\/wp-json\/wp\/v2\/product_cat?post=8271"},{"taxonomy":"product_tag","embeddable":true,"href":"https:\/\/wiejskieprzysmaki.estima.site\/en\/wp-json\/wp\/v2\/product_tag?post=8271"}],"curies":[{"name":"wp","href":"https:\/\/api.w.org\/{rel}","templated":true}]}}