{"id":8281,"date":"2025-02-18T11:54:11","date_gmt":"2025-02-18T10:54:11","guid":{"rendered":"https:\/\/wiejskieprzysmaki.estima.site\/produkt\/babcianki-owsiane-bez-dodatku-cukrow-100-g-naturavena\/"},"modified":"2025-02-18T11:54:13","modified_gmt":"2025-02-18T10:54:13","slug":"babcianki-owsiane-bez-dodatku-cukrow-100-g-naturavena","status":"publish","type":"product","link":"https:\/\/wiejskieprzysmaki.estima.site\/en\/product\/babcianki-owsiane-bez-dodatku-cukrow-100-g-naturavena\/","title":{"rendered":"BABCIANKI OWSIANE BEZ DODATKU CUKR\u00d3W 100 g &#8211; NATURAVENA"},"content":{"rendered":"<p>SK\u0141ADNIKI  <br \/>m\u0105ka OWSIANA (50 %), m\u0105ka PSZENNA, olej rzepakowy, MLEKO w proszku pe\u0142ne, s\u00f3l.     \t\t\t\t\t<\/p>\n<p>OPIS  <br \/>Babcianki to cieniutkie wafelki z pieca wypiekane na suchej p\u0142ycie bez stosowania zb\u0119dnego t\u0142uszczu. Okr\u0105g\u0142e, chrupi\u0105ce ciasteczka stanowi\u0105 idealn\u0105 przek\u0105sk\u0119. Bez dodatku cukru. Zawiera naturalnie wyst\u0119puj\u0105ce cukry. Wysoka zawarto\u015b\u0107 b\u0142onnika pokarmowego, \u017cr\u00f3d\u0142o bia\u0142ka\t\t\t\t\t<\/p>\n<p>WARTO\u015a\u0106 OD\u017bYWCZA W 100 g <br \/>Warto\u015b\u0107 energetyczna 1896 kJ\/451 kcal\t\t<br \/>T\u0142uszcz\t12 g\t\t<br \/>w tym kwasy t\u0142uszczowe nasycone\t1,3 g\t\t<br \/>W\u0119glowodany\t68 g\t\t<br \/>w tym cukry\t3,9 g\t\t<br \/>B\u0142onnik\t8,8 g\t\t<br \/>Bia\u0142ko 14 g\t\t<br \/>S\u00f3l\t2,2 g<\/p>\n<p>INFORMACJA ALLERGENNA<br \/>Produkt mo\u017ce zawiera\u0107 : JAJA, ORZESZKI ZIEMNE, ORZECHY, nasiona SEZAMU i SOJ\u0118.\t\t<\/p>\n<p>ZALECANE WARUNKI PRZECHOWYWANIA  <br \/>Przechowywa\u0107 w suchym i ch\u0142odnym miejscu.\t\t\t\t<\/p>\n<p><\/p>","protected":false},"excerpt":{"rendered":"<p>SK\u0141ADNIKI m\u0105ka OWSIANA (50 %), m\u0105ka PSZENNA, olej rzepakowy, MLEKO w proszku pe\u0142ne, s\u00f3l. OPIS Babcianki to cieniutkie wafelki z pieca wypiekane na suchej p\u0142ycie bez stosowania zb\u0119dnego t\u0142uszczu. Okr\u0105g\u0142e, chrupi\u0105ce ciasteczka stanowi\u0105 idealn\u0105 przek\u0105sk\u0119. Bez dodatku cukru. Zawiera naturalnie wyst\u0119puj\u0105ce cukry. Wysoka zawarto\u015b\u0107 b\u0142onnika pokarmowego, \u017cr\u00f3d\u0142o bia\u0142ka WARTO\u015a\u0106 OD\u017bYWCZA W 100 g Warto\u015b\u0107 energetyczna [&hellip;]<\/p>","protected":false},"featured_media":8282,"comment_status":"closed","ping_status":"open","template":"","meta":{"_acf_changed":false},"product_brand":[],"product_cat":[1434,139],"product_tag":[],"class_list":{"0":"post-8281","1":"product","2":"type-product","3":"status-publish","4":"has-post-thumbnail","6":"product_cat-ciastka","7":"product_cat-slodycze-i-przekaski","8":"pa_ean-matka-6415","9":"pa_gwarancja-przydatnosci-324","10":"pa_ilosc-w-opakowaniu-674","11":"pa_jednostka-podstawowa-szt","12":"pa_kod-cn-1905-32-99","13":"pa_masa-netto-242","14":"pa_objetosc-brutto-6403","15":"pa_producent-naturavena","16":"pa_producent-nazwa-adres-bio-planet-s-a-wilkowa-wies-7-05-084-leszno","17":"pa_tagi-bez-cukru-w-skladnikach","18":"pa_tagi-wegetarianski","20":"first","21":"instock","22":"taxable","23":"shipping-taxable","24":"purchasable","25":"product-type-simple"},"acf":[],"_links":{"self":[{"href":"https:\/\/wiejskieprzysmaki.estima.site\/en\/wp-json\/wp\/v2\/product\/8281","targetHints":{"allow":["GET"]}}],"collection":[{"href":"https:\/\/wiejskieprzysmaki.estima.site\/en\/wp-json\/wp\/v2\/product"}],"about":[{"href":"https:\/\/wiejskieprzysmaki.estima.site\/en\/wp-json\/wp\/v2\/types\/product"}],"replies":[{"embeddable":true,"href":"https:\/\/wiejskieprzysmaki.estima.site\/en\/wp-json\/wp\/v2\/comments?post=8281"}],"wp:featuredmedia":[{"embeddable":true,"href":"https:\/\/wiejskieprzysmaki.estima.site\/en\/wp-json\/wp\/v2\/media\/8282"}],"wp:attachment":[{"href":"https:\/\/wiejskieprzysmaki.estima.site\/en\/wp-json\/wp\/v2\/media?parent=8281"}],"wp:term":[{"taxonomy":"product_brand","embeddable":true,"href":"https:\/\/wiejskieprzysmaki.estima.site\/en\/wp-json\/wp\/v2\/product_brand?post=8281"},{"taxonomy":"product_cat","embeddable":true,"href":"https:\/\/wiejskieprzysmaki.estima.site\/en\/wp-json\/wp\/v2\/product_cat?post=8281"},{"taxonomy":"product_tag","embeddable":true,"href":"https:\/\/wiejskieprzysmaki.estima.site\/en\/wp-json\/wp\/v2\/product_tag?post=8281"}],"curies":[{"name":"wp","href":"https:\/\/api.w.org\/{rel}","templated":true}]}}