{"id":8285,"date":"2025-02-18T11:54:11","date_gmt":"2025-02-18T10:54:11","guid":{"rendered":"https:\/\/wiejskieprzysmaki.estima.site\/produkt\/babcianki-o-smaku-smietankowym-100-g-naturavena\/"},"modified":"2025-02-18T11:54:15","modified_gmt":"2025-02-18T10:54:15","slug":"babcianki-o-smaku-smietankowym-100-g-naturavena","status":"publish","type":"product","link":"https:\/\/wiejskieprzysmaki.estima.site\/en\/product\/babcianki-o-smaku-smietankowym-100-g-naturavena\/","title":{"rendered":"BABCIANKI O SMAKU \u015aMIETANKOWYM 100 g &#8211; NATURAVENA"},"content":{"rendered":"<p>SK\u0141ADNIKI <br \/>m\u0105ka PSZENNA 81 %, p\u0142atki OWSIANE 9,7 %, cukier, olej rzepakowy, aromat \u015bmietankowy. <\/p>\n<p>OPIS <br \/>Babcianki to cieniutkie wafelki wypiekane na suchej p\u0142ycie. Okr\u0105g\u0142e, chrupi\u0105ce wafelki stanowi\u0105 idealn\u0105 przek\u0105sk\u0119. <\/p>\n<p>WARTO\u015a\u0106 OD\u017bYWCZA W 100 g <br \/>Warto\u015b\u0107 energetyczna 1579 kJ\/373 kcal <br \/>T\u0142uszcz 4,1 g <br \/>w tym kwasy t\u0142uszczowe nasycone 0,5 g <br \/>W\u0119glowodany 73 g <br \/>w tym cukry 6,7 g <br \/>B\u0142onnik 2,5 g <br \/>Bia\u0142ko 9,4 g <br \/>S\u00f3l 0,05 g <\/p>\n<p>INFORMACJA ALERGENNA\t<br \/>Produkt mo\u017ce zawiera\u0107: MLEKO (\u0142\u0105cznie z laktoz\u0105), NASIONA SEZAMU <\/p>\n<p>ZALECANE WARUNKI PRZECHOWYWANIA <br \/>Przechowywa\u0107 w suchym i ch\u0142odnym miejscu.<\/p>\n<p><\/p>","protected":false},"excerpt":{"rendered":"<p>SK\u0141ADNIKI m\u0105ka PSZENNA 81 %, p\u0142atki OWSIANE 9,7 %, cukier, olej rzepakowy, aromat \u015bmietankowy. OPIS Babcianki to cieniutkie wafelki wypiekane na suchej p\u0142ycie. Okr\u0105g\u0142e, chrupi\u0105ce wafelki stanowi\u0105 idealn\u0105 przek\u0105sk\u0119. WARTO\u015a\u0106 OD\u017bYWCZA W 100 g Warto\u015b\u0107 energetyczna 1579 kJ\/373 kcal T\u0142uszcz 4,1 g w tym kwasy t\u0142uszczowe nasycone 0,5 g W\u0119glowodany 73 g w tym cukry [&hellip;]<\/p>","protected":false},"featured_media":8286,"comment_status":"closed","ping_status":"open","template":"","meta":{"_acf_changed":false},"product_brand":[],"product_cat":[1434,139],"product_tag":[],"class_list":{"0":"post-8285","1":"product","2":"type-product","3":"status-publish","4":"has-post-thumbnail","6":"product_cat-ciastka","7":"product_cat-slodycze-i-przekaski","8":"pa_ean-matka-6417","9":"pa_gwarancja-przydatnosci-311","10":"pa_ilosc-w-opakowaniu-327","11":"pa_jednostka-podstawowa-szt","12":"pa_kod-cn-1905-90-20","13":"pa_masa-netto-242","14":"pa_objetosc-brutto-545","15":"pa_producent-naturavena","16":"pa_producent-nazwa-adres-bio-planet-s-a-wilkowa-wies-7-05-084-leszno","17":"pa_tagi-wegetarianski","19":"first","20":"instock","21":"taxable","22":"shipping-taxable","23":"purchasable","24":"product-type-simple"},"acf":[],"_links":{"self":[{"href":"https:\/\/wiejskieprzysmaki.estima.site\/en\/wp-json\/wp\/v2\/product\/8285","targetHints":{"allow":["GET"]}}],"collection":[{"href":"https:\/\/wiejskieprzysmaki.estima.site\/en\/wp-json\/wp\/v2\/product"}],"about":[{"href":"https:\/\/wiejskieprzysmaki.estima.site\/en\/wp-json\/wp\/v2\/types\/product"}],"replies":[{"embeddable":true,"href":"https:\/\/wiejskieprzysmaki.estima.site\/en\/wp-json\/wp\/v2\/comments?post=8285"}],"wp:featuredmedia":[{"embeddable":true,"href":"https:\/\/wiejskieprzysmaki.estima.site\/en\/wp-json\/wp\/v2\/media\/8286"}],"wp:attachment":[{"href":"https:\/\/wiejskieprzysmaki.estima.site\/en\/wp-json\/wp\/v2\/media?parent=8285"}],"wp:term":[{"taxonomy":"product_brand","embeddable":true,"href":"https:\/\/wiejskieprzysmaki.estima.site\/en\/wp-json\/wp\/v2\/product_brand?post=8285"},{"taxonomy":"product_cat","embeddable":true,"href":"https:\/\/wiejskieprzysmaki.estima.site\/en\/wp-json\/wp\/v2\/product_cat?post=8285"},{"taxonomy":"product_tag","embeddable":true,"href":"https:\/\/wiejskieprzysmaki.estima.site\/en\/wp-json\/wp\/v2\/product_tag?post=8285"}],"curies":[{"name":"wp","href":"https:\/\/api.w.org\/{rel}","templated":true}]}}