{"id":8299,"date":"2025-02-18T11:54:20","date_gmt":"2025-02-18T10:54:20","guid":{"rendered":"https:\/\/wiejskieprzysmaki.estima.site\/produkt\/mieszanka-na-brownie-bezglutenowa-300-g-celiko\/"},"modified":"2025-02-18T11:54:22","modified_gmt":"2025-02-18T10:54:22","slug":"mieszanka-na-brownie-bezglutenowa-300-g-celiko","status":"publish","type":"product","link":"https:\/\/wiejskieprzysmaki.estima.site\/en\/product\/mieszanka-na-brownie-bezglutenowa-300-g-celiko\/","title":{"rendered":"MIESZANKA NA BROWNIE BEZGLUTENOWA 300 g &#8211; CELIKO"},"content":{"rendered":"<p>SK\u0141ADNIKI<br \/>cukier, m\u0105ka ry\u017cowa, skrobia kukurydziana, skrobia ziemniaczana, kakao o obni\u017conej zawarto\u015bci t\u0142uszczu (10-12 %)- 8 %, czekolada (miazga kakaowa, cukier, kakao o obni\u017conej zawarto\u015bci t\u0142uszczu, emulgator:\u00a0lecytyny (z SOI))- 4 %, b\u0142onnik kakaowy, aromat, s\u00f3l. <\/p>\n<p>OPIS <br \/>Koncentrat ciasta bezglutenowego w proszku Brownie. <br \/>Produkt odpowiedni dla wegan i wegetarian.<\/p>\n<p>WARTO\u015a\u0106 OD\u017bYWCZA W 100 g<br \/>Warto\u015b\u0107 energetyczna: 1547 kJ\/365 kcal<br \/>T\u0142uszcz: 1,5 g<br \/>w tym kwasy t\u0142uszczowe nasycone: 0,9 g<br \/>W\u0119glowodany: 81 g<br \/>w tym cukry: 52 g<br \/>B\u0142onnik: 6,0 g<br \/>Bia\u0142ko: 3,9 g<br \/>S\u00f3l: 0,48 g <\/p>\n<p>SPOS\u00d3B PRZYGOTOWANIA<br \/>&#8211; 300 g koncentratu BROWNIE<br \/>&#8211; 100 ml oleju<br \/>&#8211; 35 ml wody<br \/>&#8211; 1 jajo<br \/>Wykonanie:<br \/>&#8211; Koncentrat ciasta wsypa\u0107 do miski.<br \/>&#8211; Nast\u0119pnie wbi\u0107 jajo, wla\u0107 wod\u0119 i olej.<br \/>&#8211; Miksowa\u0107 tylko do po\u0142\u0105czenia sk\u0142adnik\u00f3w.<br \/>&#8211; Piec 30 minut w 180 &#8211; 190 stopni Celsjusza w blaszce o \u015brednicy 20 cm.<\/p>\n<p>Sk\u0142adniki potrzebne do ciasta dla wegan:<br \/>&#8211; 300 g koncentratu BROWNIE<br \/>&#8211; 100 ml oleju<br \/>&#8211; 135 ml wody<br \/>&#8211; 1 \u0142y\u017cka mielonego siemienia lnianego<br \/>Wykonanie: <br \/>&#8211; Koncentrat ciasta wbi\u0107 do miski<br \/>&#8211; Siemi\u0119 lniane zala\u0107 wod\u0105 i odstawi\u0107 na 5 min.<br \/>&#8211; Nast\u0119pnie wla\u0107 do koncentratu siemi\u0119 oraz olej<br \/>&#8211; Miksowa\u0107 tylko do po\u0142\u0105czenia sk\u0142adnik\u00f3w<br \/>&#8211; Piec 30 minut w 180 &#8211; 190 stopni Celsjusza w blaszce o \u015brednicy 20 cm.<\/p>\n<p>UWAGA<br \/>Ciasto wega\u0144skie przygotujesz r\u00f3wnie\u017c stosuj\u0105c inne ni\u017c siemi\u0119 lniane zamienniki jajka. Pami\u0119taj wtedy, aby u\u017cy\u0107 odpowiedniej ilo\u015bci wody.<\/p>\n<p>INFORMACJA ALERGENNA<br \/>Mo\u017ce zawiera\u0107 mleko\u00a0i produkty pochodne. <\/p>\n<p>ZALECANE WARUNKI PRZECHOWYWANIA<br \/>Przechowywa\u0107 w suchym i ch\u0142odnym miejscu.<\/p>","protected":false},"excerpt":{"rendered":"<p>SK\u0141ADNIKIcukier, m\u0105ka ry\u017cowa, skrobia kukurydziana, skrobia ziemniaczana, kakao o obni\u017conej zawarto\u015bci t\u0142uszczu (10-12 %)- 8 %, czekolada (miazga kakaowa, cukier, kakao o obni\u017conej zawarto\u015bci t\u0142uszczu, emulgator:\u00a0lecytyny (z SOI))- 4 %, b\u0142onnik kakaowy, aromat, s\u00f3l. OPIS Koncentrat ciasta bezglutenowego w proszku Brownie. Produkt odpowiedni dla wegan i wegetarian. WARTO\u015a\u0106 OD\u017bYWCZA W 100 gWarto\u015b\u0107 energetyczna: 1547 kJ\/365 [&hellip;]<\/p>","protected":false},"featured_media":8300,"comment_status":"closed","ping_status":"open","template":"","meta":{"_acf_changed":false},"product_brand":[],"product_cat":[722],"product_tag":[],"class_list":{"0":"post-8299","1":"product","2":"type-product","3":"status-publish","4":"has-post-thumbnail","6":"product_cat-mieszanki-do-przygotowywania-potraw","7":"pa_ean-matka-6426","8":"pa_gwarancja-przydatnosci-311","9":"pa_ilosc-w-opakowaniu-350","10":"pa_jednostka-podstawowa-szt","11":"pa_kod-cn-1901-20-00","12":"pa_masa-netto-207","13":"pa_objetosc-brutto-6425","14":"pa_producent-celiko-batony-galaretki-mieszanki-do-wypiekow","15":"pa_producent-nazwa-adres-celiko-sa-ul-sw-antoniego-71-61-359-poznan","16":"pa_tagi-bez-glutenu-deklaracja","17":"pa_tagi-bez-glutenu-w-skladnikach","18":"pa_tagi-weganski","19":"pa_tagi-wegetarianski","21":"first","22":"instock","23":"taxable","24":"shipping-taxable","25":"purchasable","26":"product-type-simple"},"acf":[],"_links":{"self":[{"href":"https:\/\/wiejskieprzysmaki.estima.site\/en\/wp-json\/wp\/v2\/product\/8299","targetHints":{"allow":["GET"]}}],"collection":[{"href":"https:\/\/wiejskieprzysmaki.estima.site\/en\/wp-json\/wp\/v2\/product"}],"about":[{"href":"https:\/\/wiejskieprzysmaki.estima.site\/en\/wp-json\/wp\/v2\/types\/product"}],"replies":[{"embeddable":true,"href":"https:\/\/wiejskieprzysmaki.estima.site\/en\/wp-json\/wp\/v2\/comments?post=8299"}],"wp:featuredmedia":[{"embeddable":true,"href":"https:\/\/wiejskieprzysmaki.estima.site\/en\/wp-json\/wp\/v2\/media\/8300"}],"wp:attachment":[{"href":"https:\/\/wiejskieprzysmaki.estima.site\/en\/wp-json\/wp\/v2\/media?parent=8299"}],"wp:term":[{"taxonomy":"product_brand","embeddable":true,"href":"https:\/\/wiejskieprzysmaki.estima.site\/en\/wp-json\/wp\/v2\/product_brand?post=8299"},{"taxonomy":"product_cat","embeddable":true,"href":"https:\/\/wiejskieprzysmaki.estima.site\/en\/wp-json\/wp\/v2\/product_cat?post=8299"},{"taxonomy":"product_tag","embeddable":true,"href":"https:\/\/wiejskieprzysmaki.estima.site\/en\/wp-json\/wp\/v2\/product_tag?post=8299"}],"curies":[{"name":"wp","href":"https:\/\/api.w.org\/{rel}","templated":true}]}}