{"id":8323,"date":"2025-02-18T11:54:31","date_gmt":"2025-02-18T10:54:31","guid":{"rendered":"https:\/\/wiejskieprzysmaki.estima.site\/produkt\/cukier-wanilinowy-bezglutenowy-32-g-celiko\/"},"modified":"2025-02-18T11:54:34","modified_gmt":"2025-02-18T10:54:34","slug":"cukier-wanilinowy-bezglutenowy-32-g-celiko","status":"publish","type":"product","link":"https:\/\/wiejskieprzysmaki.estima.site\/en\/product\/cukier-wanilinowy-bezglutenowy-32-g-celiko\/","title":{"rendered":"CUKIER WANILINOWY BEZGLUTENOWY 32 g &#8211; CELIKO"},"content":{"rendered":"<p>SK\u0141ADNIKI <br \/>cukier, aromat: etylowanilina. <\/p>\n<p>OPIS <br \/>Idealnie nadaje si\u0119 do przygotowywania domowych ciast i wypiek\u00f3w, a tak\u017ce jako sk\u0142adnik deser\u00f3w r\u00f3\u017cnego typu. <\/p>\n<p>Przepis na ciasto dro\u017cd\u017cowe<br \/>Sk\u0142adniki:<br \/>&#8211; 1 koncentrat ciasta dro\u017cd\u017cowego w proszku Celiko 200 g<br \/>&#8211; 2 jaja<br \/>&#8211; 150 ml mleka<br \/>&#8211; 30 g roztopionego MAS\u0141A lub oleju<br \/>&#8211; 1 &#8211; 2 \u0142y\u017ceczki cukru wanilinowego<\/p>\n<p>Spos\u00f3b przyrz\u0105dzenia:<br \/>1. Do miski przesiej koncentrat m\u0105ki, wbij JAJA i wlej ciep\u0142e MLEKO o temperaturze max. 30 stopni Celsjusza. Wyrabiaj mikserem ok. 3 minut lub r\u0119cznie, a\u017c masa b\u0119dzie g\u0142adka, jednolita i b\u0142yszcz\u0105ca.<br \/>2. Wlej t\u0142uszcz i wyrabiaj jeszcze ok. 2 minut. Ciasto prze\u0142\u00f3\u017c do foremki (\u015brednica ok. 20 cm) nasmarowanej t\u0142uszczem lub wy\u0142o\u017conej pergaminem i pozostaw do wyro\u015bni\u0119cia w ciep\u0142ym miejscu na ok. 30 minut.<br \/>3. Ciasto w\u0142\u00f3\u017c do nagrzanego piekarnika, piecz w temperaturze 180 stopni Celsjusza, oko\u0142o 30 minut. <br \/>4. Gotowe ciasto mo\u017cna dodatkowo posypa\u0107 cukrem pudrem lub polukrowa\u0107.<\/p>\n<p>ZALECANE WARUNKI PRZECHOWYWANIA<br \/>Przechowywa\u0107 w suchym i ch\u0142odnym miejscu.<\/p>","protected":false},"excerpt":{"rendered":"<p>SK\u0141ADNIKI cukier, aromat: etylowanilina. OPIS Idealnie nadaje si\u0119 do przygotowywania domowych ciast i wypiek\u00f3w, a tak\u017ce jako sk\u0142adnik deser\u00f3w r\u00f3\u017cnego typu. Przepis na ciasto dro\u017cd\u017coweSk\u0142adniki:&#8211; 1 koncentrat ciasta dro\u017cd\u017cowego w proszku Celiko 200 g&#8211; 2 jaja&#8211; 150 ml mleka&#8211; 30 g roztopionego MAS\u0141A lub oleju&#8211; 1 &#8211; 2 \u0142y\u017ceczki cukru wanilinowego Spos\u00f3b przyrz\u0105dzenia:1. Do miski [&hellip;]<\/p>","protected":false},"featured_media":8324,"comment_status":"closed","ping_status":"open","template":"","meta":{"_acf_changed":false},"product_brand":[],"product_cat":[36],"product_tag":[],"class_list":{"0":"post-8323","1":"product","2":"type-product","3":"status-publish","4":"has-post-thumbnail","6":"product_cat-dodatki-do-wypiekow-i-deserow","7":"pa_ean-matka-6439","8":"pa_gwarancja-przydatnosci-311","9":"pa_ilosc-w-opakowaniu-322","10":"pa_jednostka-podstawowa-szt","11":"pa_kod-cn-1701-91-00","12":"pa_masa-netto-2302","13":"pa_objetosc-brutto-1272","14":"pa_producent-celiko-batony-galaretki-mieszanki-do-wypiekow","15":"pa_producent-nazwa-adres-celiko-sa-ul-sw-antoniego-71-61-359-poznan","16":"pa_tagi-bez-glutenu-deklaracja","17":"pa_tagi-bez-glutenu-w-skladnikach","18":"pa_tagi-weganski","19":"pa_tagi-wegetarianski","21":"first","22":"instock","23":"taxable","24":"shipping-taxable","25":"purchasable","26":"product-type-simple"},"acf":[],"_links":{"self":[{"href":"https:\/\/wiejskieprzysmaki.estima.site\/en\/wp-json\/wp\/v2\/product\/8323","targetHints":{"allow":["GET"]}}],"collection":[{"href":"https:\/\/wiejskieprzysmaki.estima.site\/en\/wp-json\/wp\/v2\/product"}],"about":[{"href":"https:\/\/wiejskieprzysmaki.estima.site\/en\/wp-json\/wp\/v2\/types\/product"}],"replies":[{"embeddable":true,"href":"https:\/\/wiejskieprzysmaki.estima.site\/en\/wp-json\/wp\/v2\/comments?post=8323"}],"wp:featuredmedia":[{"embeddable":true,"href":"https:\/\/wiejskieprzysmaki.estima.site\/en\/wp-json\/wp\/v2\/media\/8324"}],"wp:attachment":[{"href":"https:\/\/wiejskieprzysmaki.estima.site\/en\/wp-json\/wp\/v2\/media?parent=8323"}],"wp:term":[{"taxonomy":"product_brand","embeddable":true,"href":"https:\/\/wiejskieprzysmaki.estima.site\/en\/wp-json\/wp\/v2\/product_brand?post=8323"},{"taxonomy":"product_cat","embeddable":true,"href":"https:\/\/wiejskieprzysmaki.estima.site\/en\/wp-json\/wp\/v2\/product_cat?post=8323"},{"taxonomy":"product_tag","embeddable":true,"href":"https:\/\/wiejskieprzysmaki.estima.site\/en\/wp-json\/wp\/v2\/product_tag?post=8323"}],"curies":[{"name":"wp","href":"https:\/\/api.w.org\/{rel}","templated":true}]}}