{"id":8347,"date":"2025-02-18T11:54:41","date_gmt":"2025-02-18T10:54:41","guid":{"rendered":"https:\/\/wiejskieprzysmaki.estima.site\/produkt\/baton-energy-kokos-guarana-50-g-paliwo-dla-aktywnych\/"},"modified":"2025-02-18T11:54:46","modified_gmt":"2025-02-18T10:54:46","slug":"baton-energy-kokos-guarana-50-g-paliwo-dla-aktywnych","status":"publish","type":"product","link":"https:\/\/wiejskieprzysmaki.estima.site\/en\/product\/baton-energy-kokos-guarana-50-g-paliwo-dla-aktywnych\/","title":{"rendered":"BATON ENERGY KOKOS + GUARANA 50 g &#8211; PALIWO DLA AKTYWNYCH"},"content":{"rendered":"<p>SK\u0141ADNIKI <br \/>suszone daktyle 62,4 %, wi\u00f3rki kokosowe 25 %, izolat bia\u0142ka serwatkowego WPI90 (z MLEKA), mielone nasiona guarany (Paullinia cupana) 4 %, substancja konserwuj\u0105ca:kwas askorbinowy.<\/p>\n<p>OPIS<br \/>Baton szczeg\u00f3lnie przeznaczony dla os\u00f3b aktywnych fizycznie. Bogaty w pe\u0142nowarto\u015bciowe bia\u0142ko WPI90 i kofein\u0119. Zjedzenie batona energetycznego po wysi\u0142ku pozwoli szybko zregenerowa\u0107 si\u0119 i odzyska\u0107 si\u0142y. Baton energetyczny warto je\u015b\u0107 tak\u017ce przed fizycznym wysi\u0142kiem, poniewa\u017c ze wzgl\u0119du na niski indeks glikemiczny produktu pozwala d\u0142ugo utrzymywa\u0107 energi\u0119 i wydajno\u015b\u0107.<br \/>Bez oleju palmowego, bez dodatku cukr\u00f3w, zawiera naturalnie wyst\u0119puj\u0105ce cukry, wysoka zawarto\u015b\u0107 b\u0142onnika pokarmowego.<\/p>\n<p>WARTO\u015a\u0106 OD\u017bYWCZA W 100 g<br \/>Warto\u015b\u0107 energetyczna 1672 kJ\/399 kcal<br \/>T\u0142uszcz 17 g<br \/>w tym kwasy t\u0142uszczowe nasycone 15 g<br \/>W\u0119glowodany 51 g<br \/>w tym cukry 49 g<br \/>B\u0142onnik 8,6 g<br \/>Bia\u0142ko 6,9 g<br \/>S\u00f3l 0,04 g<\/p>\n<p>INFORMACJA ALERGENNA\t<br \/>Produkt mo\u017ce zawiera\u0107: MLEKO, ORZESZKI ZIEMNE, ORZECHY, nasiona SEZAMU.<\/p>\n<p>ZALECANE WARUNKI PRZECHOWYWANIA  <br \/>Przechowywa\u0107 w suchym i ch\u0142odnym miejscu.<\/p>","protected":false},"excerpt":{"rendered":"<p>SK\u0141ADNIKI suszone daktyle 62,4 %, wi\u00f3rki kokosowe 25 %, izolat bia\u0142ka serwatkowego WPI90 (z MLEKA), mielone nasiona guarany (Paullinia cupana) 4 %, substancja konserwuj\u0105ca:kwas askorbinowy. OPISBaton szczeg\u00f3lnie przeznaczony dla os\u00f3b aktywnych fizycznie. Bogaty w pe\u0142nowarto\u015bciowe bia\u0142ko WPI90 i kofein\u0119. Zjedzenie batona energetycznego po wysi\u0142ku pozwoli szybko zregenerowa\u0107 si\u0119 i odzyska\u0107 si\u0142y. Baton energetyczny warto je\u015b\u0107 [&hellip;]<\/p>","protected":false},"featured_media":8348,"comment_status":"closed","ping_status":"open","template":"","meta":{"_acf_changed":false},"product_brand":[],"product_cat":[465,139],"product_tag":[],"class_list":{"0":"post-8347","1":"product","2":"type-product","3":"status-publish","4":"has-post-thumbnail","6":"product_cat-batony-wafelki-sezamki","7":"product_cat-slodycze-i-przekaski","8":"pa_ean-matka-6452","9":"pa_gwarancja-przydatnosci-324","10":"pa_ilosc-w-opakowaniu-327","11":"pa_jednostka-podstawowa-szt","12":"pa_kod-cn-2008-97-98","13":"pa_masa-netto-461","14":"pa_objetosc-brutto-6449","15":"pa_producent-paliwo-dla-aktywnych-batony-kremy-orzechowe","16":"pa_producent-nazwa-adres-bio-planet-s-a-wilkowa-wies-7-05-084-leszno","17":"pa_tagi-bez-cukru-w-skladnikach","18":"pa_tagi-bez-glutenu-w-skladnikach","19":"pa_tagi-wegetarianski","21":"first","22":"instock","23":"taxable","24":"shipping-taxable","25":"purchasable","26":"product-type-simple"},"acf":[],"_links":{"self":[{"href":"https:\/\/wiejskieprzysmaki.estima.site\/en\/wp-json\/wp\/v2\/product\/8347","targetHints":{"allow":["GET"]}}],"collection":[{"href":"https:\/\/wiejskieprzysmaki.estima.site\/en\/wp-json\/wp\/v2\/product"}],"about":[{"href":"https:\/\/wiejskieprzysmaki.estima.site\/en\/wp-json\/wp\/v2\/types\/product"}],"replies":[{"embeddable":true,"href":"https:\/\/wiejskieprzysmaki.estima.site\/en\/wp-json\/wp\/v2\/comments?post=8347"}],"wp:featuredmedia":[{"embeddable":true,"href":"https:\/\/wiejskieprzysmaki.estima.site\/en\/wp-json\/wp\/v2\/media\/8348"}],"wp:attachment":[{"href":"https:\/\/wiejskieprzysmaki.estima.site\/en\/wp-json\/wp\/v2\/media?parent=8347"}],"wp:term":[{"taxonomy":"product_brand","embeddable":true,"href":"https:\/\/wiejskieprzysmaki.estima.site\/en\/wp-json\/wp\/v2\/product_brand?post=8347"},{"taxonomy":"product_cat","embeddable":true,"href":"https:\/\/wiejskieprzysmaki.estima.site\/en\/wp-json\/wp\/v2\/product_cat?post=8347"},{"taxonomy":"product_tag","embeddable":true,"href":"https:\/\/wiejskieprzysmaki.estima.site\/en\/wp-json\/wp\/v2\/product_tag?post=8347"}],"curies":[{"name":"wp","href":"https:\/\/api.w.org\/{rel}","templated":true}]}}